{"id":5750,"date":"2025-12-05T11:56:04","date_gmt":"2025-12-05T09:56:04","guid":{"rendered":"https:\/\/flamaecol.sk\/?post_type=product&#038;p=5750"},"modified":"2025-12-05T12:25:48","modified_gmt":"2025-12-05T10:25:48","slug":"spartherm-premium-arte-u50h","status":"publish","type":"product","link":"https:\/\/flamaecol.sk\/en\/produkt\/spartherm-premium-arte-u50h\/","title":{"rendered":"Spartherm Premium Arte U50h"},"content":{"rendered":"<h2>Spartherm Premium Arte U50h <br class=\"avia-permanent-lb\" \/><br class=\"avia-permanent-lb\" \/><\/h2>\n<div><span class=\"x3jgonx\">Trojstrann\u00e9 presklenie d\u00e1va krbu ve\u013emi zvl\u00e1\u0161tnu h\u013abku a d\u00e1va priestor oh\u0148u, aby sa rozvinul fascinuj\u00facim sp\u00f4sobom. <br class=\"avia-permanent-lb\" \/>T\u00e1to pr\u00e9miov\u00e1 krbov\u00e1 vlo\u017eka je v\u010faka svojej ve\u013ekorysej h\u013abke ide\u00e1lna aj ako predel miestnosti. <br class=\"avia-permanent-lb\" \/>V\u0161etky krby z ed\u00edcie Premium zaru\u010duj\u00fa \u010dist\u00e9 horenie a p\u00f4sobiv\u00fa vrstvu \u017eerav\u00fdch uhl\u00edkov v\u010faka dodato\u010dn\u00e9mu vzduchu priv\u00e1dzan\u00e9mu na prah dver\u00ed. <br class=\"avia-permanent-lb\" \/>Aj v tomto extravagantnom form\u00e1te, ako pri v\u0161etk\u00fdch krbov\u00fdch vlo\u017ek\u00e1ch v ed\u00edcii Premium, je mo\u017en\u00e9 sklo otv\u00e1ra\u0165 elektricky stla\u010den\u00edm tla\u010didla.<\/span><\/div>\n<div><span class=\"x3jgonx\"><br class=\"avia-permanent-lb\" \/><strong>TECHNICK\u00c9 PARAMETRE:<\/strong><br \/>\n<\/span><\/div>\n<ul>\n<li>Energetick\u00e1 trieda A+<\/li>\n<li>Nomin\u00e1lny v\u00fdkon 9,3 kW<\/li>\n<li>Regula\u010dn\u00fd rozsah 6,5 &#8211; 12,1 kW<\/li>\n<li>V\u00e1ha 400 kg<\/li>\n<li>Vysok\u00e1 \u00fa\u010dinnos\u0165 &gt; 80 %<\/li>\n<li>Extern\u00fd pr\u00edsun vzduchu 150 mm<\/li>\n<li><span class=\"x3jgonx\">Rozmery <\/span><span class=\"x3jgonx\">D\u013a\u017eka\/H\u013abka\/Hr\u00fabka 747 mm<\/span><\/li>\n<li><span class=\"x3jgonx\">\u0160\u00edrka 675 mm<\/span><\/li>\n<li><span class=\"x3jgonx\">V\u00fd\u0161ka 1472 mm<\/span><\/li>\n<li><span class=\"x3jgonx\">Rozmery skla<\/span><\/li>\n<li><span class=\"x3jgonx\">\u013dav\u00e1 \u0161\u00edrka dvierok 54 cm<\/span><\/li>\n<li><span class=\"x3jgonx\">Prav\u00e1 \u0161\u00edrka dvierok 54 cm<\/span><\/li>\n<li><span class=\"x3jgonx\">\u0160\u00edrka dvierok 51 cm<\/span><\/li>\n<li><span class=\"x3jgonx\">V\u00fd\u0161ka dvierok 50,1 cm <br class=\"avia-permanent-lb\" \/><br class=\"avia-permanent-lb\" \/>Cena platn\u00e1 pre verziu : <br class=\"avia-permanent-lb\" \/>S-Kamatik 2 Premium A-U-50h ( pr\u00edvod vzduchu sa men\u00ed na 200mm)<br \/>\nSesam 2 A-U-50H Premium, elektronick\u00e9 otv\u00e1ranie dvierok<\/span><\/li>\n<\/ul>\n","protected":false},"excerpt":{"rendered":"<p>Krbov\u00e1 vlo\u017eka v tvare U ,presklenie z troch str\u00e1n. Otv\u00e1ranie dver\u00ed elektronicky.<\/p>\n","protected":false},"featured_media":5721,"comment_status":"open","ping_status":"closed","template":"","meta":[],"product_brand":[],"product_cat":[222,263],"product_tag":[],"class_list":{"0":"post-5750","1":"product","2":"type-product","3":"status-publish","4":"has-post-thumbnail","6":"product_cat-krbove-vlozky","7":"product_cat-akcie","9":"first","10":"instock","11":"sale","12":"featured","13":"taxable","14":"shipping-taxable","15":"purchasable","16":"product-type-simple"},"_links":{"self":[{"href":"https:\/\/flamaecol.sk\/en\/wp-json\/wp\/v2\/product\/5750","targetHints":{"allow":["GET"]}}],"collection":[{"href":"https:\/\/flamaecol.sk\/en\/wp-json\/wp\/v2\/product"}],"about":[{"href":"https:\/\/flamaecol.sk\/en\/wp-json\/wp\/v2\/types\/product"}],"replies":[{"embeddable":true,"href":"https:\/\/flamaecol.sk\/en\/wp-json\/wp\/v2\/comments?post=5750"}],"wp:featuredmedia":[{"embeddable":true,"href":"https:\/\/flamaecol.sk\/en\/wp-json\/wp\/v2\/media\/5721"}],"wp:attachment":[{"href":"https:\/\/flamaecol.sk\/en\/wp-json\/wp\/v2\/media?parent=5750"}],"wp:term":[{"taxonomy":"product_brand","embeddable":true,"href":"https:\/\/flamaecol.sk\/en\/wp-json\/wp\/v2\/product_brand?post=5750"},{"taxonomy":"product_cat","embeddable":true,"href":"https:\/\/flamaecol.sk\/en\/wp-json\/wp\/v2\/product_cat?post=5750"},{"taxonomy":"product_tag","embeddable":true,"href":"https:\/\/flamaecol.sk\/en\/wp-json\/wp\/v2\/product_tag?post=5750"}],"curies":[{"name":"wp","href":"https:\/\/api.w.org\/{rel}","templated":true}]}}