{"id":5720,"date":"2025-12-03T14:18:00","date_gmt":"2025-12-03T12:18:00","guid":{"rendered":"https:\/\/flamaecol.sk\/?post_type=product&#038;p=5720"},"modified":"2025-12-05T12:35:02","modified_gmt":"2025-12-05T10:35:02","slug":"krbova-vlozka-spartherm-arte-u-50-h","status":"publish","type":"product","link":"https:\/\/flamaecol.sk\/en\/produkt\/krbova-vlozka-spartherm-arte-u-50-h\/","title":{"rendered":"Spartherm Arte U50h"},"content":{"rendered":"<h2>Spartherm Arte U50h <br class=\"avia-permanent-lb\" \/><br class=\"avia-permanent-lb\" \/><\/h2>\n<div><span class=\"x3jgonx\">Ohe\u0148 tejto exkluz\u00edvnej krbovej vlo\u017eky je z troch str\u00e1n obklopen\u00fd len sklom. <br class=\"avia-permanent-lb\" \/>To umo\u017e\u0148uje oh\u0148u rozvin\u00fa\u0165 svoju fascin\u00e1ciu naplno. <br class=\"avia-permanent-lb\" \/>A tie\u017e v\u00e1m poskytne pote\u0161enie z usporiadania oh\u0148a v strede miestnosti.<\/span><\/div>\n<div><span class=\"x3jgonx\">Trojstrann\u00e1 krbov\u00e1 vlo\u017eka dod\u00e1 krbu z\u00e1klad pre tvorbu origin\u00e1lneho dizajnu. <br class=\"avia-permanent-lb\" \/>Krbov\u00e9 vlo\u017eky s\u00fa dod\u00e1van\u00e9 s horev\u00fdsuvn\u00fdmi dvierkami a jednosklom. <br class=\"avia-permanent-lb\" \/><br class=\"avia-permanent-lb\" \/><strong>TECHNICK\u00c9 PARAMETRE:<\/strong><br \/>\n<\/span><\/div>\n<ul>\n<li>Energetick\u00e1 trieda A+<\/li>\n<li>Nomin\u00e1lny v\u00fdkon 9,3 kW<\/li>\n<li>Regula\u010dn\u00fd rozsah 6,5 &#8211; 12,1 kW<\/li>\n<li>V\u00e1ha 235 kg<\/li>\n<li>Vysok\u00e1 \u00fa\u010dinnos\u0165 &gt; 80 %<\/li>\n<li>Extern\u00fd pr\u00edsun vzduchu 150 mm<\/li>\n<li>V\u00fd\u0161ka dvierok 490 mm<\/li>\n<li>\u0160\u00edrka dvierok 530\/530\/510 mm <br class=\"avia-permanent-lb\" \/><br class=\"avia-permanent-lb\" \/>Akciov\u00e1 cena platn\u00e1 vr\u00e1tane adapt\u00e9ra ext.vzduchu!<\/li>\n<\/ul>\n","protected":false},"excerpt":{"rendered":"<p>Krbov\u00e1 vlo\u017eka v tvare U ,presklenie z troch str\u00e1n.<\/p>\n","protected":false},"featured_media":5768,"comment_status":"open","ping_status":"closed","template":"","meta":[],"product_brand":[],"product_cat":[222,263],"product_tag":[],"class_list":{"0":"post-5720","1":"product","2":"type-product","3":"status-publish","4":"has-post-thumbnail","6":"product_cat-krbove-vlozky","7":"product_cat-akcie","9":"first","10":"instock","11":"sale","12":"featured","13":"taxable","14":"shipping-taxable","15":"purchasable","16":"product-type-simple"},"_links":{"self":[{"href":"https:\/\/flamaecol.sk\/en\/wp-json\/wp\/v2\/product\/5720","targetHints":{"allow":["GET"]}}],"collection":[{"href":"https:\/\/flamaecol.sk\/en\/wp-json\/wp\/v2\/product"}],"about":[{"href":"https:\/\/flamaecol.sk\/en\/wp-json\/wp\/v2\/types\/product"}],"replies":[{"embeddable":true,"href":"https:\/\/flamaecol.sk\/en\/wp-json\/wp\/v2\/comments?post=5720"}],"wp:featuredmedia":[{"embeddable":true,"href":"https:\/\/flamaecol.sk\/en\/wp-json\/wp\/v2\/media\/5768"}],"wp:attachment":[{"href":"https:\/\/flamaecol.sk\/en\/wp-json\/wp\/v2\/media?parent=5720"}],"wp:term":[{"taxonomy":"product_brand","embeddable":true,"href":"https:\/\/flamaecol.sk\/en\/wp-json\/wp\/v2\/product_brand?post=5720"},{"taxonomy":"product_cat","embeddable":true,"href":"https:\/\/flamaecol.sk\/en\/wp-json\/wp\/v2\/product_cat?post=5720"},{"taxonomy":"product_tag","embeddable":true,"href":"https:\/\/flamaecol.sk\/en\/wp-json\/wp\/v2\/product_tag?post=5720"}],"curies":[{"name":"wp","href":"https:\/\/api.w.org\/{rel}","templated":true}]}}