{"id":5692,"date":"2025-12-03T11:08:02","date_gmt":"2025-12-03T09:08:02","guid":{"rendered":"https:\/\/flamaecol.sk\/?post_type=product&#038;p=5692"},"modified":"2025-12-03T12:07:11","modified_gmt":"2025-12-03T10:07:11","slug":"krbova-vlozka-hoxter-haka-60-50-sh","status":"publish","type":"product","link":"https:\/\/flamaecol.sk\/en\/produkt\/krbova-vlozka-hoxter-haka-60-50-sh\/","title":{"rendered":"Hoxter HAKA 60\/50Sh"},"content":{"rendered":"<h2>Krbov\u00e1 vlo\u017eka HAKA 60\/50 Sh<\/h2>\n<p><span class=\"x3jgonx\">V\u0161etky na\u0161e krbov\u00e9 vlo\u017eky maj\u00fa robustn\u00fa kon\u0161trukciu a s\u00fa technicky premyslen\u00e9 tak, aby bezprobl\u00e9movo vydr\u017eali akumula\u010dn\u00fa prev\u00e1dzku.<\/span><br class=\"avia-permanent-lb\" \/><span class=\"x3jgonx\">Bezprobl\u00e9mov\u00e1 rev\u00edzia v\u0161etk\u00fdch pohybliv\u00fdch komponentov cez rev\u00edzne otvory alebo dvierka vlo\u017eky aj po zabudovan\u00ed do uzatvorenej obstavby. <br class=\"avia-permanent-lb\" \/>\u0160amot s hr\u00fabkou 40 mm a spojom pero\/dr\u00e1\u017eka . <br class=\"avia-permanent-lb\" \/>Povrchov\u00e1 \u00faprava vidite\u013en\u00fdch \u010dast\u00ed ekologickou farbou na vodnej b\u00e1ze s odolnos\u0165ou 600\u00b0C.<br class=\"avia-permanent-lb\" \/><\/span><span class=\"x3jgonx\">Ve\u013ek\u00fa pozornos\u0165 kladieme na prevedenie ovl\u00e1dac\u00edch prvkov pou\u017e\u00edvan\u00fdch po\u010das ka\u017edej prev\u00e1dzky. <br class=\"avia-permanent-lb\" \/>Syst\u00e9m ovl\u00e1dania sme navrhli tak, aby pracoval spo\u013eahlivo a bezpe\u010dne. <br class=\"avia-permanent-lb\" \/>Stabiln\u00fd a odoln\u00fd dvern\u00fd profil je z\u00e1kladom \u00faspechu v oblasti tesnosti ohniska.<\/span><\/p>\n<p><strong> <br class=\"avia-permanent-lb\" \/>Popis:<\/strong><\/p>\n<p><span class=\"x3jgonx\">Vyu\u017eite\u013en\u00fd v\u00fdkon (min-max)<\/span> 5-<span class=\"x3jgonx\">12 kW <br class=\"avia-permanent-lb\" \/><\/span>Nomin\u00e1lny v\u00fdkon 6 kW<br \/>\n<span class=\"x3jgonx\">Energetick\u00e1 trieda<\/span> <span class=\"x3jgonx\">A <br class=\"avia-permanent-lb\" \/><\/span>Rozmer dvierok <span class=\"x3jgonx\"> (\u0161 x v)<\/span> 602 x 504 mm<br \/>\n<span class=\"x3jgonx\">Rozmer ohniska (\u0161 x v)<\/span> <span class=\"x3jgonx\">520 \u00d7 210 mm <br class=\"avia-permanent-lb\" \/>V\u00e1ha 240 kg <br class=\"avia-permanent-lb\" \/>Priemer pr\u00edvodu vzduchu 125mm<br class=\"avia-permanent-lb\" \/><\/span><span class=\"x3jgonx\">D\u013a\u017eka polien<\/span> <span class=\"x3jgonx\">33 cm\u00a0<\/span><br \/>\n<span class=\"x3jgonx\">Otv\u00e1ranie dvierok<\/span> <span class=\"x3jgonx\">horn\u00e9+bo\u010dn\u00e9<\/span><br \/>\n<span class=\"x3jgonx\">Presklenie dver\u00ed<\/span> <span class=\"x3jgonx\">jednosklo\/<\/span><span class=\"x3jgonx\">dvojsklo<\/span><br \/>\n<span class=\"x3jgonx\">V\u00fdstelka ohniska<\/span> <span class=\"x3jgonx\">svetl\u00fd \u0161amot\/<\/span><span class=\"x3jgonx\">tmav\u00fd \u0161amot<\/span><br \/>\n<span class=\"x3jgonx\">Mo\u017enosti n\u00e1vrhu-<\/span> <span class=\"x3jgonx\">akumula\u010dn\u00e1 nadstavba 156 kg, <\/span><span class=\"x3jgonx\">elektronick\u00e1 regul\u00e1cia<\/span><br \/>\n<span class=\"x3jgonx\">Vlastnosti<\/span> :S<span class=\"x3jgonx\">&#8211; men\u0161ia mont\u00e1\u017ena h\u013abka<\/span><\/p>\n<p>Akciov\u00e1 cena platn\u00e1 pre model s dvojsklom a 4strann\u00fdm r\u00e1mikom 80mm ,1&#215;90 ,\u010dierny!<\/p>\n","protected":false},"excerpt":{"rendered":"<p>Krbov\u00e1 vlo\u017eka s men\u0161ou zabudovacou h\u013abkou.<\/p>\n","protected":false},"featured_media":5693,"comment_status":"open","ping_status":"closed","template":"","meta":[],"product_brand":[],"product_cat":[222,282,284,269,263],"product_tag":[],"class_list":{"0":"post-5692","1":"product","2":"type-product","3":"status-publish","4":"has-post-thumbnail","6":"product_cat-krbove-vlozky","7":"product_cat-krbove-vlozky-kachlove-pece","8":"product_cat-krbove-vlozky-hoxter","9":"product_cat-salave-krby-a-kachle","10":"product_cat-akcie","12":"first","13":"instock","14":"sale","15":"featured","16":"taxable","17":"shipping-taxable","18":"purchasable","19":"product-type-simple"},"_links":{"self":[{"href":"https:\/\/flamaecol.sk\/en\/wp-json\/wp\/v2\/product\/5692","targetHints":{"allow":["GET"]}}],"collection":[{"href":"https:\/\/flamaecol.sk\/en\/wp-json\/wp\/v2\/product"}],"about":[{"href":"https:\/\/flamaecol.sk\/en\/wp-json\/wp\/v2\/types\/product"}],"replies":[{"embeddable":true,"href":"https:\/\/flamaecol.sk\/en\/wp-json\/wp\/v2\/comments?post=5692"}],"wp:featuredmedia":[{"embeddable":true,"href":"https:\/\/flamaecol.sk\/en\/wp-json\/wp\/v2\/media\/5693"}],"wp:attachment":[{"href":"https:\/\/flamaecol.sk\/en\/wp-json\/wp\/v2\/media?parent=5692"}],"wp:term":[{"taxonomy":"product_brand","embeddable":true,"href":"https:\/\/flamaecol.sk\/en\/wp-json\/wp\/v2\/product_brand?post=5692"},{"taxonomy":"product_cat","embeddable":true,"href":"https:\/\/flamaecol.sk\/en\/wp-json\/wp\/v2\/product_cat?post=5692"},{"taxonomy":"product_tag","embeddable":true,"href":"https:\/\/flamaecol.sk\/en\/wp-json\/wp\/v2\/product_tag?post=5692"}],"curies":[{"name":"wp","href":"https:\/\/api.w.org\/{rel}","templated":true}]}}