{"id":5657,"date":"2025-11-17T19:13:19","date_gmt":"2025-11-17T17:13:19","guid":{"rendered":"https:\/\/flamaecol.sk\/?post_type=product&#038;p=5657"},"modified":"2025-11-17T19:13:20","modified_gmt":"2025-11-17T17:13:20","slug":"romotop-heat-3g-l-110-50-0406","status":"publish","type":"product","link":"https:\/\/flamaecol.sk\/en\/produkt\/romotop-heat-3g-l-110-50-0406\/","title":{"rendered":"HEAT 3G L 110.50.04(06)"},"content":{"rendered":"<h3>Romotop HEAT 3G L 110.50.04(06) <br class=\"avia-permanent-lb\" \/><br class=\"avia-permanent-lb\" \/><\/h3>\n<p><span class=\"x3jgonx\">Krbov\u00e9 vlo\u017eky HEAT s v\u00fdsuvn\u00fdmi dvierkami sa vyzna\u010duj\u00fa jednoduch\u00fdm, ale nad\u010dasov\u00fdm dizajnom, ktor\u00fd oslov\u00ed aj t\u00fdch najn\u00e1ro\u010dnej\u0161\u00edch z\u00e1kazn\u00edkov. <br class=\"avia-permanent-lb\" \/>\u010cist\u00fd a minimalistick\u00fd tvar reaguje na dne\u0161n\u00e9 po\u017eiadavky bytovej architekt\u00fary.<\/span><\/p>\n<p><span class=\"x3jgonx\">Krbov\u00e9 vlo\u017eky HEAT maj\u00fa ve\u013ekoform\u00e1tov\u00e9, dizajnovo potla\u010den\u00e9 sklo pre jedine\u010dn\u00fd z\u00e1\u017eitok z oh\u0148a. <br class=\"avia-permanent-lb\" \/>O jednoduch\u00fd, tich\u00fd a presn\u00fd chod v\u00fdsuvu dvierok sa postar\u00e1 najnov\u0161\u00ed syst\u00e9m pojazdov SILENT LIFT. <br class=\"avia-permanent-lb\" \/>Spa\u013eovacia komora je vylo\u017een\u00e1 \u017eiaruvzdorn\u00fdm materi\u00e1lom IGNITON, v \u0161tandarde je to ohnisko tzv. bezro\u0161tov\u00e9. <br class=\"avia-permanent-lb\" \/>Na prianie z\u00e1kazn\u00edka sa d\u00e1 zameni\u0165 na variantu s ro\u0161tom. Vlo\u017eky s\u00fa ur\u010den\u00e9 na konvek\u010dn\u00fa prev\u00e1dzku. <br class=\"avia-permanent-lb\" \/>Inovat\u00edvny syst\u00e9m vedenia spal\u00edn DOUBLE SPIN zvy\u0161uje \u00fa\u010dinnos\u0165 a ekologickos\u0165 krbovej vlo\u017eky. <br class=\"avia-permanent-lb\" \/>Predohrev sekund\u00e1rneho vzduchu zais\u0165uje \u010dist\u00e9 sklo. <br class=\"avia-permanent-lb\" \/>Regul\u00e1ciu prim\u00e1rneho a sekund\u00e1rneho pr\u00edvodu vzduchu mo\u017eno riadi\u0165 jedin\u00fdm ovl\u00e1dac\u00edm prvkom. <br class=\"avia-permanent-lb\" \/>Vlo\u017eky disponuj\u00fa syst\u00e9mom CPV \u2013 centr\u00e1lny pr\u00edvod extern\u00e9ho vzduchu. <br class=\"avia-permanent-lb\" \/>Pre \u010do naj\u00fa\u010dinnej\u0161ie horenie je do komory priveden\u00fd terci\u00e1lny vzduch. <br class=\"avia-permanent-lb\" \/>Ku krbov\u00fdm vlo\u017ek\u00e1m je mo\u017en\u00e9 dok\u00fapi\u0165 bo\u010dn\u00e9 a horn\u00e9 akumula\u010dn\u00e9 s\u00fapravy MAMMOTH, ktor\u00e9 pred\u013a\u017eia \u010das s\u00e1lania tepla o viac ako 12 h.<\/span><\/p>\n<p><strong>Technick\u00e9 parametre :<\/strong><\/p>\n<p><span class=\"x3jgonx\">V\u00fd\u0161ka <\/span><span class=\"x3jgonx\">1335 mm<\/span><br \/>\n<span class=\"x3jgonx\">\u0160\u00edrka 140<\/span><span class=\"x3jgonx\">4 mm<\/span><br \/>\n<span class=\"x3jgonx\">H\u013abka <\/span><span class=\"x3jgonx\">557 mm<\/span><br \/>\n<span class=\"x3jgonx\">V\u00fd\u0161ka dvierok 466<\/span><span class=\"x3jgonx\">\u00a0mm<\/span><br \/>\n<span class=\"x3jgonx\">\u0160\u00edrka dvierok 107<\/span><span class=\"x3jgonx\">1 mm<\/span><br \/>\n<span class=\"x3jgonx\">Hmotnos\u0165 327 <\/span><span class=\"x3jgonx\">kg<\/span><br \/>\n<span class=\"x3jgonx\">Regulovate\u013en\u00fd v\u00fdkon 7,9-20,5<\/span><span class=\"x3jgonx\">\u00a0kW<\/span><br \/>\n<span class=\"x3jgonx\">Priemer dymovodu 20<\/span><span class=\"x3jgonx\">0 mm<\/span><br \/>\n<span class=\"x3jgonx\">Priemer dymov\u00e9ho hrdla\u00a0 <\/span><span class=\"x3jgonx\">200 mm<\/span><br \/>\n<span class=\"x3jgonx\">Priemer CPV <\/span><span class=\"x3jgonx\">150 mm<\/span><br \/>\n<span class=\"x3jgonx\">\u00da\u010dinnos\u0165 <\/span><span class=\"x3jgonx\">81,0 %<\/span><br \/>\n<span class=\"x3jgonx\">Priemern\u00e1 spotreba dreva 4,7<\/span><span class=\"x3jgonx\">\u00a0kg\/h <br class=\"avia-permanent-lb\" \/><br class=\"avia-permanent-lb\" \/><strong>Pr\u00edslu\u0161enstvo :<\/strong><\/span><\/p>\n<p><span class=\"x3jgonx\">AIRBOX 02 <br class=\"avia-permanent-lb\" \/><\/span><span class=\"x3jgonx\">AKUMULA\u010cN\u00c1 SADA BO\u010cN\u00c1 ROMOTOP MAMMOTH\u00a0<br class=\"avia-permanent-lb\" \/><\/span><span class=\"x3jgonx\">AKUMULA\u010cN\u00c1 SADA HORN\u00c1 ROMOTOP MAMMOTH pre krbov\u00e9 vlo\u017eky s priemerom dymovodu 200 mm (AKKUM KV 04) <br class=\"avia-permanent-lb\" \/>KONVEK\u010cN\u00c9 OPL\u00c1\u0160TENIE (H2LG KON01) <br class=\"avia-permanent-lb\" \/>NASTAVOVACIE NOHY pred\u013a\u017een\u00e9<br class=\"avia-permanent-lb\" \/>R\u00c1M H3LG RAM13 nosn\u00fd <br class=\"avia-permanent-lb\" \/><\/span><span class=\"x3jgonx\">R\u00c1M H3LG RAM14 nosn\u00fd <br class=\"avia-permanent-lb\" \/>R\u00c1M H3LG RAM15 nosn\u00fd podporn\u00fd <br class=\"avia-permanent-lb\" \/>R\u00c1MIK H3LG RAM11 kryc\u00ed <br class=\"avia-permanent-lb\" \/>R\u00c1MIK H3LG RAM12 kryc\u00ed<br class=\"avia-permanent-lb\" \/>SET TRANSPORTN\u00ddCH RUKOV\u00c4T\u00cd <br class=\"avia-permanent-lb\" \/>ZOSTAVA RO\u0160TU (H3 ROST 03)<\/span><\/p>\n","protected":false},"excerpt":{"rendered":"<p><span class=\"x3jgonx\">\u010cist\u00fd a minimalistick\u00fd tvar reaguje na dne\u0161n\u00e9 po\u017eiadavky bytovej architekt\u00fary.<\/span><\/p>\n","protected":false},"featured_media":5662,"comment_status":"open","ping_status":"closed","template":"","meta":[],"product_brand":[],"product_cat":[222,228,290,249,289],"product_tag":[],"class_list":{"0":"post-5657","1":"product","2":"type-product","3":"status-publish","4":"has-post-thumbnail","6":"product_cat-krbove-vlozky","7":"product_cat-krbovevlozkyromotop","8":"product_cat-romotop-rovne-sklo-krbove-vlozky","9":"product_cat-teplovzdusneaakumulacnekrbovevlozkyromotop","10":"product_cat-romotop-krbove-vlozky-s-otvaranim-dohora","12":"first","13":"instock","14":"taxable","15":"shipping-taxable","16":"purchasable","17":"product-type-simple"},"_links":{"self":[{"href":"https:\/\/flamaecol.sk\/en\/wp-json\/wp\/v2\/product\/5657","targetHints":{"allow":["GET"]}}],"collection":[{"href":"https:\/\/flamaecol.sk\/en\/wp-json\/wp\/v2\/product"}],"about":[{"href":"https:\/\/flamaecol.sk\/en\/wp-json\/wp\/v2\/types\/product"}],"replies":[{"embeddable":true,"href":"https:\/\/flamaecol.sk\/en\/wp-json\/wp\/v2\/comments?post=5657"}],"wp:featuredmedia":[{"embeddable":true,"href":"https:\/\/flamaecol.sk\/en\/wp-json\/wp\/v2\/media\/5662"}],"wp:attachment":[{"href":"https:\/\/flamaecol.sk\/en\/wp-json\/wp\/v2\/media?parent=5657"}],"wp:term":[{"taxonomy":"product_brand","embeddable":true,"href":"https:\/\/flamaecol.sk\/en\/wp-json\/wp\/v2\/product_brand?post=5657"},{"taxonomy":"product_cat","embeddable":true,"href":"https:\/\/flamaecol.sk\/en\/wp-json\/wp\/v2\/product_cat?post=5657"},{"taxonomy":"product_tag","embeddable":true,"href":"https:\/\/flamaecol.sk\/en\/wp-json\/wp\/v2\/product_tag?post=5657"}],"curies":[{"name":"wp","href":"https:\/\/api.w.org\/{rel}","templated":true}]}}