{"id":5589,"date":"2025-11-11T19:13:45","date_gmt":"2025-11-11T17:13:45","guid":{"rendered":"https:\/\/flamaecol.sk\/?post_type=product&#038;p=5589"},"modified":"2025-12-12T14:18:07","modified_gmt":"2025-12-12T12:18:07","slug":"hoxter-haka-63-51-a-krbova-vlozka-so-zadnym-prikladanim","status":"publish","type":"product","link":"https:\/\/flamaecol.sk\/en\/produkt\/hoxter-haka-63-51-a-krbova-vlozka-so-zadnym-prikladanim\/","title":{"rendered":"Hoxter HAKA 63\/51a"},"content":{"rendered":"<h2>Krbov\u00e1 vlo\u017eka HAKA 63\/51a so zadn\u00fdm prikladan\u00edm<\/h2>\n<p>Hor\u00face spaliny pr\u00fadia z\u00a0ohniska cez pripojen\u00fa akumula\u010dn\u00fa masu nasaden\u00fa na krbovej vlo\u017eke alebo ved\u013ea nej. <br class=\"avia-permanent-lb\" \/>Akumula\u010dn\u00e1 masa je \u0165a\u017ek\u00fd materi\u00e1l schopn\u00fd absorbova\u0165 a\u00a0akumulova\u0165 tepeln\u00fa energiu zo spal\u00edn. <br class=\"avia-permanent-lb\" \/>T\u00e1to energia sa potom z\u00a0akumula\u010dnej masy pozvo\u013ena uvo\u013e\u0148uje s\u00e1lan\u00edm cez pl\u00e1\u0161t krbu do miestnosti. <br class=\"avia-permanent-lb\" \/>Akumula\u010dn\u00fd krb pon\u00faka zdrav\u00e9 s\u00e1lav\u00e9 teplo nielen po cel\u00fa dobu horenia, ale v\u010faka energii, ulo\u017eenej v\u00a0akumula\u010dnej mase, aj dlh\u00e9 hodiny po dohasnut\u00ed. <br class=\"avia-permanent-lb\" \/>Hodinov\u00fd v\u00fdkon je u tohto typu krbu ni\u017e\u0161\u00ed a interval prikladania dlh\u0161\u00ed.<\/p>\n<p><strong> <br class=\"avia-permanent-lb\" \/>Popis:<\/strong><\/p>\n<p><span class=\"x3jgonx\">Vyu\u017eite\u013en\u00fd v\u00fdkon (min-max)<\/span> <span class=\"x3jgonx\">6\u201316 kW<\/span><br \/>\n<span class=\"x3jgonx\">Energetick\u00e1 trieda<\/span> <span class=\"x3jgonx\">A<\/span><br \/>\n<span class=\"x3jgonx\">Rozmer ohniska (\u0161 x v)<\/span> <span class=\"x3jgonx\">525 \u00d7 315 mm<\/span><br \/>\n<span class=\"x3jgonx\">D\u013a\u017eka polien<\/span> <span class=\"x3jgonx\">33 cm\u00a0<\/span><br \/>\n<span class=\"x3jgonx\">Otv\u00e1ranie dvierok<\/span> <span class=\"x3jgonx\">bo\u010dn\u00e9 otv\u00e1ranie<\/span><br \/>\n<span class=\"x3jgonx\">Presklenie dver\u00ed<\/span> <span class=\"x3jgonx\">jednosklo\/<\/span><span class=\"x3jgonx\">dvojsklo<\/span><br \/>\n<span class=\"x3jgonx\">V\u00fdstelka ohniska<\/span> <span class=\"x3jgonx\">svetl\u00fd \u0161amot\/<\/span><span class=\"x3jgonx\">tmav\u00fd \u0161amot<\/span><br \/>\n<span class=\"x3jgonx\">Mo\u017enosti n\u00e1vrhu-<\/span> <span class=\"x3jgonx\">akumula\u010dn\u00e1 nadstavba 156 kg, <\/span><span class=\"x3jgonx\">elektronick\u00e1 regul\u00e1cia<\/span><br \/>\n<span class=\"x3jgonx\">Vlastnosti<\/span> : <span class=\"x3jgonx\">A &#8211; zadn\u00e9 prikladanie<\/span><br \/>\n<span class=\"x3jgonx\">Rozmery zadn\u00fdch dvierok (\u0161 x v)<\/span> <span class=\"x3jgonx\">53 x 40cm<\/span><\/p>\n<p>&nbsp;<\/p>\n","protected":false},"excerpt":{"rendered":"<p>Krbov\u00e1 vlo\u017eka s akumula\u010dnou n\u00e1dstavbou a mo\u017enos\u0165ou zadn\u00e9ho prikladania .<\/p>\n","protected":false},"featured_media":5609,"comment_status":"open","ping_status":"closed","template":"","meta":[],"product_brand":[],"product_cat":[222,282,284,269],"product_tag":[],"class_list":{"0":"post-5589","1":"product","2":"type-product","3":"status-publish","4":"has-post-thumbnail","6":"product_cat-krbove-vlozky","7":"product_cat-krbove-vlozky-kachlove-pece","8":"product_cat-krbove-vlozky-hoxter","9":"product_cat-salave-krby-a-kachle","11":"first","12":"instock","13":"taxable","14":"shipping-taxable","15":"purchasable","16":"product-type-simple"},"_links":{"self":[{"href":"https:\/\/flamaecol.sk\/en\/wp-json\/wp\/v2\/product\/5589","targetHints":{"allow":["GET"]}}],"collection":[{"href":"https:\/\/flamaecol.sk\/en\/wp-json\/wp\/v2\/product"}],"about":[{"href":"https:\/\/flamaecol.sk\/en\/wp-json\/wp\/v2\/types\/product"}],"replies":[{"embeddable":true,"href":"https:\/\/flamaecol.sk\/en\/wp-json\/wp\/v2\/comments?post=5589"}],"wp:featuredmedia":[{"embeddable":true,"href":"https:\/\/flamaecol.sk\/en\/wp-json\/wp\/v2\/media\/5609"}],"wp:attachment":[{"href":"https:\/\/flamaecol.sk\/en\/wp-json\/wp\/v2\/media?parent=5589"}],"wp:term":[{"taxonomy":"product_brand","embeddable":true,"href":"https:\/\/flamaecol.sk\/en\/wp-json\/wp\/v2\/product_brand?post=5589"},{"taxonomy":"product_cat","embeddable":true,"href":"https:\/\/flamaecol.sk\/en\/wp-json\/wp\/v2\/product_cat?post=5589"},{"taxonomy":"product_tag","embeddable":true,"href":"https:\/\/flamaecol.sk\/en\/wp-json\/wp\/v2\/product_tag?post=5589"}],"curies":[{"name":"wp","href":"https:\/\/api.w.org\/{rel}","templated":true}]}}