{"id":5525,"date":"2025-09-08T13:10:37","date_gmt":"2025-09-08T11:10:37","guid":{"rendered":"https:\/\/flamaecol.sk\/?post_type=product&#038;p=5525"},"modified":"2025-09-08T14:12:52","modified_gmt":"2025-09-08T12:12:52","slug":"nordic-3036","status":"publish","type":"product","link":"https:\/\/flamaecol.sk\/en\/produkt\/nordic-3036\/","title":{"rendered":"Nordic 3036"},"content":{"rendered":"<h2>Kach\u013eov\u00e9 presklen\u00e9 dvierka Nordic 3036<\/h2>\n<p><span class=\"x3jgonx\">V\u010faka dvojit\u00e9mu \u017eiaruvzdorn\u00e9mu zaskleniu sa okrem zabezpe\u010denia vy\u0161\u0161ej teploty v ohnisku, \u010do znamen\u00e1 dokonalej\u0161ie spa\u013eovanie (v ohnisku sme namerali teplotu viac ako 700 \u00b0C )\u00a0<br class=\"avia-permanent-lb\" \/><\/span><span class=\"x3jgonx\">pri spr\u00e1vnom n\u00e1vrhu a kon\u0161trukcii, dimenzovan\u00ed pece, vykurovanej such\u00fdm tvrd\u00fdm drevom, tie\u017e zabra\u0148uje priamemu uvo\u013e\u0148ovaniu tepla z kr\u00e1tkodob\u00e9ho, ale intenz\u00edvneho oh\u0148a kach\u013eovej pece do vzduchu. <br class=\"avia-permanent-lb\" \/>T\u00fdmto sp\u00f4sobom sa dosahuje jemn\u00e9, s\u00e1lav\u00e9 uvo\u013e\u0148ovanie tepla z kach\u013eovej pece. <br class=\"avia-permanent-lb\" \/>Po zap\u00e1len\u00ed ned\u00f4jde k n\u00e1hlemu tepeln\u00e9mu \u0161oku a je mo\u017en\u00e9 ju pou\u017ei\u0165 aj v pas\u00edvnych domoch. <br class=\"avia-permanent-lb\" \/><\/span><span class=\"x3jgonx\">V dne\u0161n\u00fdch modern\u00fdch domoch je d\u00f4le\u017eitou ot\u00e1zkou aj bezpe\u010dn\u00fd a dostato\u010dn\u00fd pr\u00edvod vzduchu na spa\u013eovanie. <br class=\"avia-permanent-lb\" \/>Na t\u00fato ot\u00e1zku dokonale odpoved\u00e1 \u0161irok\u00e1 \u0161k\u00e1la dvierok vhodn\u00fdch na pr\u00edvod vonkaj\u0161ieho vzduchu, \u010do tie\u017e v\u00fdrazne zjednodu\u0161uje pr\u00e1cu stavite\u013eov pri stavbe vonkaj\u0161ej vzduchovej pece. <br class=\"avia-permanent-lb\" \/>Telo dvierok obsahuje pevn\u00fa mrie\u017eku vzduchovej bari\u00e9ry, tak\u017ee po\u010das v\u00fdstavby nevy\u017eaduje samostatn\u00fa klapku (klapky). <br class=\"avia-permanent-lb\" \/>Pri t\u00fdchto dvierkach sa vn\u00fatorn\u00fd povrch skla nezan\u00e1\u0161a sadzami v\u010faka technol\u00f3gii \u201e\u010d\u00edreho skla\u201c.<\/span><\/p>\n<p><strong> <br class=\"avia-permanent-lb\" \/>Popis:<br class=\"avia-permanent-lb\" \/><\/strong><\/p>\n<ul>\n<li><span class=\"x3jgonx\">Dvojit\u00e9 \u017eiaruvzdorn\u00e9 presklenie<\/span><\/li>\n<li><span class=\"x3jgonx\">Otv\u00e1ranie vpravo alebo v\u013eavo<\/span><\/li>\n<li><span class=\"x3jgonx\">V\u00fd\u0161kovo nastavite\u013en\u00e9 nohy<\/span><\/li>\n<li><span class=\"x3jgonx\">H\u013abkovo nastavite\u013en\u00fd kryc\u00ed r\u00e1m<\/span><\/li>\n<li><span class=\"x3jgonx\">Volite\u013en\u00fd kryc\u00ed r\u00e1m z nehrdzavej\u00facej ocele alebo \u010dierny r\u00e1m na mieru<\/span><\/li>\n<li><span class=\"x3jgonx\">Liatinov\u00e9 dvierka so z\u00e1klad\u0148ou<\/span><\/li>\n<li><span class=\"x3jgonx\">S vzduchotesnou mrie\u017ekou<\/span><\/li>\n<li>Ekologick\u00e9 rie\u0161enie<\/li>\n<li>Nie je potrebn\u00fd samostatn\u00e9 bio\/eko ohnisko<\/li>\n<\/ul>\n","protected":false},"excerpt":{"rendered":"<p>Dvierka na kach\u013eov\u00e9 pece s dvojit\u00fdm presklen\u00edm a pr\u00edsunom extern\u00e9ho vzduchu.<\/p>\n","protected":false},"featured_media":5517,"comment_status":"open","ping_status":"closed","template":"","meta":[],"product_brand":[],"product_cat":[297,270],"product_tag":[],"class_list":{"0":"post-5525","1":"product","2":"type-product","3":"status-publish","4":"has-post-thumbnail","6":"product_cat-dvierka-na-pece-a-krby-pecove-vratka-dvierka-na-pec-so-sklom-dvojite-sklo","7":"product_cat-dvierka-na-pec-s-externym-prisunom-vzduchu","9":"first","10":"instock","11":"taxable","12":"shipping-taxable","13":"purchasable","14":"product-type-simple"},"_links":{"self":[{"href":"https:\/\/flamaecol.sk\/en\/wp-json\/wp\/v2\/product\/5525","targetHints":{"allow":["GET"]}}],"collection":[{"href":"https:\/\/flamaecol.sk\/en\/wp-json\/wp\/v2\/product"}],"about":[{"href":"https:\/\/flamaecol.sk\/en\/wp-json\/wp\/v2\/types\/product"}],"replies":[{"embeddable":true,"href":"https:\/\/flamaecol.sk\/en\/wp-json\/wp\/v2\/comments?post=5525"}],"wp:featuredmedia":[{"embeddable":true,"href":"https:\/\/flamaecol.sk\/en\/wp-json\/wp\/v2\/media\/5517"}],"wp:attachment":[{"href":"https:\/\/flamaecol.sk\/en\/wp-json\/wp\/v2\/media?parent=5525"}],"wp:term":[{"taxonomy":"product_brand","embeddable":true,"href":"https:\/\/flamaecol.sk\/en\/wp-json\/wp\/v2\/product_brand?post=5525"},{"taxonomy":"product_cat","embeddable":true,"href":"https:\/\/flamaecol.sk\/en\/wp-json\/wp\/v2\/product_cat?post=5525"},{"taxonomy":"product_tag","embeddable":true,"href":"https:\/\/flamaecol.sk\/en\/wp-json\/wp\/v2\/product_tag?post=5525"}],"curies":[{"name":"wp","href":"https:\/\/api.w.org\/{rel}","templated":true}]}}