{"id":5421,"date":"2025-08-06T14:39:21","date_gmt":"2025-08-06T12:39:21","guid":{"rendered":"https:\/\/flamaecol.sk\/?post_type=product&#038;p=5421"},"modified":"2025-08-06T15:35:33","modified_gmt":"2025-08-06T13:35:33","slug":"romotop-heat-4g-70-44-14","status":"publish","type":"product","link":"https:\/\/flamaecol.sk\/en\/produkt\/romotop-heat-4g-70-44-14\/","title":{"rendered":"Romotop HEAT 4g 70.44.14"},"content":{"rendered":"<h2>Krbov\u00e1 vlo\u017eka HEAT 4g 70.44.14(16) &#8211; rovn\u00e1 <br class=\"avia-permanent-lb\" \/><br class=\"avia-permanent-lb\" \/><\/h2>\n<p><span class=\"x3jgonx\">Jednoduch\u00fd tvar a prepracovan\u00e1 kon\u0161trukcia krbovej vlo\u017eky HEAT s otv\u00e1ran\u00edm dvierok do strany pon\u00fakne r\u00f4znorod\u00e9 vyu\u017eitie. <br class=\"avia-permanent-lb\" \/>Doprajte si jedine\u010dn\u00e9 chv\u00edle str\u00e1ven\u00e9 v teple rodinn\u00e9ho kruhu a objavte kr\u00e1su \u017eiv\u00e9ho oh\u0148a. <br class=\"avia-permanent-lb\" \/><br class=\"avia-permanent-lb\" \/><\/span><\/p>\n<p><strong>Popis<\/strong><\/p>\n<ul>\n<li><span class=\"x3jgonx\">s\u00fa ur\u010den\u00e9 na konvek\u010dn\u00fa aj akumula\u010dn\u00fa prev\u00e1dzku s pou\u017eit\u00edm odvetr\u00e1vac\u00edch mrie\u017eok<br class=\"avia-permanent-lb\" \/><\/span><\/li>\n<li><span class=\"x3jgonx\">r\u00e1m dver\u00ed je vyroben\u00fd zo \u0161peci\u00e1lneho tuh\u00e9ho valcovan\u00e9ho profilu<br class=\"avia-permanent-lb\" \/><\/span><\/li>\n<li><span class=\"x3jgonx\">sklo dvierok je dizajnovo potla\u010den\u00e9 <br class=\"avia-permanent-lb\" \/><\/span><\/li>\n<li><span class=\"x3jgonx\">disponuj\u00fa syst\u00e9mom CPV \u2013 centr\u00e1lny pr\u00edvod extern\u00e9ho vzduchu <br class=\"avia-permanent-lb\" \/><\/span><\/li>\n<li><span class=\"x3jgonx\">ohnisko je vylo\u017een\u00e9 \u0161amotov\u00fdmi tvarovkami a v\u00fdklopn\u00fdm liatinov\u00fdm ro\u0161tom s popoln\u00edkom <br class=\"avia-permanent-lb\" \/><\/span><\/li>\n<li><span class=\"x3jgonx\">predohrev sekund\u00e1rneho vzduchu zais\u0165uje \u010dist\u00e9 sklo <br class=\"avia-permanent-lb\" \/><\/span><\/li>\n<li><span class=\"x3jgonx\">regul\u00e1ciu prim\u00e1rneho a sekund\u00e1rneho pr\u00edvodu vzduchu mo\u017eno riadi\u0165 jedin\u00fdm ovl\u00e1dac\u00edm prvkom <br class=\"avia-permanent-lb\" \/><\/span><\/li>\n<li><span class=\"x3jgonx\">mo\u017enos\u0165 dok\u00fapi\u0165 akumula\u010dn\u00fa s\u00fapravu a horn\u00e9 akumula\u010dn\u00e9 prstence<\/span><span class=\"x3jgonx\">-pred\u013a\u017eia \u010das s\u00e1lania tepla o viac ako 12h<br class=\"avia-permanent-lb\" \/><\/span><\/li>\n<li><span class=\"x3jgonx\">inovat\u00edvny syst\u00e9m vedenia spal\u00edn DOUBLE SPIN zvy\u0161uje \u00fa\u010dinnos\u0165 a ekologickos\u0165 krbovej vlo\u017eky<\/span><\/li>\n<li><span class=\"x3jgonx\">mo\u017enos\u0165 zvoli\u0165 svetl\u00e9 alebo tmav\u00e9 ohnisko<br class=\"avia-permanent-lb\" \/><br class=\"avia-permanent-lb\" \/><\/span><\/li>\n<\/ul>\n<p><span class=\"x3jgonx\"><strong>Technick\u00e9 parametre\u00a0<\/strong><\/span><\/p>\n<p>Nomin\u00e1lny v\u00fdkon 5,6 kW <br class=\"avia-permanent-lb\" \/><span class=\"x3jgonx\">Regulovate\u013en\u00fd v\u00fdkon 2,9-7,5 kW<br class=\"avia-permanent-lb\" \/>V\u00fd\u0161ka 1042 mm<br \/>\n\u0160\u00edrka 779 mm<br \/>\nH\u013abka 404 mm<br \/>\nV\u00fd\u0161ka dvierok 407 mm<br \/>\n\u0160\u00edrka dvierok 664 mm<br \/>\nHmotnos\u0165 133 kg<br \/>\nPriemer dymovodu 150 mm<br \/>\nPriemer dymov\u00e9ho hrdla 150 mm<br \/>\nPriemer CPV 125 mm<br \/>\n\u0164ah 12 Pa<br \/>\n\u00da\u010dinnos\u0165 85,1 %<br \/>\nPriemern\u00e1 spotreba dreva 1,7 kg\/h <br class=\"avia-permanent-lb\" \/><br class=\"avia-permanent-lb\" \/><\/span><\/p>\n<p><strong>Pr\u00edslu\u0161enstvo schv\u00e1len\u00e9 v\u00fdrobcom :<\/strong><\/p>\n<p><span class=\"x3jgonx\">AIRBOX 02 IMPRESSION<\/span><br \/>\n<span class=\"x3jgonx\">AKUMULA\u010cN\u00c1 SADA BO\u010cN\u00c1 ROMOTOP MAMMOTH pre krbov\u00e9 vlo\u017eky<\/span><br \/>\n<span class=\"x3jgonx\">AKUMULA\u010cN\u00c1 SADA HORN\u00c1 ROMOTOP MAMMOTH pre krbov\u00e9 vlo\u017eky s priemerom dymovodu 150 mm<\/span><br \/>\n<span class=\"x3jgonx\">NASTAVOVACIE NOHY pred\u013a\u017een\u00e9<\/span><br \/>\n<span class=\"x3jgonx\">NASTAVOVACIE NOHY \u0161tandardn\u00e9<\/span><br \/>\n<span class=\"x3jgonx\">ODN\u00cdMATE\u013dN\u00c1 RUKOV\u00c4\u0164<\/span><br \/>\n<span class=\"x3jgonx\">RUKOV\u00c4\u0164 skryt\u00e1 zapusten\u00e1<\/span><br \/>\n<span class=\"x3jgonx\">RUKOV\u00c4\u0164 vyhnut\u00e1 prav\u00e1 pre zadn\u00e9 dvierka<\/span><br \/>\n<span class=\"x3jgonx\">R\u00c1MIK H4P RAM04 kryc\u00ed, polohlbok\u00fd<\/span><br \/>\n<span class=\"x3jgonx\">R\u00c1MIK H4P RAM06 kryc\u00ed<\/span><\/p>\n","protected":false},"excerpt":{"rendered":"<p>Krbov\u00e1 vlo\u017eka s men\u0161ou mont\u00e1\u017enou h\u013abkou.<\/p>\n","protected":false},"featured_media":5434,"comment_status":"open","ping_status":"closed","template":"","meta":[],"product_brand":[],"product_cat":[222,228,249],"product_tag":[],"class_list":{"0":"post-5421","1":"product","2":"type-product","3":"status-publish","4":"has-post-thumbnail","6":"product_cat-krbove-vlozky","7":"product_cat-krbovevlozkyromotop","8":"product_cat-teplovzdusneaakumulacnekrbovevlozkyromotop","10":"first","11":"instock","12":"taxable","13":"shipping-taxable","14":"purchasable","15":"product-type-simple"},"_links":{"self":[{"href":"https:\/\/flamaecol.sk\/en\/wp-json\/wp\/v2\/product\/5421","targetHints":{"allow":["GET"]}}],"collection":[{"href":"https:\/\/flamaecol.sk\/en\/wp-json\/wp\/v2\/product"}],"about":[{"href":"https:\/\/flamaecol.sk\/en\/wp-json\/wp\/v2\/types\/product"}],"replies":[{"embeddable":true,"href":"https:\/\/flamaecol.sk\/en\/wp-json\/wp\/v2\/comments?post=5421"}],"wp:featuredmedia":[{"embeddable":true,"href":"https:\/\/flamaecol.sk\/en\/wp-json\/wp\/v2\/media\/5434"}],"wp:attachment":[{"href":"https:\/\/flamaecol.sk\/en\/wp-json\/wp\/v2\/media?parent=5421"}],"wp:term":[{"taxonomy":"product_brand","embeddable":true,"href":"https:\/\/flamaecol.sk\/en\/wp-json\/wp\/v2\/product_brand?post=5421"},{"taxonomy":"product_cat","embeddable":true,"href":"https:\/\/flamaecol.sk\/en\/wp-json\/wp\/v2\/product_cat?post=5421"},{"taxonomy":"product_tag","embeddable":true,"href":"https:\/\/flamaecol.sk\/en\/wp-json\/wp\/v2\/product_tag?post=5421"}],"curies":[{"name":"wp","href":"https:\/\/api.w.org\/{rel}","templated":true}]}}