{"id":5407,"date":"2025-07-25T17:17:54","date_gmt":"2025-07-25T15:17:54","guid":{"rendered":"https:\/\/flamaecol.sk\/?post_type=product&#038;p=5407"},"modified":"2025-07-25T17:22:57","modified_gmt":"2025-07-25T15:22:57","slug":"la-nordica-gardenia-petra-xxl-5-0","status":"publish","type":"product","link":"https:\/\/flamaecol.sk\/en\/produkt\/la-nordica-gardenia-petra-xxl-5-0\/","title":{"rendered":"La Nordica Gardenia Petra XXL 5.0"},"content":{"rendered":"<h2>Kuchynsk\u00fd spor\u00e1k Gardenia XXL Petra 5.0<\/h2>\n<p><br class=\"avia-permanent-lb\" \/><span class=\"x3jgonx\">Gardenia \u2013 spor\u00e1k na tuh\u00e9 palivo, ktor\u00fd je symbolom spojenia modern\u00e9ho designu, vysokej \u00fa\u010dinnosti a nekompromisnej kvality. <br class=\"avia-permanent-lb\" \/>Gardenia je navrhnut\u00e1 tak, aby sa stala centrom va\u0161ej dom\u00e1cnosti, miestom, kde sa sn\u00fabi teplo domova s gastronomick\u00fdmi z\u00e1\u017eitkami. <br class=\"avia-permanent-lb\" \/><\/span><span class=\"x3jgonx\"><br class=\"avia-permanent-lb\" \/><\/span><\/p>\n<p><strong>Popis:<\/strong><\/p>\n<ul>\n<li><span class=\"x3jgonx\">Integrovan\u00fd pizza kame\u0148 v hornej \u010dasti r\u00fary<\/span><\/li>\n<li><span class=\"x3jgonx\">Pizza lopatka v cene spor\u00e1ka<\/span><\/li>\n<li><span class=\"x3jgonx\">Priestrann\u00e1 r\u00fara s objemom 78 litrov<\/span><\/li>\n<li><span class=\"x3jgonx\">Liatinov\u00e1 r\u00fara \u2013 zmier\u0148uje v\u00fdkyvy teploty po\u010das pe\u010denia<\/span><\/li>\n<li><span class=\"x3jgonx\">Mastencov\u00fd obklad spor\u00e1ka<\/span><\/li>\n<li><span class=\"x3jgonx\">Obrovsk\u00e1 liatinov\u00e1 varn\u00e1 plat\u0148a<\/span><\/li>\n<li><span class=\"x3jgonx\">Chr\u00f3movan\u00e9 madl\u00e1 okolo platne<\/span><\/li>\n<li><span class=\"x3jgonx\">Pozinkovan\u00e1 a smaltovan\u00e1 oce\u013e<\/span><\/li>\n<li><span class=\"x3jgonx\">Liatinov\u00e9 ohnisko s obkladom z materi\u00e1lu NORDIKER<\/span><\/li>\n<li><span class=\"x3jgonx\">Integrovan\u00fd teplomer r\u00fary na pe\u010denie<\/span><\/li>\n<li><span class=\"x3jgonx\">Prep\u00ednacia klapka pre mo\u017enos\u0165 varenia alebo varenia a pe\u010denia<\/span><\/li>\n<li><span class=\"x3jgonx\">Dvojit\u00e9 presklenie ohniska<\/span><\/li>\n<li><span class=\"x3jgonx\">Dvojpl\u00e1\u0161\u0165ov\u00e9 (konvek\u010dn\u00e9) bo\u010dnice <br class=\"avia-permanent-lb\" \/><\/span><\/li>\n<\/ul>\n<div><strong>TECHNICK\u00c9 PARAMETRE<\/strong><\/div>\n<div>Menovit\u00fd v\u00fdkon do vzduchu: 10,5 kW<\/div>\n<div>Rozsah v\u00fdkonu :\u00a0 4,5-10,5 kW<\/div>\n<div>Maxim\u00e1lna hodinov\u00e1 spotreba dreva: 1,2 &#8211; 2,7 kg \/ h<\/div>\n<div>Priemer dymovodu: 150 mm<\/div>\n<div>Rozmery(Vx\u0160xH): 861 x\u00a0 1074 x 669 mm<\/div>\n<div>\u00da\u010dinnos\u0165: 88,6 %<\/div>\n<div>Hmotnos\u0165: 272 kg<\/div>\n<div>V\u00fdhrevnos\u0165 priestoru : 301 m\u00b3<\/div>\n<div>Priemer r\u00fary pre pr\u00edvod extern\u00e9ho vzduchu: do medzipl\u00e1\u0161\u0165a priemer 120mm<\/div>\n<div>Ve\u013ekos\u0165 polien: 330 mm<\/div>\n<div>Ve\u013ekos\u0165 pe\u010diacej r\u00fary: 418 x 434 x 430mm<\/div>\n","protected":false},"excerpt":{"rendered":"<p><span class=\"x3jgonx\">Je stelesnen\u00edm trad\u00edcie a inov\u00e1cie, ktor\u00e9 prin\u00e1\u0161a nielen rados\u0165 z varenia, ale aj z \u00faspor energie.<\/span><\/p>\n","protected":false},"featured_media":5381,"comment_status":"open","ping_status":"closed","template":"","meta":[],"product_brand":[],"product_cat":[216,218,219,263],"product_tag":[],"class_list":{"0":"post-5407","1":"product","2":"type-product","3":"status-publish","4":"has-post-thumbnail","6":"product_cat-sporaky","7":"product_cat-luxusne-sporaky","8":"product_cat-nordica-sporaky","9":"product_cat-akcie","11":"first","12":"instock","13":"sale","14":"taxable","15":"shipping-taxable","16":"purchasable","17":"product-type-simple"},"_links":{"self":[{"href":"https:\/\/flamaecol.sk\/en\/wp-json\/wp\/v2\/product\/5407","targetHints":{"allow":["GET"]}}],"collection":[{"href":"https:\/\/flamaecol.sk\/en\/wp-json\/wp\/v2\/product"}],"about":[{"href":"https:\/\/flamaecol.sk\/en\/wp-json\/wp\/v2\/types\/product"}],"replies":[{"embeddable":true,"href":"https:\/\/flamaecol.sk\/en\/wp-json\/wp\/v2\/comments?post=5407"}],"wp:featuredmedia":[{"embeddable":true,"href":"https:\/\/flamaecol.sk\/en\/wp-json\/wp\/v2\/media\/5381"}],"wp:attachment":[{"href":"https:\/\/flamaecol.sk\/en\/wp-json\/wp\/v2\/media?parent=5407"}],"wp:term":[{"taxonomy":"product_brand","embeddable":true,"href":"https:\/\/flamaecol.sk\/en\/wp-json\/wp\/v2\/product_brand?post=5407"},{"taxonomy":"product_cat","embeddable":true,"href":"https:\/\/flamaecol.sk\/en\/wp-json\/wp\/v2\/product_cat?post=5407"},{"taxonomy":"product_tag","embeddable":true,"href":"https:\/\/flamaecol.sk\/en\/wp-json\/wp\/v2\/product_tag?post=5407"}],"curies":[{"name":"wp","href":"https:\/\/api.w.org\/{rel}","templated":true}]}}