{"id":5222,"date":"2025-07-11T16:14:00","date_gmt":"2025-07-11T14:14:00","guid":{"rendered":"https:\/\/flamaecol.sk\/?post_type=product&#038;p=5222"},"modified":"2025-07-11T18:03:02","modified_gmt":"2025-07-11T16:03:02","slug":"platna-s-ramom-70-46","status":"publish","type":"product","link":"https:\/\/flamaecol.sk\/en\/produkt\/platna-s-ramom-70-46\/","title":{"rendered":"Plat\u0148a s r\u00e1mom 70\/46"},"content":{"rendered":"<h2>Liatinov\u00e1 plat\u0148a na spor\u00e1k s r\u00e1mom <br class=\"avia-permanent-lb\" \/><br class=\"avia-permanent-lb\" \/><\/h2>\n<div><strong>Popis<br class=\"avia-permanent-lb\" \/><br class=\"avia-permanent-lb\" \/><\/strong><\/div>\n<div>\u2022 Odn\u00edmate\u013en\u00fd liatinov\u00fd kruh<\/div>\n<div>\u2022 Mas\u00edvne platne s hr\u00fabkou 10 mm a profilovanou spodnou \u010das\u0165ou<\/div>\n<div>\u2022 O\u0161etren\u00e9 \u010diernou \u017eiaruvzdornou farbou<\/div>\n<div>\u2022 Mo\u017enos\u0165 doobjedna\u0165 nerezov\u00e9 madlo na vybran\u00e9 strany<\/div>\n<div>\u2022 R\u00e1m \u0161tvorstrann\u00fd s rozmerom 700&#215;460 mm<\/div>\n","protected":false},"excerpt":{"rendered":"<p>Plat\u0148a so \u0161tvorstrann\u00fdm\u00a0 r\u00e1mom do individu\u00e1lne stavan\u00fdch spor\u00e1kov na drevo.<\/p>\n","protected":false},"featured_media":5189,"comment_status":"open","ping_status":"closed","template":"","meta":[],"product_brand":[],"product_cat":[230,299,301],"product_tag":[],"class_list":{"0":"post-5222","1":"product","2":"type-product","3":"status-publish","4":"has-post-thumbnail","6":"product_cat-prislusenstvo","7":"product_cat-kovanie-pre-sporaky-kachlove-pece-udiarne","8":"product_cat-platne-na-sporaky-liatinove-platne-ocelove-platne-na-sporaky-cook-stove-plate-hot-plate-herd-platte","10":"first","11":"instock","12":"taxable","13":"shipping-taxable","14":"purchasable","15":"product-type-simple"},"_links":{"self":[{"href":"https:\/\/flamaecol.sk\/en\/wp-json\/wp\/v2\/product\/5222","targetHints":{"allow":["GET"]}}],"collection":[{"href":"https:\/\/flamaecol.sk\/en\/wp-json\/wp\/v2\/product"}],"about":[{"href":"https:\/\/flamaecol.sk\/en\/wp-json\/wp\/v2\/types\/product"}],"replies":[{"embeddable":true,"href":"https:\/\/flamaecol.sk\/en\/wp-json\/wp\/v2\/comments?post=5222"}],"wp:featuredmedia":[{"embeddable":true,"href":"https:\/\/flamaecol.sk\/en\/wp-json\/wp\/v2\/media\/5189"}],"wp:attachment":[{"href":"https:\/\/flamaecol.sk\/en\/wp-json\/wp\/v2\/media?parent=5222"}],"wp:term":[{"taxonomy":"product_brand","embeddable":true,"href":"https:\/\/flamaecol.sk\/en\/wp-json\/wp\/v2\/product_brand?post=5222"},{"taxonomy":"product_cat","embeddable":true,"href":"https:\/\/flamaecol.sk\/en\/wp-json\/wp\/v2\/product_cat?post=5222"},{"taxonomy":"product_tag","embeddable":true,"href":"https:\/\/flamaecol.sk\/en\/wp-json\/wp\/v2\/product_tag?post=5222"}],"curies":[{"name":"wp","href":"https:\/\/api.w.org\/{rel}","templated":true}]}}