{"id":5180,"date":"2025-07-11T15:07:55","date_gmt":"2025-07-11T13:07:55","guid":{"rendered":"https:\/\/flamaecol.sk\/?post_type=product&#038;p=5180"},"modified":"2025-12-12T14:20:29","modified_gmt":"2025-12-12T12:20:29","slug":"liatinova-platna-na-sporak-s-vyberatelnym-kruhom-priemer-300mm","status":"publish","type":"product","link":"https:\/\/flamaecol.sk\/en\/produkt\/liatinova-platna-na-sporak-s-vyberatelnym-kruhom-priemer-300mm\/","title":{"rendered":"Plat\u0148a na spor\u00e1k s kruhom 300"},"content":{"rendered":"<h2>Liatinov\u00e1 plat\u0148a na spor\u00e1k s vyberate\u013en\u00fdm kruhom<br class=\"avia-permanent-lb\" \/><br class=\"avia-permanent-lb\" \/><\/h2>\n<div><strong>Popis<br class=\"avia-permanent-lb\" \/><br class=\"avia-permanent-lb\" \/><\/strong><\/div>\n<div>\u2022 Odn\u00edmate\u013en\u00fd liatinov\u00fd kruh<\/div>\n<div>\u2022 Mas\u00edvne platne s hr\u00fabkou 10 mm a profilovanou spodnou \u010das\u0165ou<\/div>\n<div>\u2022 Rozmer platne\u00a0 525 x 385 mm<\/div>\n<div>\u2022 Priemer kruhu 300 mm<\/div>\n<div>\u2022 O\u0161etren\u00e9 \u010diernou \u017eiaruvzdornou farbou<\/div>\n<div><\/div>\n","protected":false},"excerpt":{"rendered":"<p>Plat\u0148a do individu\u00e1lne stavan\u00fdch spor\u00e1kov na drevo.<\/p>\n","protected":false},"featured_media":5207,"comment_status":"open","ping_status":"closed","template":"","meta":[],"product_brand":[],"product_cat":[230,299,301,263],"product_tag":[],"class_list":{"0":"post-5180","1":"product","2":"type-product","3":"status-publish","4":"has-post-thumbnail","6":"product_cat-prislusenstvo","7":"product_cat-kovanie-pre-sporaky-kachlove-pece-udiarne","8":"product_cat-platne-na-sporaky-liatinove-platne-ocelove-platne-na-sporaky-cook-stove-plate-hot-plate-herd-platte","9":"product_cat-akcie","11":"first","12":"instock","13":"sale","14":"taxable","15":"shipping-taxable","16":"purchasable","17":"product-type-simple"},"_links":{"self":[{"href":"https:\/\/flamaecol.sk\/en\/wp-json\/wp\/v2\/product\/5180","targetHints":{"allow":["GET"]}}],"collection":[{"href":"https:\/\/flamaecol.sk\/en\/wp-json\/wp\/v2\/product"}],"about":[{"href":"https:\/\/flamaecol.sk\/en\/wp-json\/wp\/v2\/types\/product"}],"replies":[{"embeddable":true,"href":"https:\/\/flamaecol.sk\/en\/wp-json\/wp\/v2\/comments?post=5180"}],"wp:featuredmedia":[{"embeddable":true,"href":"https:\/\/flamaecol.sk\/en\/wp-json\/wp\/v2\/media\/5207"}],"wp:attachment":[{"href":"https:\/\/flamaecol.sk\/en\/wp-json\/wp\/v2\/media?parent=5180"}],"wp:term":[{"taxonomy":"product_brand","embeddable":true,"href":"https:\/\/flamaecol.sk\/en\/wp-json\/wp\/v2\/product_brand?post=5180"},{"taxonomy":"product_cat","embeddable":true,"href":"https:\/\/flamaecol.sk\/en\/wp-json\/wp\/v2\/product_cat?post=5180"},{"taxonomy":"product_tag","embeddable":true,"href":"https:\/\/flamaecol.sk\/en\/wp-json\/wp\/v2\/product_tag?post=5180"}],"curies":[{"name":"wp","href":"https:\/\/api.w.org\/{rel}","templated":true}]}}