{"id":5164,"date":"2025-07-10T11:37:00","date_gmt":"2025-07-10T09:37:00","guid":{"rendered":"https:\/\/flamaecol.sk\/?post_type=product&#038;p=5164"},"modified":"2025-07-11T15:08:32","modified_gmt":"2025-07-11T13:08:32","slug":"la-nordica-vicenza","status":"publish","type":"product","link":"https:\/\/flamaecol.sk\/en\/produkt\/la-nordica-vicenza\/","title":{"rendered":"La Nordica Vicenza"},"content":{"rendered":"<h2>Kuchynsk\u00fd spor\u00e1k La Nordica VICENZA<\/h2>\n<div><\/div>\n<ul>\n<li>Ohnisko z liatiny a Nordikeru<\/li>\n<li>Liatinov\u00e9 dvierka ohniska, oce\u013eov\u00e9 dvierka r\u00fary<\/li>\n<li>Smaltovan\u00e1 oce\u013eov\u00e1 kupola<\/li>\n<li>Vrchn\u00e1 varn\u00e1 doska a kr\u00fa\u017eky z le\u0161tenej liatiny<\/li>\n<li>R\u00e1m z nehrdzavej\u00facej ocele<\/li>\n<li>Vyberate\u013en\u00e1 z\u00e1suvka na popol<\/li>\n<li>Automatick\u00e9 nastavenie prim\u00e1rneho vzduchu<\/li>\n<li>Syst\u00e9m dodato\u010dn\u00e9ho spa\u013eovania pre n\u00edzke emisie<\/li>\n<li>25 l porcel\u00e1nom smaltovan\u00e1 oce\u013eov\u00e1 r\u00fara s osvetlen\u00edm<\/li>\n<li>Mo\u017enos\u0165 nas\u00e1vania vzduchu zvonku a jeho priameho priv\u00e1dzania do regul\u00e1torov pece<\/li>\n<li>Trojsklo ohniska<\/li>\n<li>\u0160tandardn\u00e1 v\u00fd\u0161ka hornej \u010dasti 3 cm<\/li>\n<li>Dvierka r\u00fary s dvojit\u00fdm zasklen\u00edm a tesneniami z nehrdzavej\u00facej ocele<\/li>\n<li>V\u00fdstup dymu vpravo, vzadu a v strede hore<\/li>\n<li>Oto\u010dn\u00e9 dvere<\/li>\n<li>Mo\u017enos\u0165 mont\u00e1\u017ee medzi skrinky n\u00e1bytku bez dodato\u010dnej sady<br class=\"avia-permanent-lb\" \/><br class=\"avia-permanent-lb\" \/><\/li>\n<\/ul>\n<div><strong>TECHNICK\u00c9 PARAMETRE<\/strong><\/div>\n<div>Menovit\u00fd v\u00fdkon do vzduchu: 6,0 kW<\/div>\n<div>Rozsah v\u00fdkonu : 4-7 kW<\/div>\n<div>Maxim\u00e1lna hodinov\u00e1 spotreba dreva: 1,7 kg \/ h<\/div>\n<div>Priemer dymovodu: 120 mm<\/div>\n<div>\u00da\u010dinnos\u0165: 86 %<\/div>\n<div>Hmotnos\u0165: 140 kg<\/div>\n<div>V\u00fdhrevnos\u0165 priestoru : 172 m\u00b3<\/div>\n<div>Priemer dymovodu : 130 mm<\/div>\n<div>Priemer r\u00fary pre pr\u00edvod extern\u00e9ho vzduchu: 100 mm<\/div>\n<div>V\u00fd\u0161ka: 910\/850 mm<\/div>\n<div>\u0160\u00edrka: 900 mm<\/div>\n<div>H\u013abka: 900 mm<\/div>\n<div>Typ spa\u013eovania: Trojstup\u0148ov\u00e9<\/div>\n<div>Farba: Nerez,\u010cierna<\/div>\n<div>Ve\u013ekos\u0165 polien: 330 mm<\/div>\n<div>Ve\u013ekos\u0165 pe\u010diacej r\u00fary: 170 x 350 x 410mm<\/div>\n","protected":false},"excerpt":{"rendered":"<div>Je navrhnut\u00fd tak, aby sa dal umiestni\u0165 v kontakte s n\u00e1bytkom bez potreby dodato\u010dnej v\u00fdbavy a perfektne sa integruje do kuchynsk\u00e9ho zariadenia.<\/div>\n<div>Navy\u0161e, jeho zmen\u0161en\u00e1 \u0161\u00edrka umo\u017e\u0148uje optimaliz\u00e1ciu priestoru.<\/div>\n","protected":false},"featured_media":5167,"comment_status":"open","ping_status":"closed","template":"","meta":[],"product_brand":[],"product_cat":[216,218,219,263],"product_tag":[],"class_list":{"0":"post-5164","1":"product","2":"type-product","3":"status-publish","4":"has-post-thumbnail","6":"product_cat-sporaky","7":"product_cat-luxusne-sporaky","8":"product_cat-nordica-sporaky","9":"product_cat-akcie","11":"first","12":"instock","13":"sale","14":"taxable","15":"shipping-taxable","16":"purchasable","17":"product-type-simple"},"_links":{"self":[{"href":"https:\/\/flamaecol.sk\/en\/wp-json\/wp\/v2\/product\/5164","targetHints":{"allow":["GET"]}}],"collection":[{"href":"https:\/\/flamaecol.sk\/en\/wp-json\/wp\/v2\/product"}],"about":[{"href":"https:\/\/flamaecol.sk\/en\/wp-json\/wp\/v2\/types\/product"}],"replies":[{"embeddable":true,"href":"https:\/\/flamaecol.sk\/en\/wp-json\/wp\/v2\/comments?post=5164"}],"wp:featuredmedia":[{"embeddable":true,"href":"https:\/\/flamaecol.sk\/en\/wp-json\/wp\/v2\/media\/5167"}],"wp:attachment":[{"href":"https:\/\/flamaecol.sk\/en\/wp-json\/wp\/v2\/media?parent=5164"}],"wp:term":[{"taxonomy":"product_brand","embeddable":true,"href":"https:\/\/flamaecol.sk\/en\/wp-json\/wp\/v2\/product_brand?post=5164"},{"taxonomy":"product_cat","embeddable":true,"href":"https:\/\/flamaecol.sk\/en\/wp-json\/wp\/v2\/product_cat?post=5164"},{"taxonomy":"product_tag","embeddable":true,"href":"https:\/\/flamaecol.sk\/en\/wp-json\/wp\/v2\/product_tag?post=5164"}],"curies":[{"name":"wp","href":"https:\/\/api.w.org\/{rel}","templated":true}]}}