{"id":5148,"date":"2025-07-10T11:00:10","date_gmt":"2025-07-10T09:00:10","guid":{"rendered":"https:\/\/flamaecol.sk\/?post_type=product&#038;p=5148"},"modified":"2025-07-11T15:09:54","modified_gmt":"2025-07-11T13:09:54","slug":"la-nordica-venezia","status":"publish","type":"product","link":"https:\/\/flamaecol.sk\/en\/produkt\/la-nordica-venezia\/","title":{"rendered":"La Nordica Venezia"},"content":{"rendered":"<h2>Kuchynsk\u00fd spor\u00e1k La Nordica VENEZIA<\/h2>\n<div>Trad\u00edcia nanovo interpretovan\u00e1 modern\u00fdm sp\u00f4sobom.<\/div>\n<ul>\n<li>obklad z br\u00fasenej alebo smaltovanej nerezovej ocele<\/li>\n<li>mas\u00edvna liatinov\u00e1 kon\u0161trukcia<\/li>\n<li>mo\u017enos\u0165 pripojenia extern\u00e9ho pr\u00edvodu vzduchu<\/li>\n<li>liatinov\u00e9 dvierka<\/li>\n<li>v\u00fdvod dymovodu horn\u00fd \/ zadn\u00fd \/ bo\u010dn\u00fd prav\u00fd (za pr\u00edplatok)<\/li>\n<li>dvojit\u00e9 presklenie dvierok ohniska a r\u00fary<\/li>\n<li>odoln\u00e1 keramick\u00e1 v\u00fdmurovka ohniska Nordiker<\/li>\n<li>dvojit\u00e9 spa\u013eovanie s terci\u00e1lnym vzduchom<\/li>\n<li>vhodn\u00fd do vstavby kuchynskej linky<\/li>\n<li>mo\u017enos\u0165 v\u00fd\u0161kovo nastavite\u013enej kon\u0161trukcie<\/li>\n<li>smaltovan\u00e1 r\u00fara s objemom 44 litrov<\/li>\n<li>r\u00fara s ventilom na ods\u00e1vanie p\u00e1r<\/li>\n<li>ve\u013ek\u00e1 liatinov\u00e1 varn\u00e1 plat\u0148a<\/li>\n<li>riaden\u00fd pr\u00edvod prim\u00e1rneho vzduchu termostatom<\/li>\n<li>osvetlen\u00e1 r\u00fara<\/li>\n<li>integrovan\u00fd teplomer<\/li>\n<li>dvojsklo pri spa\u013eovacej komore<\/li>\n<li>odn\u00edmate\u013en\u00fd popoln\u00edk<\/li>\n<li>\u00falo\u017en\u00fd priestor <br class=\"avia-permanent-lb\" \/><br class=\"avia-permanent-lb\" \/><br class=\"avia-permanent-lb\" \/><\/li>\n<\/ul>\n<div><strong>TECHNICK\u00c9 PARAMETRE<\/strong><\/div>\n<div>Menovit\u00fd v\u00fdkon do vzduchu: 8,3 kW<\/div>\n<div>Rozsah v\u00fdkonu : 4-10 kW<\/div>\n<div>Maxim\u00e1lna hodinov\u00e1 spotreba dreva: 2,2 kg \/ h<\/div>\n<div>Priemer dymovodu: 150 mm<\/div>\n<div>\u00da\u010dinnos\u0165: 86 %<\/div>\n<div>Hmotnos\u0165: 180 kg<\/div>\n<div>V\u00fdhrevnos\u0165 priestoru : 238 m\u00b3<\/div>\n<div>Priemer dymovodu : 130 mm<\/div>\n<div>Priemer r\u00fary pre pr\u00edvod extern\u00e9ho vzduchu: 100 mm<\/div>\n<div>V\u00fd\u0161ka: 910 mm<\/div>\n<div>\u0160\u00edrka: 900 mm<\/div>\n<div>H\u013abka: 600 mm<\/div>\n<div>Typ spa\u013eovania: Trojstup\u0148ov\u00e9<\/div>\n<div>Farba: Nerez,\u010cierna,Biela<\/div>\n<div>Ve\u013ekos\u0165 polien: 330 mm<\/div>\n<div>Ve\u013ekos\u0165 pe\u010diacej r\u00fary: 330 x 300 x 410mm<\/div>\n","protected":false},"excerpt":{"rendered":"<p>Venezia pripom\u00edna lahodn\u00e9 chute v \u010dase s najnov\u0161\u00edmi technol\u00f3giami. S rozmermi iba 90 cm je kompaktn\u00fd a dok\u00e1\u017ee optimalizova\u0165 priestor s \u00faplnou bezpe\u010dnos\u0165ou, pri\u010dom pon\u00faka mo\u017enos\u0165 in\u0161tal\u00e1cie aj v kontakte s kuchynsk\u00fdmi spotrebi\u010dmi bez potreby volite\u013en\u00fdch s\u00faprav.<\/p>\n","protected":false},"featured_media":5153,"comment_status":"open","ping_status":"closed","template":"","meta":[],"product_brand":[],"product_cat":[216,218,219,263],"product_tag":[],"class_list":{"0":"post-5148","1":"product","2":"type-product","3":"status-publish","4":"has-post-thumbnail","6":"product_cat-sporaky","7":"product_cat-luxusne-sporaky","8":"product_cat-nordica-sporaky","9":"product_cat-akcie","11":"first","12":"instock","13":"sale","14":"taxable","15":"shipping-taxable","16":"purchasable","17":"product-type-simple"},"_links":{"self":[{"href":"https:\/\/flamaecol.sk\/en\/wp-json\/wp\/v2\/product\/5148","targetHints":{"allow":["GET"]}}],"collection":[{"href":"https:\/\/flamaecol.sk\/en\/wp-json\/wp\/v2\/product"}],"about":[{"href":"https:\/\/flamaecol.sk\/en\/wp-json\/wp\/v2\/types\/product"}],"replies":[{"embeddable":true,"href":"https:\/\/flamaecol.sk\/en\/wp-json\/wp\/v2\/comments?post=5148"}],"wp:featuredmedia":[{"embeddable":true,"href":"https:\/\/flamaecol.sk\/en\/wp-json\/wp\/v2\/media\/5153"}],"wp:attachment":[{"href":"https:\/\/flamaecol.sk\/en\/wp-json\/wp\/v2\/media?parent=5148"}],"wp:term":[{"taxonomy":"product_brand","embeddable":true,"href":"https:\/\/flamaecol.sk\/en\/wp-json\/wp\/v2\/product_brand?post=5148"},{"taxonomy":"product_cat","embeddable":true,"href":"https:\/\/flamaecol.sk\/en\/wp-json\/wp\/v2\/product_cat?post=5148"},{"taxonomy":"product_tag","embeddable":true,"href":"https:\/\/flamaecol.sk\/en\/wp-json\/wp\/v2\/product_tag?post=5148"}],"curies":[{"name":"wp","href":"https:\/\/api.w.org\/{rel}","templated":true}]}}