{"id":5134,"date":"2025-07-10T10:27:05","date_gmt":"2025-07-10T08:27:05","guid":{"rendered":"https:\/\/flamaecol.sk\/?post_type=product&#038;p=5134"},"modified":"2025-07-10T11:37:19","modified_gmt":"2025-07-10T09:37:19","slug":"la-nordica-alaska","status":"publish","type":"product","link":"https:\/\/flamaecol.sk\/en\/produkt\/la-nordica-alaska\/","title":{"rendered":"La Nordica Alaska"},"content":{"rendered":"<h2>Kuchynsk\u00fd spor\u00e1k La Nordica Alaska<\/h2>\n<div><\/div>\n<div>Spor\u00e1k na drevo ALASKA je absol\u00fatna \u0161pi\u010dka v kon\u0161trukcii liatinov\u00fdch spor\u00e1kov!<\/div>\n<div>Plat\u0148a a r\u00e1m, ro\u0161t, v\u0161etky dvierka &#8211; v\u0161etko z mas\u00edvnej liatiny, ktor\u00e1 je povrchovo chr\u00e1nen\u00e1 smaltom .<\/div>\n<div>Trojit\u00e9 spa\u013eovanie s oplachom skla hor\u00facim vzduchom nedovol\u00ed zaneseniu skla. Integrovan\u00fd teplomer v r\u00fare pom\u00e1ha k fantastick\u00e9mu pe\u010deniu!<\/div>\n<div>Liatina, oce\u013e, sklo &#8211; tri materi\u00e1ly z ktor\u00fdch s\u00fa zostaven\u00e9 tieto spor\u00e1ky.<\/div>\n<div>K\u00fapou tohto spor\u00e1ku z\u00edskate mnohostrann\u00e9ho pomocn\u00edka v modernej dom\u00e1cnosti, ktor\u00e1 vyu\u017e\u00edva na k\u00farenie drevo. <br class=\"avia-permanent-lb\" \/><br class=\"avia-permanent-lb\" \/><\/div>\n<ul>\n<li>smaltovan\u00e1 oce\u013eov\u00e1 dvojpl\u00e1\u0161\u0165ov\u00e1 kon\u0161trukcia<\/li>\n<li>objemn\u00e1 smaltovan\u00e1 r\u00fara s objemom 78 l<\/li>\n<li>liatinov\u00e9 varn\u00e9 platni\u010dky<\/li>\n<li>smaltovan\u00e9 liatinov\u00e9 dvierka a spa\u013eovacia komora<\/li>\n<li>integrovan\u00e9 z\u00e1suvky na palivo \u010di drobnosti<\/li>\n<li>integrovan\u00fd teplomer<\/li>\n<li>mo\u017enos\u0165 grilovania cez aretovan\u00e9 otvoren\u00e9 dvierka<\/li>\n<li>dvojsklo pri spa\u013eovacej komore<\/li>\n<li>zdv\u00edhac\u00ed ro\u0161t pre letn\u00fa prev\u00e1dzku<\/li>\n<li>mo\u017enos\u0165 pripojenia extern\u00e9ho pr\u00edvodu vzduchu<\/li>\n<li>mo\u017enos\u0165 vo\u013eby chr\u00f3mov\u00e9ho alebo \u010dierneho r\u00e1mu <br class=\"avia-permanent-lb\" \/><br class=\"avia-permanent-lb\" \/><\/li>\n<\/ul>\n<div><strong>TECHNICK\u00c9 PARAMETRE<\/strong><\/div>\n<div>Menovit\u00fd v\u00fdkon do vzduchu: 12 kW<\/div>\n<div>Rozsah v\u00fdkonu : 5-13 kW<\/div>\n<div>Maxim\u00e1lna hodinov\u00e1 spotreba dreva: 3,2 kg \/ h<\/div>\n<div>Priemer dymovodu: 150 mm<\/div>\n<div>\u00da\u010dinnos\u0165: 88,6%<\/div>\n<div>Hmotnos\u0165: 350 kg<\/div>\n<div>V\u00fdhrevnos\u0165 priestoru : 344 m\u00b3<\/div>\n<div>Priemer r\u00fary pre pr\u00edvod extern\u00e9ho vzduchu: 100 mm<\/div>\n<div>V\u00fd\u0161ka: 860 mm<\/div>\n<div>\u0160\u00edrka: 1307 mm<\/div>\n<div>H\u013abka: 705 mm<\/div>\n<div>Typ spa\u013eovania: Trojstup\u0148ov\u00e9<\/div>\n<div>Obklad: Smaltovan\u00e1 oce\u013e \u010dierna<\/div>\n<div>Kon\u0161trukcie spa\u013eovacieho priestoru: Liatina,Nordiker<\/div>\n<div>Typ ro\u0161tu: Pevn\u00fd<\/div>\n<div>Popoln\u00edk: Vyberate\u013en\u00fd<\/div>\n<div>Ve\u013ekos\u0165 polien: 300 mm<\/div>\n<div>Ve\u013ekos\u0165 pe\u010diacej r\u00fary: 418 x 434 x 430mm<\/div>\n","protected":false},"excerpt":{"rendered":"<p>Plat\u0148a a r\u00e1m, ro\u0161t, v\u0161etky dvierka &#8211; v\u0161etko z mas\u00edvnej liatiny, ktor\u00e1 je povrchovo chr\u00e1nen\u00e1 smaltom.<\/p>\n","protected":false},"featured_media":5143,"comment_status":"open","ping_status":"closed","template":"","meta":[],"product_brand":[],"product_cat":[216,218,219,263],"product_tag":[],"class_list":{"0":"post-5134","1":"product","2":"type-product","3":"status-publish","4":"has-post-thumbnail","6":"product_cat-sporaky","7":"product_cat-luxusne-sporaky","8":"product_cat-nordica-sporaky","9":"product_cat-akcie","11":"first","12":"instock","13":"sale","14":"taxable","15":"shipping-taxable","16":"purchasable","17":"product-type-simple"},"_links":{"self":[{"href":"https:\/\/flamaecol.sk\/en\/wp-json\/wp\/v2\/product\/5134","targetHints":{"allow":["GET"]}}],"collection":[{"href":"https:\/\/flamaecol.sk\/en\/wp-json\/wp\/v2\/product"}],"about":[{"href":"https:\/\/flamaecol.sk\/en\/wp-json\/wp\/v2\/types\/product"}],"replies":[{"embeddable":true,"href":"https:\/\/flamaecol.sk\/en\/wp-json\/wp\/v2\/comments?post=5134"}],"wp:featuredmedia":[{"embeddable":true,"href":"https:\/\/flamaecol.sk\/en\/wp-json\/wp\/v2\/media\/5143"}],"wp:attachment":[{"href":"https:\/\/flamaecol.sk\/en\/wp-json\/wp\/v2\/media?parent=5134"}],"wp:term":[{"taxonomy":"product_brand","embeddable":true,"href":"https:\/\/flamaecol.sk\/en\/wp-json\/wp\/v2\/product_brand?post=5134"},{"taxonomy":"product_cat","embeddable":true,"href":"https:\/\/flamaecol.sk\/en\/wp-json\/wp\/v2\/product_cat?post=5134"},{"taxonomy":"product_tag","embeddable":true,"href":"https:\/\/flamaecol.sk\/en\/wp-json\/wp\/v2\/product_tag?post=5134"}],"curies":[{"name":"wp","href":"https:\/\/api.w.org\/{rel}","templated":true}]}}