{"id":4927,"date":"2025-02-21T15:37:46","date_gmt":"2025-02-21T13:37:46","guid":{"rendered":"https:\/\/flamaecol.sk\/?post_type=product&#038;p=4927"},"modified":"2025-02-21T16:38:38","modified_gmt":"2025-02-21T14:38:38","slug":"lugo-n-01-bf","status":"publish","type":"product","link":"https:\/\/flamaecol.sk\/en\/produkt\/lugo-n-01-bf\/","title":{"rendered":"Lugo N 01 BF"},"content":{"rendered":"<h2>LUGO N 01 BF s pe\u010diacou r\u00farou<\/h2>\n<div><\/div>\n<div>Spojenie tepla domova a vo\u0148av\u00e9ho jedla je iste l\u00e1kav\u00e9. Pre\u010do si teda nevychutna\u0165 tento p\u00f4\u017eitok s krbov\u00fdmi kach\u013eami LUGO N BF s r\u00farou na pe\u010denie. Doprajte si len to najlep\u0161ie. <br class=\"avia-permanent-lb\" \/><br class=\"avia-permanent-lb\" \/><\/div>\n<div>\n<ul>\n<li>vhodn\u00e9 aj pre n\u00edzkoenergetick\u00e9 domy<\/li>\n<li>CPV &#8211; centr\u00e1lny pr\u00edvod extern\u00e9ho vzduchu<\/li>\n<li>mo\u017enos\u0165 zapojenia horn\u00e9ho alebo zadn\u00e9ho odvodu spal\u00edn<\/li>\n<li>pr\u00edvod sekund\u00e1rneho vzduchu, v\u010faka ktor\u00e9mu je sklo dvierok om\u00fdvan\u00e9, a tak nedoch\u00e1dza k usadzovaniu ne\u010dist\u00f4t<\/li>\n<li>regul\u00e1cia prim\u00e1rneho a sekund\u00e1rneho pr\u00edvodu vzduchu jedin\u00fdm ovl\u00e1dac\u00edm prvkom<\/li>\n<li>uzatv\u00e1rate\u013en\u00fd drevn\u00edk, ktor\u00fd umo\u017e\u0148uje uskladnenie men\u0161ej z\u00e1soby dreva alebo eko-brikiet <br class=\"avia-permanent-lb\" \/><br class=\"avia-permanent-lb\" \/><\/li>\n<\/ul>\n<\/div>\n<div>Pr\u00edslu\u0161enstvo schv\u00e1len\u00e9 v\u00fdrobcom :<\/div>\n<div>Akumula\u010dn\u00e1 sada pre krbov\u00e9 kachle (AKKUM 01)<\/div>\n<div><\/div>\n<div>Technick\u00e9 parametre:<\/div>\n<div>V\u00fd\u0161ka 1552 mm<\/div>\n<div>\u0160\u00edrka 550 mm<\/div>\n<div>H\u013abka 456 mm<\/div>\n<div>Hmotnos\u0165 202 kg<\/div>\n<div>Nomin\u00e1lny v\u00fdkon 6 kW<\/div>\n<div>Regulovate\u013en\u00e9 v\u00fdkon 3,0 &#8211; 7,8 kW<\/div>\n<div>Priemer dymovodu 150 mm<\/div>\n<div>Priemer CPV 125 mm<\/div>\n<div>V\u00fd\u0161ka osi zadn\u00e9ho v\u00fdvodu 1369 mm<\/div>\n<div>\u0164ah 12 Pa<\/div>\n<div>\u00da\u010dinnos\u0165 81,9 %<\/div>\n<div>Priemerne spotreba dreva 1,7 kg \/ h<\/div>\n","protected":false},"excerpt":{"rendered":"<p>Krbov\u00e9 kachle Lugo N BF maj\u00fa r\u00faru na pe\u010denie.<\/p>\n","protected":false},"featured_media":4937,"comment_status":"open","ping_status":"closed","template":"","meta":[],"product_brand":[],"product_cat":[201,206,267],"product_tag":[],"class_list":{"0":"post-4927","1":"product","2":"type-product","3":"status-publish","4":"has-post-thumbnail","6":"product_cat-krbove-kachle","7":"product_cat-romotop","8":"product_cat-keramickekachlovepeceromotop","10":"first","11":"onbackorder","12":"sale","13":"taxable","14":"shipping-taxable","15":"purchasable","16":"product-type-simple"},"_links":{"self":[{"href":"https:\/\/flamaecol.sk\/en\/wp-json\/wp\/v2\/product\/4927","targetHints":{"allow":["GET"]}}],"collection":[{"href":"https:\/\/flamaecol.sk\/en\/wp-json\/wp\/v2\/product"}],"about":[{"href":"https:\/\/flamaecol.sk\/en\/wp-json\/wp\/v2\/types\/product"}],"replies":[{"embeddable":true,"href":"https:\/\/flamaecol.sk\/en\/wp-json\/wp\/v2\/comments?post=4927"}],"wp:featuredmedia":[{"embeddable":true,"href":"https:\/\/flamaecol.sk\/en\/wp-json\/wp\/v2\/media\/4937"}],"wp:attachment":[{"href":"https:\/\/flamaecol.sk\/en\/wp-json\/wp\/v2\/media?parent=4927"}],"wp:term":[{"taxonomy":"product_brand","embeddable":true,"href":"https:\/\/flamaecol.sk\/en\/wp-json\/wp\/v2\/product_brand?post=4927"},{"taxonomy":"product_cat","embeddable":true,"href":"https:\/\/flamaecol.sk\/en\/wp-json\/wp\/v2\/product_cat?post=4927"},{"taxonomy":"product_tag","embeddable":true,"href":"https:\/\/flamaecol.sk\/en\/wp-json\/wp\/v2\/product_tag?post=4927"}],"curies":[{"name":"wp","href":"https:\/\/api.w.org\/{rel}","templated":true}]}}