{"id":4920,"date":"2025-02-21T15:30:51","date_gmt":"2025-02-21T13:30:51","guid":{"rendered":"https:\/\/flamaecol.sk\/?post_type=product&#038;p=4920"},"modified":"2025-02-24T14:57:37","modified_gmt":"2025-02-24T12:57:37","slug":"lugo-n-04-akum-pieskovec","status":"publish","type":"product","link":"https:\/\/flamaecol.sk\/en\/produkt\/lugo-n-04-akum-pieskovec\/","title":{"rendered":"Lugo N 04 akum"},"content":{"rendered":"<h2>LUGO N 04 Akum pieskovec<\/h2>\n<div><\/div>\n<div>Ov\u00e1lny tvar krbov\u00fdch kachl\u00ed p\u00f4sob\u00ed v interi\u00e9ri \u00fatuln\u00fdm dojmom. Krbov\u00e9 kachle LUGO Akum m\u00f4\u017eu by\u0165 doplnen\u00e9 \u0161peci\u00e1lnymi akumula\u010dn\u00fdmi tvarovkami ROMOTOP .<\/div>\n<div>Touto &#8220;masou&#8221; akumula\u010dn\u00fdch prvkov predl\u017eujeme vy\u017earovanie tepla z kachl\u00ed a\u017e na 5,5 hodiny.<\/div>\n<div><\/div>\n<div>\n<ul>\n<li>vhodn\u00e9 aj pre n\u00edzkoenergetick\u00e9 domy<\/li>\n<li>CPV &#8211; centr\u00e1lny pr\u00edvod extern\u00e9ho vzduchu<\/li>\n<li>mo\u017enos\u0165 zapojenia horn\u00e9ho alebo zadn\u00e9ho odvodu spal\u00edn<\/li>\n<li>pr\u00edvod sekund\u00e1rneho vzduchu, v\u010faka ktor\u00e9mu je sklo dvierok om\u00fdvan\u00e9, a tak nedoch\u00e1dza k usadzovaniu ne\u010dist\u00f4t<\/li>\n<li>regul\u00e1cia prim\u00e1rneho a sekund\u00e1rneho pr\u00edvodu vzduchu jedin\u00fdm ovl\u00e1dac\u00edm prvkom<\/li>\n<li>uzatv\u00e1rate\u013en\u00fd drevn\u00edk, ktor\u00fd umo\u017e\u0148uje uskladnenie men\u0161ej z\u00e1soby dreva alebo eko-brikiet<\/li>\n<\/ul>\n<\/div>\n<div><\/div>\n<div>Pr\u00edslu\u0161enstvo schv\u00e1len\u00e9 v\u00fdrobcom<\/div>\n<div>Akumula\u010dn\u00e1 sada pre krbov\u00e9 kachle (AKKUM 01)<\/div>\n<div><\/div>\n<div>Technick\u00e9 parametre:<\/div>\n<div>V\u00fd\u0161ka 1530 mm<\/div>\n<div>\u0160\u00edrka 550 mm<\/div>\n<div>H\u013abka 457 mm<\/div>\n<div>Hmotnos\u0165 197 kg<\/div>\n<div>nomin\u00e1lny v\u00fdkon 5,4<\/div>\n<div>Regulovate\u013en\u00e9 v\u00fdkon 2,9 &#8211; 7,4 kW<\/div>\n<div>Priemer dymovodu 150 mm<\/div>\n<div>Priemer CPV 125 mm<\/div>\n<div>V\u00fd\u0161ka osi zadn\u00e9ho v\u00fdvodu 988 \/ 1289 mm<\/div>\n<div>\u0164ah 12 Pa<\/div>\n<div>\u00da\u010dinnos\u0165 82 %<\/div>\n<div>Priemerne spotreba dreva 1,6 kg \/ h<\/div>\n","protected":false},"excerpt":{"rendered":"<p>Krbov\u00e9 kachle Lugo akum s\u00fa vhodn\u00e9 pre n\u00edzkoenergetick\u00e9 domy .<\/p>\n","protected":false},"featured_media":4921,"comment_status":"open","ping_status":"closed","template":"","meta":[],"product_brand":[],"product_cat":[201,206,280,269],"product_tag":[],"class_list":{"0":"post-4920","1":"product","2":"type-product","3":"status-publish","4":"has-post-thumbnail","6":"product_cat-krbove-kachle","7":"product_cat-romotop","8":"product_cat-krbove-kachle-s-mastencom-kamenom-pieskovcom-romotop","9":"product_cat-salave-krby-a-kachle","11":"first","12":"instock","13":"taxable","14":"shipping-taxable","15":"purchasable","16":"product-type-simple"},"_links":{"self":[{"href":"https:\/\/flamaecol.sk\/en\/wp-json\/wp\/v2\/product\/4920","targetHints":{"allow":["GET"]}}],"collection":[{"href":"https:\/\/flamaecol.sk\/en\/wp-json\/wp\/v2\/product"}],"about":[{"href":"https:\/\/flamaecol.sk\/en\/wp-json\/wp\/v2\/types\/product"}],"replies":[{"embeddable":true,"href":"https:\/\/flamaecol.sk\/en\/wp-json\/wp\/v2\/comments?post=4920"}],"wp:featuredmedia":[{"embeddable":true,"href":"https:\/\/flamaecol.sk\/en\/wp-json\/wp\/v2\/media\/4921"}],"wp:attachment":[{"href":"https:\/\/flamaecol.sk\/en\/wp-json\/wp\/v2\/media?parent=4920"}],"wp:term":[{"taxonomy":"product_brand","embeddable":true,"href":"https:\/\/flamaecol.sk\/en\/wp-json\/wp\/v2\/product_brand?post=4920"},{"taxonomy":"product_cat","embeddable":true,"href":"https:\/\/flamaecol.sk\/en\/wp-json\/wp\/v2\/product_cat?post=4920"},{"taxonomy":"product_tag","embeddable":true,"href":"https:\/\/flamaecol.sk\/en\/wp-json\/wp\/v2\/product_tag?post=4920"}],"curies":[{"name":"wp","href":"https:\/\/api.w.org\/{rel}","templated":true}]}}