{"id":4671,"date":"2025-01-29T10:59:23","date_gmt":"2025-01-29T08:59:23","guid":{"rendered":"https:\/\/flamaecol.sk\/?post_type=product&#038;p=4671"},"modified":"2025-01-29T13:20:07","modified_gmt":"2025-01-29T11:20:07","slug":"la-nordica-inserto-80-wide-kopia","status":"publish","type":"product","link":"https:\/\/flamaecol.sk\/en\/produkt\/la-nordica-inserto-80-wide-kopia\/","title":{"rendered":"La Nordica Inserto 80 Wide"},"content":{"rendered":"<h2>La Nordica Inserto 80 Wide<\/h2>\n<div><\/div>\n<ul>\n<li>Energetick\u00e1 trieda A+<\/li>\n<li>Nomin\u00e1lny v\u00fdkon 8,1kW<\/li>\n<li>Materi\u00e1l ohniska: liatina + Nordiker<\/li>\n<li>Nordiker s\u00fa \u0161peci\u00e1lne tvarovan\u00e9 \u017eiarobet\u00f3ny<\/li>\n<li>Liatinov\u00fd r\u00e1m prikladac\u00edch dvierok<\/li>\n<li>Odn\u00edmate\u013en\u00fd popoln\u00edk v prednej \u010dasti<\/li>\n<li>Tich\u00fd chod vlo\u017eky (bez ventil\u00e1torov)<\/li>\n<li>Mo\u017enos\u0165 rozvodu tepl\u00e9ho vzduchu<\/li>\n<li>Mo\u017enos\u0165 napojenia na extern\u00fd pr\u00edvod vzduchu<\/li>\n<li>Regulovate\u013en\u00fd prim\u00e1rny a sekund\u00e1rny vzduch<\/li>\n<li>Prednastaven\u00fd terci\u00e1lny vzduch<\/li>\n<li>Jednoduch\u00e1 regul\u00e1cia vzduchu jedn\u00fdm tiahlom<\/li>\n<li>Maxim\u00e1lna d\u013a\u017eka polien a\u017e 70 cm<\/li>\n<li>Modern\u00fd vzh\u013ead krbovej vlo\u017eky<\/li>\n<li>Mo\u017enos\u0165 zmena smeru otv\u00e1rania dvierok<\/li>\n<li>Vysok\u00e1 \u00fa\u010dinnos\u0165 &gt; 82,1%<\/li>\n<li>Mo\u017enos\u0165 prik\u00fapi\u0165 sadu Wind Air s ventil\u00e1tormi<\/li>\n<li>Wind Air \u2013 umo\u017en\u00ed f\u00fakanie tepla do \u010fal\u0161\u00edch izieb<\/li>\n<\/ul>\n<div><strong>TECHNICK\u00c9 PARAMETRE:<\/strong><\/div>\n<div>Menovit\u00fd v\u00fdkon do vzduchu: 8 kW<\/div>\n<div>Rozsah v\u00fdkonu (kW) 4 \u2013 10<\/div>\n<div>Maxim\u00e1lna hodinov\u00e1 spotreba dreva: 2,27 kg \/ h<\/div>\n<div>Priemer dymovodu: 160 mm<\/div>\n<div>V\u00fdvod dymovodu: Horn\u00fd<\/div>\n<div>\u00da\u010dinnos\u0165: 82,1%<\/div>\n<div>Hmotnos\u0165: 150 kg<\/div>\n<div>V\u00fdhrevnos\u0165 priestoru pri zateplen\u00ed 50W \/ 1m\u00b3: 229 m\u00b3<\/div>\n<div>Priemer r\u00fary pre pr\u00edvod extern\u00e9ho vzduchu: 100 mm<\/div>\n<div>V\u00fd\u0161ka: 561 mm<\/div>\n<div>\u0160\u00edrka: 800 mm<\/div>\n<div>H\u013abka: 509 mm<\/div>\n<div>Typ spa\u013eovania: Trojstup\u0148ov\u00e9<\/div>\n<div>Kon\u0161trukcie spa\u013eovacieho priestoru: Liatina \/Nordiker<\/div>\n<div>Typ ro\u0161tu: Pevn\u00fd<\/div>\n<div>Popoln\u00edk: Vyberate\u013en\u00fd<\/div>\n<div>Ve\u013ekos\u0165 polien: 700 mm<\/div>\n<div>Prenos tepla: konvekcia<\/div>\n","protected":false},"excerpt":{"rendered":"<p>Ide o kon\u0161truk\u010dn\u00fa \u00fapravu popul\u00e1rnej krbovej vlo\u017eky Inserto 80 Crystal s ventil\u00e1tormi. Tento model krbovej vlo\u017eky v\u0161ak nem\u00e1 v z\u00e1kladnej v\u00fdbave ventil\u00e1tormi.<\/p>\n","protected":false},"featured_media":4680,"comment_status":"open","ping_status":"closed","template":"","meta":[],"product_brand":[],"product_cat":[222,227],"product_tag":[],"class_list":{"0":"post-4671","1":"product","2":"type-product","3":"status-publish","4":"has-post-thumbnail","6":"product_cat-krbove-vlozky","7":"product_cat-nordica-krbove-vlozky","9":"first","10":"instock","11":"taxable","12":"shipping-taxable","13":"purchasable","14":"product-type-simple"},"_links":{"self":[{"href":"https:\/\/flamaecol.sk\/en\/wp-json\/wp\/v2\/product\/4671","targetHints":{"allow":["GET"]}}],"collection":[{"href":"https:\/\/flamaecol.sk\/en\/wp-json\/wp\/v2\/product"}],"about":[{"href":"https:\/\/flamaecol.sk\/en\/wp-json\/wp\/v2\/types\/product"}],"replies":[{"embeddable":true,"href":"https:\/\/flamaecol.sk\/en\/wp-json\/wp\/v2\/comments?post=4671"}],"wp:featuredmedia":[{"embeddable":true,"href":"https:\/\/flamaecol.sk\/en\/wp-json\/wp\/v2\/media\/4680"}],"wp:attachment":[{"href":"https:\/\/flamaecol.sk\/en\/wp-json\/wp\/v2\/media?parent=4671"}],"wp:term":[{"taxonomy":"product_brand","embeddable":true,"href":"https:\/\/flamaecol.sk\/en\/wp-json\/wp\/v2\/product_brand?post=4671"},{"taxonomy":"product_cat","embeddable":true,"href":"https:\/\/flamaecol.sk\/en\/wp-json\/wp\/v2\/product_cat?post=4671"},{"taxonomy":"product_tag","embeddable":true,"href":"https:\/\/flamaecol.sk\/en\/wp-json\/wp\/v2\/product_tag?post=4671"}],"curies":[{"name":"wp","href":"https:\/\/api.w.org\/{rel}","templated":true}]}}