{"id":4604,"date":"2025-01-27T13:19:25","date_gmt":"2025-01-27T11:19:25","guid":{"rendered":"https:\/\/flamaecol.sk\/?post_type=product&#038;p=4604"},"modified":"2025-01-27T13:36:08","modified_gmt":"2025-01-27T11:36:08","slug":"la-nordica-larissa","status":"publish","type":"product","link":"https:\/\/flamaecol.sk\/en\/produkt\/la-nordica-larissa\/","title":{"rendered":"La Nordica Larissa"},"content":{"rendered":"<h2>Krbov\u00e9 kachle La Nordica Larissa\u00a0 <br class=\"avia-permanent-lb\" \/><br class=\"avia-permanent-lb\" \/><\/h2>\n<ul>\n<li>kachle s ventil\u00e1torom<\/li>\n<li>\u010deln\u00e1 ventil\u00e1cia hor\u00faceho vzduchu do miestnosti<\/li>\n<li>kon\u0161trukcia zo smaltovanej liatiny<\/li>\n<li>integrovan\u00e1 elektronick\u00e1 riadiaca jednotka<\/li>\n<li>bezdr\u00f4tov\u00fd termostat<\/li>\n<li>dia\u013ekov\u00e9 ovl\u00e1danie<\/li>\n<li>led signaliz\u00e1cia a tla\u010didlo priamo na kachliach<\/li>\n<li>automatick\u00e1 regul\u00e1cia intenzity horenia<\/li>\n<li>celo-liatinov\u00e9 ohnisko s v\u00fdmurovkou NORDIKER<\/li>\n<li>dvojit\u00e9 spa\u013eovanie<\/li>\n<li>vysok\u00e1 \u00fa\u010dinnos\u0165 viac ako 85%<\/li>\n<li>odn\u00edmate\u013en\u00fd popoln\u00edk<\/li>\n<li>extern\u00fd pr\u00edvod vzduchu priamo do ohniska<\/li>\n<li>mo\u017enos\u0165 pripojenia Wi-Fi modulu pre ovl\u00e1danie cez mobiln\u00fd telef\u00f3n <br class=\"avia-permanent-lb\" \/><br class=\"avia-permanent-lb\" \/><br class=\"avia-permanent-lb\" \/>TECHNICK\u00c9 PARAMETRE<\/li>\n<li>Menovit\u00fd v\u00fdkon do vzduchu: 8 kW<\/li>\n<li>Rozsah v\u00fdkonu (kW) 5 \u2013 10,8<\/li>\n<li>Maxim\u00e1lna hodinov\u00e1 spotreba dreva: 2,0 kg \/ h<\/li>\n<li>Priemer dymovodu: 150 mm<\/li>\n<li>V\u00fdvod dymovodu: Horn\u00e9<\/li>\n<li>\u00da\u010dinnos\u0165: 85%<\/li>\n<li>Hmotnos\u0165: 202 kg<\/li>\n<li>V\u00fdhrevnos\u0165 priestoru a\u017e 238 m\u00b3<\/li>\n<li>Priemer r\u00fary pre pr\u00edvod extern\u00e9ho vzduchu: 120<\/li>\n<li>V\u00fd\u0161ka: 1266 mm<\/li>\n<li>\u0160\u00edrka: 628 mm<\/li>\n<li>H\u013abka: 527 mm<\/li>\n<li>Typ spa\u013eovania: Trojstup\u0148ov\u00e9<\/li>\n<li>Obklad: smaltovan\u00e1 oce\u013e<\/li>\n<li>Kon\u0161trukcie spa\u013eovacieho priestoru: Liatina,Nordiker<\/li>\n<li>Ve\u013ekos\u0165 polien: 300 mm<\/li>\n<li>Prenos tepla: Konvek\u010dn\u00e9 <br class=\"avia-permanent-lb\" \/><br class=\"avia-permanent-lb\" \/>!NOVINKA! Krbov\u00e9 kachle LARISSA s\u00fa vybaven\u00e9 pokro\u010dil\u00fdm elektronick\u00fdm syst\u00e9mom, ktor\u00fd automaticky a efekt\u00edvne reguluje pr\u00edsun spa\u013eovacieho vzduchu a optimalizuje r\u00f4zne f\u00e1zy prev\u00e1dzky. <br class=\"avia-permanent-lb\" \/>Po\u010das f\u00e1zy zapa\u013eovania syst\u00e9m prid\u00e1va viac prim\u00e1rneho vzduchu, \u010do pom\u00e1ha zr\u00fdchli\u0165 proces zapa\u013eovania. V f\u00e1ze spa\u013eovania potom reguluje spa\u013eovac\u00ed vzduch pre zv\u00fd\u0161enie efektivity, \u010do vedie k zn\u00ed\u017eeniu spotreby a emisi\u00ed. <br class=\"avia-permanent-lb\" \/>Funkcia Eco m\u00f3du elektronick\u00e9ho syst\u00e9mu redukuje pr\u00edsuny spa\u013eovacieho vzduchu pod\u013ea presn\u00e9ho v\u00fdpo\u010dtu, aby udr\u017eovala zhav\u00e9 uhl\u00edky \u010do najdlh\u0161ie. To nielen pom\u00e1ha udr\u017eiava\u0165 konzistentn\u00fa teplotu, ale taktie\u017e u\u013eah\u010duje zap\u00e1lenie nov\u00fdch dreven\u00fdch polien po prilo\u017een\u00ed. <br class=\"avia-permanent-lb\" \/>Tieto liatinov\u00e9 krbov\u00e9 kachle s obkladom ohniska NORDIKER s\u00fa z\u00e1rukou dlhej \u017eivotnosti.<\/li>\n<\/ul>\n","protected":false},"excerpt":{"rendered":"<p>!NOVINKA! Krbov\u00e9 kachle LARISSA s\u00fa vybaven\u00e9 ventil\u00e1torom.<\/p>\n","protected":false},"featured_media":4609,"comment_status":"closed","ping_status":"closed","template":"","meta":[],"product_brand":[],"product_cat":[201,205],"product_tag":[],"class_list":{"0":"post-4604","1":"product","2":"type-product","3":"status-publish","4":"has-post-thumbnail","6":"product_cat-krbove-kachle","7":"product_cat-nordica-krbove-kachle","9":"first","10":"instock","11":"sale","12":"featured","13":"taxable","14":"shipping-taxable","15":"purchasable","16":"product-type-simple"},"_links":{"self":[{"href":"https:\/\/flamaecol.sk\/en\/wp-json\/wp\/v2\/product\/4604","targetHints":{"allow":["GET"]}}],"collection":[{"href":"https:\/\/flamaecol.sk\/en\/wp-json\/wp\/v2\/product"}],"about":[{"href":"https:\/\/flamaecol.sk\/en\/wp-json\/wp\/v2\/types\/product"}],"replies":[{"embeddable":true,"href":"https:\/\/flamaecol.sk\/en\/wp-json\/wp\/v2\/comments?post=4604"}],"wp:featuredmedia":[{"embeddable":true,"href":"https:\/\/flamaecol.sk\/en\/wp-json\/wp\/v2\/media\/4609"}],"wp:attachment":[{"href":"https:\/\/flamaecol.sk\/en\/wp-json\/wp\/v2\/media?parent=4604"}],"wp:term":[{"taxonomy":"product_brand","embeddable":true,"href":"https:\/\/flamaecol.sk\/en\/wp-json\/wp\/v2\/product_brand?post=4604"},{"taxonomy":"product_cat","embeddable":true,"href":"https:\/\/flamaecol.sk\/en\/wp-json\/wp\/v2\/product_cat?post=4604"},{"taxonomy":"product_tag","embeddable":true,"href":"https:\/\/flamaecol.sk\/en\/wp-json\/wp\/v2\/product_tag?post=4604"}],"curies":[{"name":"wp","href":"https:\/\/api.w.org\/{rel}","templated":true}]}}