{"id":4574,"date":"2025-01-23T14:29:13","date_gmt":"2025-01-23T12:29:13","guid":{"rendered":"https:\/\/flamaecol.sk\/?post_type=product&#038;p=4574"},"modified":"2025-12-03T15:28:08","modified_gmt":"2025-12-03T13:28:08","slug":"la-nordica-liu-petra","status":"publish","type":"product","link":"https:\/\/flamaecol.sk\/en\/produkt\/la-nordica-liu-petra\/","title":{"rendered":"La Nordica Liu Petra"},"content":{"rendered":"<h2>Krbov\u00e9 kachle La Nordica Liu Petra<br class=\"avia-permanent-lb\" \/><br class=\"avia-permanent-lb\" \/><\/h2>\n<ul>\n<li>Kachle zo s\u00e9rie Evolution line<\/li>\n<li>Prec\u00edzne utesnen\u00e9 kachle<\/li>\n<li>Energetick\u00e1 trieda A+<\/li>\n<li>Zaoblen\u00e9 liatinov\u00e9 dvierka s ve\u013ek\u00fdm presklen\u00edm<\/li>\n<li>Materi\u00e1l ohniska &#8211; liatina + Nordiker<\/li>\n<li>Nordiker s\u00fa \u0161peci\u00e1lne \u017eiarobet\u00f3ny so svetl\u00fdm povrchom<\/li>\n<li>Mas\u00edvny mastencov\u00fd obklad<\/li>\n<li>Vertik\u00e1lne ohnisko<\/li>\n<li>Ve\u013emi vysok\u00e1 \u00fa\u010dinnos\u0165 &gt; 86,5%<\/li>\n<li>Regulovate\u013en\u00fd prim\u00e1rny a sekund\u00e1rny vzduch<\/li>\n<li>Terci\u00e1lny vzduch je prednastaven\u00fd z v\u00fdroby<\/li>\n<li>Zjednodu\u0161en\u00e1 regul\u00e1cia jedn\u00fdm tiahlom<\/li>\n<li>Odn\u00edmate\u013en\u00fd popoln\u00edk<\/li>\n<li>Dvojpl\u00e1\u0161\u0165ov\u00e9 konvek\u010dn\u00e9 kachle<\/li>\n<li>Maxim\u00e1lne rozlo\u017eenie tepla po miestnosti<\/li>\n<li>Mo\u017enos\u0165 napojenia na extern\u00fd pr\u00edvod vzduchu<\/li>\n<li>Okr\u00fahly p\u00f4dorys kachl\u00ed<\/li>\n<li>Ergonomick\u00e9 madlo dvierok ohniska<\/li>\n<\/ul>\n<div><\/div>\n<div>TECHNICK\u00c9 PARAMETRE<\/div>\n<ul>\n<li>Nomin\u00e1lny v\u00fdkon (kW) 7,5<\/li>\n<li>Rozsah v\u00fdkonu (kW) 4 \u2013 10<\/li>\n<li>Vykurovacia schopnos\u0165 (m3) a\u017e 215<\/li>\n<li>Palivo drevo (ekobrikety)<\/li>\n<li>Spotreba ( kg\/hod) 2,0<\/li>\n<li>\u00da\u010dinnos\u0165 (%) 86,5<\/li>\n<li>Rozmer &#8211; V x \u0160 x H 1127x537x503<\/li>\n<li>V\u00e1ha bez obalu (Netto) 195<\/li>\n<li>V\u00e1ha s obalom (Brutto) 215<\/li>\n<li>Max. d\u013a\u017eka polena (cm) 33<\/li>\n<li>Priemer dymovodu (mm) 130<\/li>\n<li>Emisn\u00e1 hodnota CO 0,074<\/li>\n<li>Zadn\u00e9 pripojenie dymovodu nie<\/li>\n<li>Horn\u00e9 pripojenie dymovodu \u00e1no<\/li>\n<li>Extern\u00fd pr\u00edvod vzduchu 100 mm<\/li>\n<li>Prevedenie teplovzdu\u0161n\u00e1<\/li>\n<\/ul>\n","protected":false},"excerpt":{"rendered":"<p>La Nordica Liu Petra s\u00fa stredne ve\u013ek\u00e9 krbov\u00e9 kachle s mastencov\u00fdm obkladom.<\/p>\n","protected":false},"featured_media":4575,"comment_status":"closed","ping_status":"closed","template":"","meta":[],"product_brand":[],"product_cat":[201,205],"product_tag":[],"class_list":{"0":"post-4574","1":"product","2":"type-product","3":"status-publish","4":"has-post-thumbnail","6":"product_cat-krbove-kachle","7":"product_cat-nordica-krbove-kachle","9":"first","10":"instock","11":"sale","12":"taxable","13":"shipping-taxable","14":"purchasable","15":"product-type-simple"},"_links":{"self":[{"href":"https:\/\/flamaecol.sk\/en\/wp-json\/wp\/v2\/product\/4574","targetHints":{"allow":["GET"]}}],"collection":[{"href":"https:\/\/flamaecol.sk\/en\/wp-json\/wp\/v2\/product"}],"about":[{"href":"https:\/\/flamaecol.sk\/en\/wp-json\/wp\/v2\/types\/product"}],"replies":[{"embeddable":true,"href":"https:\/\/flamaecol.sk\/en\/wp-json\/wp\/v2\/comments?post=4574"}],"wp:featuredmedia":[{"embeddable":true,"href":"https:\/\/flamaecol.sk\/en\/wp-json\/wp\/v2\/media\/4575"}],"wp:attachment":[{"href":"https:\/\/flamaecol.sk\/en\/wp-json\/wp\/v2\/media?parent=4574"}],"wp:term":[{"taxonomy":"product_brand","embeddable":true,"href":"https:\/\/flamaecol.sk\/en\/wp-json\/wp\/v2\/product_brand?post=4574"},{"taxonomy":"product_cat","embeddable":true,"href":"https:\/\/flamaecol.sk\/en\/wp-json\/wp\/v2\/product_cat?post=4574"},{"taxonomy":"product_tag","embeddable":true,"href":"https:\/\/flamaecol.sk\/en\/wp-json\/wp\/v2\/product_tag?post=4574"}],"curies":[{"name":"wp","href":"https:\/\/api.w.org\/{rel}","templated":true}]}}