{"id":4543,"date":"2025-01-22T14:28:43","date_gmt":"2025-01-22T12:28:43","guid":{"rendered":"https:\/\/flamaecol.sk\/?post_type=product&#038;p=4543"},"modified":"2025-07-24T15:10:39","modified_gmt":"2025-07-24T13:10:39","slug":"la-nordica-margaret","status":"publish","type":"product","link":"https:\/\/flamaecol.sk\/en\/produkt\/la-nordica-margaret\/","title":{"rendered":"La Nordica Margaret na drevo a pelety"},"content":{"rendered":"<h2>Krbov\u00e9 kachle La Nordica Margaret <br class=\"avia-permanent-lb\" \/><br class=\"avia-permanent-lb\" \/><\/h2>\n<p>\u2022 Dizajnov\u00fd keramick\u00fd alebo kamenn\u00fd obklad mastenec<br \/>\n\u2022 Ohnisko s liatinovou z\u00e1klad\u0148ou a odolnou v\u00fdmurovkou Nordiker (ve\u013ek\u00fd poh\u013ead na ohe\u0148)<br \/>\n\u2022 Vyberate\u013en\u00fd popoln\u00edk<br \/>\n\u2022 Ventil\u00e1tor na f\u00fakanie hor\u00faceho vzduchu po miestnosti PRE AIR SETUP<br \/>\n\u2022 Samo\u010distiaci ro\u0161t na pelety<br \/>\n\u2022 Dotykov\u00fd LCD displej ,\u010fia\u013ekov\u00e9 ovl\u00e1danie<br \/>\n\u2022 Aplik\u00e1cia \u201eTotal Control 3.0\u201c s funkciou Alexa a vzdialenou pomocou<br \/>\n\u2022 Jednoduch\u00e9 nastavenie a ovl\u00e1danie, t\u00fd\u017edenn\u00fd chrono termostat<br \/>\n\u2022 Riadenie prim\u00e1rneho\/sekund\u00e1rneho vzduchu pomocou motoricky riaden\u00e9ho ventilu s automatick\u00fdm otvoren\u00edm (v pr\u00edpade v\u00fdpadku pr\u00fadu)<br \/>\n\u2022 Bezkefov\u00fd motor na nakladanie peliet \u2013 pre tich\u00fd chod<br \/>\n\u2022 Senzor hladiny peliet<br \/>\n\u2022 Keramick\u00e1 \u017ehaviaca svie\u010dka<br \/>\n\u2022 Mo\u017enos\u0165 rozvodu hor\u00faceho vzduchu AIR ZONE (ak je zak\u00fapen\u00e9) <br class=\"avia-permanent-lb\" \/>\u2022 Vzduchotesn\u00e9 kachle <br class=\"avia-permanent-lb\" \/><br class=\"avia-permanent-lb\" \/><\/p>\n<div>TECHNICK\u00c9 PARAMETRE<\/div>\n<ul>\n<li>Nomin\u00e1lny v\u00fdkon (kW) 10<\/li>\n<li>Rozsah v\u00fdkonu (kW)\u00a0 drevo\u00a0 6 &#8211; 10 ,pelety 3 \u2013 10<\/li>\n<li>Vykurovacia schopnos\u0165 (m3) a\u017e 186<\/li>\n<li>Palivo drevo (ekobrikety)<\/li>\n<li>Spotreba ( kg\/hod) drevo 1,6 \u2013 2,6, pelety 0,8 \u2013 2,3<\/li>\n<li>\u00da\u010dinnos\u0165 (%) drevo 88 -89\u00a0 pelety 82 &#8211; 90<\/li>\n<li>Kapacita z\u00e1sobn\u00edku (kg) 30<\/li>\n<li>V\u00e1ha bez obalu (Netto) 270<\/li>\n<li>Max. d\u013a\u017eka polena (cm) 30<\/li>\n<li>Priemer dymovodu (mm) 120<\/li>\n<li>Zadn\u00e9 pripojenie dymovodu \u00e1no<\/li>\n<li>Horn\u00e9 pripojenie dymovodu \u00e1no<\/li>\n<li>Extern\u00fd pr\u00edvod vzduchu \u00e1no 120 mm priemer<\/li>\n<li>Rozvod hor\u00faceho vzduchu \u00c1no \u2013 volite\u013en\u00fd 80 mm priemer<\/li>\n<li>Energetick\u00e1 trieda A+<\/li>\n<\/ul>\n","protected":false},"excerpt":{"rendered":"<p>La Nordica Margaret hybridn\u00e9 kachle na pelety a drevo.<\/p>\n","protected":false},"featured_media":4544,"comment_status":"closed","ping_status":"closed","template":"","meta":[],"product_brand":[],"product_cat":[201,203,205,209,211],"product_tag":[],"class_list":{"0":"post-4543","1":"product","2":"type-product","3":"status-publish","4":"has-post-thumbnail","6":"product_cat-krbove-kachle","7":"product_cat-exkluzivne","8":"product_cat-nordica-krbove-kachle","9":"product_cat-krbove-kachle-na-pelety","10":"product_cat-extraflame","12":"first","13":"instock","14":"sale","15":"taxable","16":"shipping-taxable","17":"purchasable","18":"product-type-simple"},"_links":{"self":[{"href":"https:\/\/flamaecol.sk\/en\/wp-json\/wp\/v2\/product\/4543","targetHints":{"allow":["GET"]}}],"collection":[{"href":"https:\/\/flamaecol.sk\/en\/wp-json\/wp\/v2\/product"}],"about":[{"href":"https:\/\/flamaecol.sk\/en\/wp-json\/wp\/v2\/types\/product"}],"replies":[{"embeddable":true,"href":"https:\/\/flamaecol.sk\/en\/wp-json\/wp\/v2\/comments?post=4543"}],"wp:featuredmedia":[{"embeddable":true,"href":"https:\/\/flamaecol.sk\/en\/wp-json\/wp\/v2\/media\/4544"}],"wp:attachment":[{"href":"https:\/\/flamaecol.sk\/en\/wp-json\/wp\/v2\/media?parent=4543"}],"wp:term":[{"taxonomy":"product_brand","embeddable":true,"href":"https:\/\/flamaecol.sk\/en\/wp-json\/wp\/v2\/product_brand?post=4543"},{"taxonomy":"product_cat","embeddable":true,"href":"https:\/\/flamaecol.sk\/en\/wp-json\/wp\/v2\/product_cat?post=4543"},{"taxonomy":"product_tag","embeddable":true,"href":"https:\/\/flamaecol.sk\/en\/wp-json\/wp\/v2\/product_tag?post=4543"}],"curies":[{"name":"wp","href":"https:\/\/api.w.org\/{rel}","templated":true}]}}