{"id":4518,"date":"2025-01-22T14:01:15","date_gmt":"2025-01-22T12:01:15","guid":{"rendered":"https:\/\/flamaecol.sk\/?post_type=product&#038;p=4518"},"modified":"2025-01-22T14:23:37","modified_gmt":"2025-01-22T12:23:37","slug":"la-nordica-emiliana","status":"publish","type":"product","link":"https:\/\/flamaecol.sk\/en\/produkt\/la-nordica-emiliana\/","title":{"rendered":"La Nordica Emiliana"},"content":{"rendered":"<h2>Krbov\u00e9 kachle La Nordica Emiliana <br class=\"avia-permanent-lb\" \/><br class=\"avia-permanent-lb\" \/><\/h2>\n<ul>\n<li>Energetick\u00e1 trieda A+<\/li>\n<li>Mas\u00edvna liatinov\u00e1 kon\u0161trukcia<\/li>\n<li>Materi\u00e1l ohniska &#8211; liatina + nerezov\u00e9 deflektory<\/li>\n<li>Mas\u00edvny kach\u013eov\u00fd obklad<\/li>\n<li>V hornej \u010dasti varn\u00e1 platni\u010dka<\/li>\n<li>N\u00edzky v\u00fdkon<\/li>\n<li>Ve\u013emi vysok\u00e1 \u00fa\u010dinnos\u0165 &gt; 88.7 %<\/li>\n<li>Regulovate\u013en\u00fd prim\u00e1rny a sekund\u00e1rny vzduch<\/li>\n<li>Terci\u00e1lny vzduch je prednastaven\u00fd z v\u00fdroby<\/li>\n<li>Odn\u00edmate\u013en\u00fd popoln\u00edk<\/li>\n<li>Dvojpl\u00e1\u0161\u0165ov\u00e9 konvek\u010dn\u00e9 kachle<\/li>\n<li>Maxim\u00e1lne rozlo\u017eenie tepla po miestnosti <br class=\"avia-permanent-lb\" \/><br class=\"avia-permanent-lb\" \/><\/li>\n<\/ul>\n<div>Modern\u00e9 stredne ve\u013ek\u00e9 krbov\u00e9 kachle s mas\u00edvnym kach\u013eov\u00fdm obkladom s\u00fa st\u00e1le popul\u00e1rnej\u0161ie a popul\u00e1rnej\u0161ie, preto\u017ee dne\u0161n\u00fdm trendom je izolova\u0165 objekty, zn\u00ed\u017ei\u0165 tak energetick\u00fa n\u00e1ro\u010dnos\u0165 a potom nie je potrebn\u00fd ve\u013ek\u00fd v\u00fdkon a mno\u017estvo tepla. <br class=\"avia-permanent-lb\" \/><br class=\"avia-permanent-lb\" \/><\/div>\n<div>TECHNICK\u00c9 PARAMETRE<\/div>\n<ul>\n<li>Nomin\u00e1lny v\u00fdkon (kW) 6,5<\/li>\n<li>Rozsah v\u00fdkonu (kW) 3 \u2013 9<\/li>\n<li>Vykurovacia schopnos\u0165 (m3) a\u017e 186<\/li>\n<li>Palivo drevo (ekobrikety)<\/li>\n<li>Spotreba ( kg\/hod) 1,7<\/li>\n<li>\u00da\u010dinnos\u0165 (%) 88,7<\/li>\n<li>Rozmer &#8211; V x \u0160 x H 950 x 453 x 490<\/li>\n<li>V\u00e1ha bez obalu (Netto) 135<\/li>\n<li>V\u00e1ha s obalom (Brutto) 150<\/li>\n<li>Max. d\u013a\u017eka polena (cm) 30<\/li>\n<li>Priemer dymovodu (mm) 120<\/li>\n<li>Emisn\u00e1 hodnota CO 0,03<\/li>\n<li>Zadn\u00e9 pripojenie dymovodu nie<\/li>\n<li>Horn\u00e9 pripojenie dymovodu \u00e1no<\/li>\n<li>Extern\u00fd pr\u00edvod vzduchu do medzipl\u00e1\u0161\u0165a (nie priamo do ohniska)<\/li>\n<li>Platni\u010dka \u00c1no<\/li>\n<li>Ventil\u00e1tor nie<\/li>\n<li>Prevedenie teplovzdu\u0161n\u00e1<\/li>\n<\/ul>\n","protected":false},"excerpt":{"rendered":"<p>La Nordica Emiliana s kach\u013eov\u00fdm obkladom a varnou platni\u010dkou.<\/p>\n","protected":false},"featured_media":4521,"comment_status":"closed","ping_status":"closed","template":"","meta":[],"product_brand":[],"product_cat":[201,205],"product_tag":[],"class_list":{"0":"post-4518","1":"product","2":"type-product","3":"status-publish","4":"has-post-thumbnail","6":"product_cat-krbove-kachle","7":"product_cat-nordica-krbove-kachle","9":"first","10":"instock","11":"taxable","12":"shipping-taxable","13":"purchasable","14":"product-type-simple"},"_links":{"self":[{"href":"https:\/\/flamaecol.sk\/en\/wp-json\/wp\/v2\/product\/4518","targetHints":{"allow":["GET"]}}],"collection":[{"href":"https:\/\/flamaecol.sk\/en\/wp-json\/wp\/v2\/product"}],"about":[{"href":"https:\/\/flamaecol.sk\/en\/wp-json\/wp\/v2\/types\/product"}],"replies":[{"embeddable":true,"href":"https:\/\/flamaecol.sk\/en\/wp-json\/wp\/v2\/comments?post=4518"}],"wp:featuredmedia":[{"embeddable":true,"href":"https:\/\/flamaecol.sk\/en\/wp-json\/wp\/v2\/media\/4521"}],"wp:attachment":[{"href":"https:\/\/flamaecol.sk\/en\/wp-json\/wp\/v2\/media?parent=4518"}],"wp:term":[{"taxonomy":"product_brand","embeddable":true,"href":"https:\/\/flamaecol.sk\/en\/wp-json\/wp\/v2\/product_brand?post=4518"},{"taxonomy":"product_cat","embeddable":true,"href":"https:\/\/flamaecol.sk\/en\/wp-json\/wp\/v2\/product_cat?post=4518"},{"taxonomy":"product_tag","embeddable":true,"href":"https:\/\/flamaecol.sk\/en\/wp-json\/wp\/v2\/product_tag?post=4518"}],"curies":[{"name":"wp","href":"https:\/\/api.w.org\/{rel}","templated":true}]}}