{"id":4515,"date":"2025-01-22T11:01:15","date_gmt":"2025-01-22T09:01:15","guid":{"rendered":"https:\/\/flamaecol.sk\/?post_type=product&#038;p=4515"},"modified":"2025-01-22T11:06:51","modified_gmt":"2025-01-22T09:06:51","slug":"la-nordica-asia-bii-vulcan","status":"publish","type":"product","link":"https:\/\/flamaecol.sk\/en\/produkt\/la-nordica-asia-bii-vulcan\/","title":{"rendered":"La Nordica Asia BII Vulcan"},"content":{"rendered":"<h2>Krbov\u00e9 kachle La Nordica Asia BII Vulcan<\/h2>\n<p>&nbsp;<\/p>\n<ul>\n<li>smaltovan\u00e9 liatinov\u00e9 diely<\/li>\n<li>celo-liatinov\u00e9 ohnisko<\/li>\n<li>obklad tmav\u00fd pr\u00edrodn\u00fd kame\u0148 Vulcan<\/li>\n<li>akumul\u00e1cia tepla<\/li>\n<li>pohybliv\u00fd ro\u0161t<\/li>\n<li>dvojit\u00e9 spa\u013eovanie<\/li>\n<li>vysok\u00e1 \u00fa\u010dinnos\u0165<\/li>\n<li>dvojpl\u00e1\u0161\u0165ov\u00e1 kon\u0161trukcia<\/li>\n<li>ntegrovan\u00fd z\u00e1sobn\u00edk na drevo <br class=\"avia-permanent-lb\" \/><br class=\"avia-permanent-lb\" \/><\/li>\n<\/ul>\n<div>TECHNICK\u00c9 PARAMETRE<\/div>\n<ul>\n<li>Nomin\u00e1lny v\u00fdkon (kW) 6<\/li>\n<li>Rozsah v\u00fdkonu (kW) 3 \u2013 9<\/li>\n<li>Vykurovacia schopnos\u0165 (m3) 60 \u2013 180<\/li>\n<li>Palivo drevo (ekobrikety)<\/li>\n<li>Spotreba dreva 1,7 kg\/hod<\/li>\n<li>\u00da\u010dinnos\u0165 (%) 81,3<\/li>\n<li>Rozmer &#8211; V x \u0160 x H 930 x 438 x 470<\/li>\n<li>V\u00e1ha bez obalu (Netto) 159<\/li>\n<li>V\u00e1ha s obalom (Brutto) 169<\/li>\n<li>Max. d\u013a\u017eka polen\u00e1 (cm) 33<\/li>\n<li>Priemer dymovodu (mm) 120<\/li>\n<li>Emisn\u00e1 hodnota CO 0,06<\/li>\n<li>Zadn\u00e9 pripojenie dymovodu nie<\/li>\n<li>Extern\u00fd pr\u00edvod vzduchu nie<\/li>\n<li>Vzdialenos\u0165 od stredu horn\u00e9ho v\u00fdvodu po zadn\u00fd okraj kachl\u00ed 110<\/li>\n<li>V\u00fd\u0161ka horn\u00e9ho napojenia od zeme po l\u00edmec dymovodu 930 mm<\/li>\n<li>Farba \u0161ed\u00e1<\/li>\n<li>Ventil\u00e1tor nie<\/li>\n<li>Prevedenie teplovzdu\u0161n\u00e1 pec<\/li>\n<\/ul>\n","protected":false},"excerpt":{"rendered":"<p>Krbov\u00e9 kachle s vulkanick\u00fdm kame\u0148om La Nordica Asia BII Vulcan<\/p>\n","protected":false},"featured_media":4351,"comment_status":"closed","ping_status":"closed","template":"","meta":[],"product_brand":[],"product_cat":[201,205],"product_tag":[],"class_list":{"0":"post-4515","1":"product","2":"type-product","3":"status-publish","4":"has-post-thumbnail","6":"product_cat-krbove-kachle","7":"product_cat-nordica-krbove-kachle","9":"first","10":"onbackorder","11":"taxable","12":"shipping-taxable","13":"purchasable","14":"product-type-simple"},"_links":{"self":[{"href":"https:\/\/flamaecol.sk\/en\/wp-json\/wp\/v2\/product\/4515","targetHints":{"allow":["GET"]}}],"collection":[{"href":"https:\/\/flamaecol.sk\/en\/wp-json\/wp\/v2\/product"}],"about":[{"href":"https:\/\/flamaecol.sk\/en\/wp-json\/wp\/v2\/types\/product"}],"replies":[{"embeddable":true,"href":"https:\/\/flamaecol.sk\/en\/wp-json\/wp\/v2\/comments?post=4515"}],"wp:featuredmedia":[{"embeddable":true,"href":"https:\/\/flamaecol.sk\/en\/wp-json\/wp\/v2\/media\/4351"}],"wp:attachment":[{"href":"https:\/\/flamaecol.sk\/en\/wp-json\/wp\/v2\/media?parent=4515"}],"wp:term":[{"taxonomy":"product_brand","embeddable":true,"href":"https:\/\/flamaecol.sk\/en\/wp-json\/wp\/v2\/product_brand?post=4515"},{"taxonomy":"product_cat","embeddable":true,"href":"https:\/\/flamaecol.sk\/en\/wp-json\/wp\/v2\/product_cat?post=4515"},{"taxonomy":"product_tag","embeddable":true,"href":"https:\/\/flamaecol.sk\/en\/wp-json\/wp\/v2\/product_tag?post=4515"}],"curies":[{"name":"wp","href":"https:\/\/api.w.org\/{rel}","templated":true}]}}