{"id":4469,"date":"2025-01-22T10:02:51","date_gmt":"2025-01-22T08:02:51","guid":{"rendered":"https:\/\/flamaecol.sk\/?post_type=product&#038;p=4469"},"modified":"2025-01-29T13:19:13","modified_gmt":"2025-01-29T11:19:13","slug":"la-nordica-concita-2-0","status":"publish","type":"product","link":"https:\/\/flamaecol.sk\/en\/produkt\/la-nordica-concita-2-0\/","title":{"rendered":"La Nordica Concita 2.0"},"content":{"rendered":"<h2>Krbov\u00e9 kachle La Nordica Concita 2.0<\/h2>\n<p>&nbsp;<\/p>\n<ul>\n<li>smaltovan\u00e9 liatinov\u00e9 diely<\/li>\n<li>liatinov\u00e1 kon\u0161trukcia ohniska<\/li>\n<li>bo\u010dn\u00e1 v\u00fdmurovka ohniska zo \u017eiarobet\u00f3nu Nordiker<\/li>\n<li>obklad keramika<\/li>\n<li>farba bord\u00f3 ,biela<\/li>\n<li>akumul\u00e1cia tepla<\/li>\n<li>pohybliv\u00fd ro\u0161t<\/li>\n<li>dvojit\u00e9 spa\u013eovanie<\/li>\n<li>vysok\u00e1 \u00fa\u010dinnos\u0165 86,4%<\/li>\n<li>EPS \u2013 syst\u00e9m s 50cm dymovodom s turbul\u00e1torom<\/li>\n<li>dvojpl\u00e1\u0161\u0165ov\u00e1 kon\u0161trukcia<\/li>\n<li>liatinov\u00e1 varn\u00e1 platni\u010dka<\/li>\n<\/ul>\n<p>&nbsp;<\/p>\n<div>TECHNICK\u00c9 PARAMETRE<\/div>\n<ul>\n<li>Nomin\u00e1lny v\u00fdkon (kW) 11,8<\/li>\n<li>Rozsah v\u00fdkonu (kW) 6 \u2013 13<\/li>\n<li>Vykurovacia schopnos\u0165 a\u017e (m3) 338<\/li>\n<li>\u00da\u010dinnos\u0165 (%) 86,4<\/li>\n<li>Rozmer &#8211; V x \u0160 x H 1545 x 559 x 569<\/li>\n<li>V\u00e1ha bez obalu (Netto) 185<\/li>\n<li>V\u00e1ha s obalom (Brutto) 205<\/li>\n<li>\u00d8 dymovodu 150<\/li>\n<li>Povolen\u00e9 paliv\u00e1 Drevo, ekobrikety<\/li>\n<li>Max. d\u013a\u017eka polena (cm) 30<\/li>\n<li>Emisn\u00e1 hodnota CO 0,039<\/li>\n<li>Zadn\u00e9 pripojenie dymovodu nie<\/li>\n<li>Horn\u00e9 pripojenie dymovodu \u00e1no<\/li>\n<li>Extern\u00fd pr\u00edvod vzduchu Do medzipl\u00e1\u0161\u0165a (nie priamo do ohniska)<\/li>\n<li>Platni\u010dka \u00c1no<\/li>\n<li>Ventil\u00e1tor nie<\/li>\n<li>Prevedenie teplovzdu\u0161n\u00e1<\/li>\n<\/ul>\n","protected":false},"excerpt":{"rendered":"<p>Povrch krbov\u00fdch kachl\u00ed La Nordica Concita 2.0 tvoria keramick\u00e9 kachle bord\u00f3 \u010di biela Infinity. Vo vrchnej \u010dasti sa nach\u00e1dza praktick\u00e1 platni\u010dka na varenie.<\/p>\n","protected":false},"featured_media":4470,"comment_status":"closed","ping_status":"closed","template":"","meta":[],"product_brand":[],"product_cat":[201,205],"product_tag":[],"class_list":{"0":"post-4469","1":"product","2":"type-product","3":"status-publish","4":"has-post-thumbnail","6":"product_cat-krbove-kachle","7":"product_cat-nordica-krbove-kachle","9":"first","10":"instock","11":"sale","12":"taxable","13":"shipping-taxable","14":"purchasable","15":"product-type-simple"},"_links":{"self":[{"href":"https:\/\/flamaecol.sk\/en\/wp-json\/wp\/v2\/product\/4469","targetHints":{"allow":["GET"]}}],"collection":[{"href":"https:\/\/flamaecol.sk\/en\/wp-json\/wp\/v2\/product"}],"about":[{"href":"https:\/\/flamaecol.sk\/en\/wp-json\/wp\/v2\/types\/product"}],"replies":[{"embeddable":true,"href":"https:\/\/flamaecol.sk\/en\/wp-json\/wp\/v2\/comments?post=4469"}],"wp:featuredmedia":[{"embeddable":true,"href":"https:\/\/flamaecol.sk\/en\/wp-json\/wp\/v2\/media\/4470"}],"wp:attachment":[{"href":"https:\/\/flamaecol.sk\/en\/wp-json\/wp\/v2\/media?parent=4469"}],"wp:term":[{"taxonomy":"product_brand","embeddable":true,"href":"https:\/\/flamaecol.sk\/en\/wp-json\/wp\/v2\/product_brand?post=4469"},{"taxonomy":"product_cat","embeddable":true,"href":"https:\/\/flamaecol.sk\/en\/wp-json\/wp\/v2\/product_cat?post=4469"},{"taxonomy":"product_tag","embeddable":true,"href":"https:\/\/flamaecol.sk\/en\/wp-json\/wp\/v2\/product_tag?post=4469"}],"curies":[{"name":"wp","href":"https:\/\/api.w.org\/{rel}","templated":true}]}}