{"id":4442,"date":"2025-01-21T18:14:32","date_gmt":"2025-01-21T16:14:32","guid":{"rendered":"https:\/\/flamaecol.sk\/?post_type=product&#038;p=4442"},"modified":"2025-01-22T10:18:27","modified_gmt":"2025-01-22T08:18:27","slug":"la-nordica-fedora-steel","status":"publish","type":"product","link":"https:\/\/flamaecol.sk\/en\/produkt\/la-nordica-fedora-steel\/","title":{"rendered":"La Nordica Fedora Steel"},"content":{"rendered":"<h2>Krbov\u00e9 kachle La Nordica Fedora Steel<\/h2>\n<ul>\n<li>smaltovan\u00e9 liatinov\u00e9 diely<\/li>\n<li>celo-liatinov\u00e9 ohnisko<\/li>\n<li>smaltovan\u00fd oce\u013eov\u00fd obklad<\/li>\n<li>pohybliv\u00fd ro\u0161t<\/li>\n<li>dvojit\u00e9 spa\u013eovanie<\/li>\n<li>vysok\u00e1 \u00fa\u010dinnos\u0165 86,4%<\/li>\n<li>dvojpl\u00e1\u0161\u0165ov\u00e1 kon\u0161trukcia<\/li>\n<li>liatinov\u00e1 varn\u00e1 platni\u010dka<\/li>\n<\/ul>\n<div><\/div>\n<div>TECHNICK\u00c9 PARAMETRE<\/div>\n<ul>\n<li>Nomin\u00e1lny v\u00fdkon (kW) 8,3<\/li>\n<li>Rozsah v\u00fdkonu (kW) 4 \u2013 12<\/li>\n<li>Vykurovacia schopnos\u0165 (m3) 80 \u2013 240<\/li>\n<li>Palivo drevo (ekobrikety)<\/li>\n<li>\u00da\u010dinnos\u0165 (%) 86,4<\/li>\n<li>Rozmer &#8211; V x \u0160 x H 1035 x 559 x 547<\/li>\n<li>V\u00e1ha bez obalu (Netto) 150<\/li>\n<li>V\u00e1ha s obalom (Brutto) 170<\/li>\n<li>Max. d\u013a\u017eka polena (cm) 30<\/li>\n<li>Priemer dymovodu (mm) 130<\/li>\n<li>Emisn\u00e1 hodnota CO 0,03<\/li>\n<li>Zadn\u00e9 pripojenie dymovodu nie<\/li>\n<li>Horn\u00e9 pripojenie dymovodu \u00e1no<\/li>\n<li>Extern\u00fd pr\u00edvod vzduchu Do medzipl\u00e1\u0161\u0165a (nie priamo do ohniska)<\/li>\n<li>Vzdialenos\u0165 od stredu horn\u00e9ho v\u00fdvodu po zadn\u00fd okraj kachl\u00ed 141<\/li>\n<li>Platni\u010dka \u00c1no<\/li>\n<li>V\u00fd\u0161ka horn\u00e9ho napojenia od zeme po golier dymovodu 1086 mm<\/li>\n<li>Vzdialenos\u0165 od zeme po stred r\u00fary ext. pr\u00edvodu vzduchu 160 mm<\/li>\n<li>Farba \u010dierna<\/li>\n<li>Ventil\u00e1tor nie<\/li>\n<li>Prevedenie teplovzdu\u0161n\u00e1<\/li>\n<\/ul>\n","protected":false},"excerpt":{"rendered":"<p>Povrch krbov\u00fdch kachl\u00ed La Nordica Fedora Steel tvoria smaltovan\u00e9 oce\u013eov\u00e9 diely. Vo vrchnej \u010dasti sa nach\u00e1dza praktick\u00e1 platni\u010dka na varenie.<\/p>\n","protected":false},"featured_media":4443,"comment_status":"closed","ping_status":"closed","template":"","meta":[],"product_brand":[],"product_cat":[201,205],"product_tag":[],"class_list":{"0":"post-4442","1":"product","2":"type-product","3":"status-publish","4":"has-post-thumbnail","6":"product_cat-krbove-kachle","7":"product_cat-nordica-krbove-kachle","9":"first","10":"instock","11":"sale","12":"taxable","13":"shipping-taxable","14":"purchasable","15":"product-type-simple"},"_links":{"self":[{"href":"https:\/\/flamaecol.sk\/en\/wp-json\/wp\/v2\/product\/4442","targetHints":{"allow":["GET"]}}],"collection":[{"href":"https:\/\/flamaecol.sk\/en\/wp-json\/wp\/v2\/product"}],"about":[{"href":"https:\/\/flamaecol.sk\/en\/wp-json\/wp\/v2\/types\/product"}],"replies":[{"embeddable":true,"href":"https:\/\/flamaecol.sk\/en\/wp-json\/wp\/v2\/comments?post=4442"}],"wp:featuredmedia":[{"embeddable":true,"href":"https:\/\/flamaecol.sk\/en\/wp-json\/wp\/v2\/media\/4443"}],"wp:attachment":[{"href":"https:\/\/flamaecol.sk\/en\/wp-json\/wp\/v2\/media?parent=4442"}],"wp:term":[{"taxonomy":"product_brand","embeddable":true,"href":"https:\/\/flamaecol.sk\/en\/wp-json\/wp\/v2\/product_brand?post=4442"},{"taxonomy":"product_cat","embeddable":true,"href":"https:\/\/flamaecol.sk\/en\/wp-json\/wp\/v2\/product_cat?post=4442"},{"taxonomy":"product_tag","embeddable":true,"href":"https:\/\/flamaecol.sk\/en\/wp-json\/wp\/v2\/product_tag?post=4442"}],"curies":[{"name":"wp","href":"https:\/\/api.w.org\/{rel}","templated":true}]}}