{"id":3951,"date":"2015-11-22T13:56:52","date_gmt":"2015-11-22T11:56:52","guid":{"rendered":"https:\/\/flamaecol.sk\/produkt\/krbova-vlozka-kratki-mb120\/"},"modified":"2025-02-27T14:05:34","modified_gmt":"2025-02-27T12:05:34","slug":"krbova-vlozka-kratki-mb120","status":"publish","type":"product","link":"https:\/\/flamaecol.sk\/en\/produkt\/krbova-vlozka-kratki-mb120\/","title":{"rendered":"KV MB 120"},"content":{"rendered":"<h2><span style=\"color: inherit;font-family: inherit;line-height: 1.1\">Kratki MB 120 <br class=\"avia-permanent-lb\" \/><br class=\"avia-permanent-lb\" \/><\/span><\/h2>\n<ul>\n<li>Kvalitn\u00e1 oce\u013eov\u00e1 teplovzdu\u0161n\u00e1 krbov\u00e1 vlo\u017eka MB je vybaven\u00e1 bezro\u0161tov\u00fdm spa\u013eovan\u00edm a syst\u00e9mom \u010dist\u00e9ho skla<\/li>\n<li>Krbov\u00e1 vlo\u017eka m\u00e1 dvojdielny liatinov\u00fd v\u00fdstupn\u00fd otvor(dymovod) s regul\u00e1ciou nastavenia 360 stup\u0148ov<\/li>\n<li>Korpus krbovej vlo\u017eky je tvoren\u00fd z oce\u013ee ur\u010denej na prev\u00e1dzku vo vysok\u00fdch teplot\u00e1ch.Spa\u013eovacia komora je vylo\u017een\u00e1 keramikou, tzv. Acumottom<\/li>\n<li>Vzduch pre oplach skla je priv\u00e1dzan\u00fd bo\u010dn\u00fdmi kan\u00e1lmi s dodato\u010dnou mo\u017enos\u0165ou regul\u00e1cie jeho intenzity<\/li>\n<li>S\u00fa\u010das\u0165ou krbovej vlo\u017eky je zabudovan\u00fd pr\u00edvod extrern\u00e9ho vzduchu o priemere 125 mm a nastavite\u013en\u00e9 no\u017ei\u010dky s regul\u00e1ciou\u00a0 <br class=\"avia-permanent-lb\" \/><br class=\"avia-permanent-lb\" \/><\/li>\n<\/ul>\n<p><strong>TECHNICK\u00c9 PARAMETRE:<\/strong><\/p>\n<p>Nomin\u00e1lny tepeln\u00fd v\u00fdkon: \u00a022 kW<\/p>\n<p>Regula\u010dn\u00fd tepeln\u00fd v\u00fdkon : 13-31kW<\/p>\n<p>\u00da\u010dinnos\u0165: \u00a080%<\/p>\n<p>Priemer dymovodu: 200 mm<\/p>\n<p>Hmotnos\u0165 : 400 kg<\/p>\n<p>Teplota spal\u00edn : 240\u00a0<span style=\"vertical-align: super\">o<\/span>C<\/p>\n<p>Palivo: drevo, dreven\u00e9 brikety<\/p>\n<p>Minim\u00e1lny prierez vstupn\u00e9ho vzduchu pre konvekciu : 800 cm2<\/p>\n<p>Minim\u00e1lny prierez v\u00fdstupn\u00e9ho vzduchu pre konvekciu : 1000 cm<span style=\"vertical-align: super\">2<\/span><\/p>\n","protected":false},"excerpt":{"rendered":"<p>Krbov\u00e1 vlo\u017eka MB 120 s v\u00fdsuvn\u00fdm otv\u00e1ran\u00edm dvierok.<\/p>\n","protected":false},"featured_media":3945,"comment_status":"open","ping_status":"closed","template":"","meta":[],"product_brand":[],"product_cat":[222,225,261,257,258],"product_tag":[],"class_list":{"0":"post-3951","1":"product","2":"type-product","3":"status-publish","4":"has-post-thumbnail","6":"product_cat-krbove-vlozky","7":"product_cat-kratki","8":"product_cat-teplovzdusne-krbove-vlozky-kratki","9":"product_cat-rovne-presklenie-kratki","10":"product_cat-krbove-vlozky-s-vysuvom-vratok-dohora-kratki","12":"first","13":"onbackorder","14":"sale","15":"taxable","16":"shipping-taxable","17":"purchasable","18":"product-type-simple"},"_links":{"self":[{"href":"https:\/\/flamaecol.sk\/en\/wp-json\/wp\/v2\/product\/3951","targetHints":{"allow":["GET"]}}],"collection":[{"href":"https:\/\/flamaecol.sk\/en\/wp-json\/wp\/v2\/product"}],"about":[{"href":"https:\/\/flamaecol.sk\/en\/wp-json\/wp\/v2\/types\/product"}],"replies":[{"embeddable":true,"href":"https:\/\/flamaecol.sk\/en\/wp-json\/wp\/v2\/comments?post=3951"}],"wp:featuredmedia":[{"embeddable":true,"href":"https:\/\/flamaecol.sk\/en\/wp-json\/wp\/v2\/media\/3945"}],"wp:attachment":[{"href":"https:\/\/flamaecol.sk\/en\/wp-json\/wp\/v2\/media?parent=3951"}],"wp:term":[{"taxonomy":"product_brand","embeddable":true,"href":"https:\/\/flamaecol.sk\/en\/wp-json\/wp\/v2\/product_brand?post=3951"},{"taxonomy":"product_cat","embeddable":true,"href":"https:\/\/flamaecol.sk\/en\/wp-json\/wp\/v2\/product_cat?post=3951"},{"taxonomy":"product_tag","embeddable":true,"href":"https:\/\/flamaecol.sk\/en\/wp-json\/wp\/v2\/product_tag?post=3951"}],"curies":[{"name":"wp","href":"https:\/\/api.w.org\/{rel}","templated":true}]}}