{"id":3939,"date":"2015-11-22T13:26:36","date_gmt":"2015-11-22T11:26:36","guid":{"rendered":"https:\/\/flamaecol.sk\/produkt\/krbova-vlozka-kratki-mba17lp\/"},"modified":"2025-02-27T14:24:37","modified_gmt":"2025-02-27T12:24:37","slug":"krbova-vlozka-kratki-mba17lp","status":"publish","type":"product","link":"https:\/\/flamaecol.sk\/en\/produkt\/krbova-vlozka-kratki-mba17lp\/","title":{"rendered":"KV MBA 17 BS L\/P"},"content":{"rendered":"<h2><span style=\"color: inherit;font-family: inherit;line-height: 1.1\">Kratki MBA BS 17 rohov\u00e1 <br class=\"avia-permanent-lb\" \/><br class=\"avia-permanent-lb\" \/><\/span><\/h2>\n<ul>\n<li>Kvalitn\u00e1 oce\u013eov\u00e1 teplovzdu\u0161n\u00e1 krbov\u00e1 vlo\u017eka MBA je vybaven\u00e1 bezro\u0161tov\u00fdm spa\u013eovan\u00edm ,syst\u00e9mom \u010dist\u00e9ho skla a rohov\u00fdm presklen\u00edm.<\/li>\n<li>Krbov\u00e1 vlo\u017eka m\u00e1 dvojdielny liatinov\u00fd v\u00fdstupn\u00fd otvor(dymovod) s regul\u00e1ciou nastavenia 360 stup\u0148ov .<\/li>\n<li>Korpus krbovej vlo\u017eky je tvoren\u00fd z oce\u013ee ur\u010denej na prev\u00e1dzku vo vysok\u00fdch teplot\u00e1ch.Spa\u013eovacia komora je vylo\u017een\u00e1 keramikou, tzv. Acumottom.<\/li>\n<li>Vzduch pre oplach skla je priv\u00e1dzan\u00fd bo\u010dn\u00fdmi kan\u00e1lmi s dodato\u010dnou mo\u017enos\u0165ou regul\u00e1cie jeho intenzity.<\/li>\n<li>S\u00fa\u010das\u0165ou krbovej vlo\u017eky je zabudovan\u00fd pr\u00edvod extrern\u00e9ho vzduchu o priemere 125 mm a nastavite\u013en\u00e9 no\u017ei\u010dky s regul\u00e1ciou .<\/li>\n<li>S otv\u00e1ran\u00edm doboku.<\/li>\n<\/ul>\n<p>&nbsp;<\/p>\n<p><strong>TECHNICK\u00c9 PARAMETRE:<\/strong><\/p>\n<ul>\n<li>Nomin\u00e1lny tepeln\u00fd v\u00fdkon: \u00a017 kW<\/li>\n<li>Regula\u010dn\u00fd tepeln\u00fd v\u00fdkon : 8-21kW<\/li>\n<li>\u00da\u010dinnos\u0165: \u00a080%<\/li>\n<li>Priemer dymovodu: 200 mm<\/li>\n<li>Hmotnos\u0165 : 242 kg<\/li>\n<li>Teplota spal\u00edn : 250\u00a0<span style=\"vertical-align: super\">o<\/span>C<\/li>\n<li>Palivo: drevo, dreven\u00e9 brikety<\/li>\n<li>Minim\u00e1lny prierez vstupn\u00e9ho vzduchu pre konvekciu : 800 cm2<\/li>\n<li>Minim\u00e1lny prierez v\u00fdstupn\u00e9ho vzduchu pre konvekciu : 1000 cm<span style=\"vertical-align: super\">2<\/span><\/li>\n<\/ul>\n<p><b>Energetick\u00e1 trieda A<\/b><\/p>\n","protected":false},"excerpt":{"rendered":"<p><strong>Pri objedn\u00e1vke upresnite pros\u00edm typ presklenia -prav\u00e9 alebo \u013eav\u00e9 !<\/strong><\/p>\n","protected":false},"featured_media":3929,"comment_status":"closed","ping_status":"closed","template":"","meta":[],"product_brand":[],"product_cat":[222,225,261,259],"product_tag":[],"class_list":{"0":"post-3939","1":"product","2":"type-product","3":"status-publish","4":"has-post-thumbnail","6":"product_cat-krbove-vlozky","7":"product_cat-kratki","8":"product_cat-teplovzdusne-krbove-vlozky-kratki","9":"product_cat-krbove-vlozky-kratki-rohove","11":"first","12":"instock","13":"sale","14":"taxable","15":"shipping-taxable","16":"purchasable","17":"product-type-simple"},"_links":{"self":[{"href":"https:\/\/flamaecol.sk\/en\/wp-json\/wp\/v2\/product\/3939","targetHints":{"allow":["GET"]}}],"collection":[{"href":"https:\/\/flamaecol.sk\/en\/wp-json\/wp\/v2\/product"}],"about":[{"href":"https:\/\/flamaecol.sk\/en\/wp-json\/wp\/v2\/types\/product"}],"replies":[{"embeddable":true,"href":"https:\/\/flamaecol.sk\/en\/wp-json\/wp\/v2\/comments?post=3939"}],"wp:featuredmedia":[{"embeddable":true,"href":"https:\/\/flamaecol.sk\/en\/wp-json\/wp\/v2\/media\/3929"}],"wp:attachment":[{"href":"https:\/\/flamaecol.sk\/en\/wp-json\/wp\/v2\/media?parent=3939"}],"wp:term":[{"taxonomy":"product_brand","embeddable":true,"href":"https:\/\/flamaecol.sk\/en\/wp-json\/wp\/v2\/product_brand?post=3939"},{"taxonomy":"product_cat","embeddable":true,"href":"https:\/\/flamaecol.sk\/en\/wp-json\/wp\/v2\/product_cat?post=3939"},{"taxonomy":"product_tag","embeddable":true,"href":"https:\/\/flamaecol.sk\/en\/wp-json\/wp\/v2\/product_tag?post=3939"}],"curies":[{"name":"wp","href":"https:\/\/api.w.org\/{rel}","templated":true}]}}