{"id":3906,"date":"2024-01-12T02:11:29","date_gmt":"2024-01-12T00:11:29","guid":{"rendered":"https:\/\/flamaecol.sk\/?post_type=product&#038;p=3906"},"modified":"2025-09-08T11:16:28","modified_gmt":"2025-09-08T09:16:28","slug":"dvierka-na-pec-s-externym-prisunom-vzduchu-ferra53x35","status":"publish","type":"product","link":"https:\/\/flamaecol.sk\/en\/produkt\/dvierka-na-pec-s-externym-prisunom-vzduchu-ferra53x35\/","title":{"rendered":"Ferra 53&#215;35"},"content":{"rendered":"<p>Dvierka pre \u0161amotov\u00e9 ohnisk\u00e1 FERRA 53&#215;35, rovn\u00e9, oce\u013e \u010dierna, dvojit\u00e9 sklo, liatinov\u00fd r\u00e1m dvierok<\/p>\n<p>Farebn\u00e9 vyhotovenie: \u010dierne<\/p>\n<p>Hmotnos\u0165: 62\u00a0kg<\/p>\n<p>Kach\u013eov\u00e1 pec prin\u00e1\u0161a pohodlie do domu. Aj efekt\u00edvne dvierka pre \u0161amotov\u00e9 ohnisk\u00e1 od firmy LEDA vytv\u00e1raj\u00fa zdrav\u00fa, pr\u00edjemn\u00fa kl\u00edmu v miestnosti. Liatinov\u00fd r\u00e1m = optim\u00e1lne rozdelenie vzduchu. Dvierka s\u00fa kombinovate\u013en\u00e9 s komfortnou elektronickou regul\u00e1ciou horenia.<\/p>\n","protected":false},"excerpt":{"rendered":"<p>Dvierka pre \u0161amotov\u00e9 ohnisk\u00e1 FERRA 53&#215;35, rovn\u00e9, oce\u013e \u010dierna, dvojit\u00e9 sklo, liatinov\u00fd r\u00e1m dvierok Farebn\u00e9 vyhotovenie: \u010dierne Hmotnos\u0165: 62\u00a0kg Kach\u013eov\u00e1 pec prin\u00e1\u0161a pohodlie do domu. Aj efekt\u00edvne dvierka pre \u0161amotov\u00e9 ohnisk\u00e1 od firmy LEDA vytv\u00e1raj\u00fa zdrav\u00fa, pr\u00edjemn\u00fa kl\u00edmu v miestnosti. Liatinov\u00fd r\u00e1m = optim\u00e1lne rozdelenie vzduchu. Dvierka s\u00fa kombinovate\u013en\u00e9 s komfortnou elektronickou regul\u00e1ciou horenia.<\/p>\n","protected":false},"featured_media":3898,"comment_status":"open","ping_status":"closed","template":"","meta":[],"product_brand":[],"product_cat":[297,270],"product_tag":[],"class_list":{"0":"post-3906","1":"product","2":"type-product","3":"status-publish","4":"has-post-thumbnail","6":"product_cat-dvierka-na-pece-a-krby-pecove-vratka-dvierka-na-pec-so-sklom-dvojite-sklo","7":"product_cat-dvierka-na-pec-s-externym-prisunom-vzduchu","9":"first","10":"instock","11":"taxable","12":"shipping-taxable","13":"purchasable","14":"product-type-simple"},"_links":{"self":[{"href":"https:\/\/flamaecol.sk\/en\/wp-json\/wp\/v2\/product\/3906","targetHints":{"allow":["GET"]}}],"collection":[{"href":"https:\/\/flamaecol.sk\/en\/wp-json\/wp\/v2\/product"}],"about":[{"href":"https:\/\/flamaecol.sk\/en\/wp-json\/wp\/v2\/types\/product"}],"replies":[{"embeddable":true,"href":"https:\/\/flamaecol.sk\/en\/wp-json\/wp\/v2\/comments?post=3906"}],"wp:featuredmedia":[{"embeddable":true,"href":"https:\/\/flamaecol.sk\/en\/wp-json\/wp\/v2\/media\/3898"}],"wp:attachment":[{"href":"https:\/\/flamaecol.sk\/en\/wp-json\/wp\/v2\/media?parent=3906"}],"wp:term":[{"taxonomy":"product_brand","embeddable":true,"href":"https:\/\/flamaecol.sk\/en\/wp-json\/wp\/v2\/product_brand?post=3906"},{"taxonomy":"product_cat","embeddable":true,"href":"https:\/\/flamaecol.sk\/en\/wp-json\/wp\/v2\/product_cat?post=3906"},{"taxonomy":"product_tag","embeddable":true,"href":"https:\/\/flamaecol.sk\/en\/wp-json\/wp\/v2\/product_tag?post=3906"}],"curies":[{"name":"wp","href":"https:\/\/api.w.org\/{rel}","templated":true}]}}