{"id":3874,"date":"2025-01-12T02:12:53","date_gmt":"2025-01-12T00:12:53","guid":{"rendered":"https:\/\/flamaecol.sk\/?post_type=product&#038;p=3874"},"modified":"2025-09-08T11:24:02","modified_gmt":"2025-09-08T09:24:02","slug":"dvierka-na-pec-s-externym-prisunom-vzduchu-fs2","status":"publish","type":"product","link":"https:\/\/flamaecol.sk\/en\/produkt\/dvierka-na-pec-s-externym-prisunom-vzduchu-fs2\/","title":{"rendered":"Dvierka FS2"},"content":{"rendered":"<p>Oce\u013eov\u00e9 presklen\u00e9 dvierka na pec pre stavbu akumula\u010dn\u00fdch pec\u00ed a krbov .<\/p>\n<p>Dvere s\u00fa navrhnut\u00e9 tak, aby odolali vysok\u00fdm teplot\u00e1m v tomto type pec\u00ed. Maj\u00fa integrovan\u00fd spa\u013eovac\u00ed syst\u00e9m vzduchu s mo\u017enos\u0165ou regul\u00e1cie .<\/p>\n<p>&nbsp;<\/p>\n<p>1. Dvierka vyroben\u00e9 z oh\u0148ovzdornej ocele<\/p>\n<p>2.Povrchovo upraven\u00e9 \u010diernou odolnou farbou vo\u010di vysok\u00fdm teplot\u00e1m<\/p>\n<p>3. Dvere s\u00fa vyroben\u00e9 z uzavret\u00e9ho profilu \/ \u017eiadne vidite\u013en\u00e9 upev\u0148ovacie skrutky<\/p>\n<p>4. Dvojit\u00e9 presklenie<\/p>\n<p>&#8211; Vn\u00fatorn\u00e9 sklo (odol\u00e1va teplot\u00e1m a\u017e do 700 \u00b0 C \u00a0a kr\u00e1tkodobo do 800 \u00b0 C ) a vonkaj\u0161ie sklo dekorat\u00edvne potla\u010den\u00e9 .<\/p>\n<p>5. Z\u00e1vesy na \u013eavej strane dvierok<\/p>\n<p>&nbsp;<\/p>\n<p>V\u00fdhody:<\/p>\n<p>&nbsp;<\/p>\n<p>1. Elegantn\u00fd vzh\u013ead<\/p>\n<p>2. Zv\u00fd\u0161en\u00e1 tepeln\u00e1 \u00fa\u010dinnos\u0165<\/p>\n<p>3. Tesn\u00e9- ide\u00e1lne pre domy s rekuper\u00e1ciou a pas\u00edvne domy (Pr\u00edvod vzduchu je navrhnut\u00fd tak, aby nas\u00e1van\u00fd vzduch len zvonku)<\/p>\n<p>4. Dvojit\u00e9 sanie \/ obd\u013a\u017enikov\u00e9 kan\u00e1ly (5 x 15 cm)<\/p>\n<p>5. Nastavenie intenzity horenia sa vykon\u00e1va jeden\u00fdm regul\u00e1torom umiestnen\u00fdm pod predn\u00fdmi dverami<\/p>\n<p>6. Elegantn\u00e1 oce\u013eov\u00e1 rukov\u00e4\u0165 s pr\u00e1\u0161kovou farbou v \u010diernej<\/p>\n<p>9. Vonkaj\u0161ie mont\u00e1\u017ene konzoly \/ 4 ks. ( 10 mm)<\/p>\n<p>10. Dvere s\u00fa vybaven\u00e9 nastavite\u013en\u00fdmi no\u017ei\u010dkami ( rozsah do 80 mm).<\/p>\n","protected":false},"excerpt":{"rendered":"<p>Oce\u013eov\u00e9 presklen\u00e9 dvierka na pec pre stavbu akumula\u010dn\u00fdch pec\u00ed a krbov . Dvere s\u00fa navrhnut\u00e9 tak, aby odolali vysok\u00fdm teplot\u00e1m v tomto type pec\u00ed. Maj\u00fa integrovan\u00fd spa\u013eovac\u00ed syst\u00e9m vzduchu s mo\u017enos\u0165ou regul\u00e1cie . &nbsp; 1. Dvierka vyroben\u00e9 z oh\u0148ovzdornej ocele 2.Povrchovo upraven\u00e9 \u010diernou odolnou farbou vo\u010di vysok\u00fdm teplot\u00e1m 3. Dvere s\u00fa vyroben\u00e9 z uzavret\u00e9ho profilu [&hellip;]<\/p>\n","protected":false},"featured_media":3869,"comment_status":"open","ping_status":"closed","template":"","meta":[],"product_brand":[],"product_cat":[297,270],"product_tag":[],"class_list":{"0":"post-3874","1":"product","2":"type-product","3":"status-publish","4":"has-post-thumbnail","6":"product_cat-dvierka-na-pece-a-krby-pecove-vratka-dvierka-na-pec-so-sklom-dvojite-sklo","7":"product_cat-dvierka-na-pec-s-externym-prisunom-vzduchu","9":"first","10":"instock","11":"taxable","12":"shipping-taxable","13":"purchasable","14":"product-type-simple"},"_links":{"self":[{"href":"https:\/\/flamaecol.sk\/en\/wp-json\/wp\/v2\/product\/3874","targetHints":{"allow":["GET"]}}],"collection":[{"href":"https:\/\/flamaecol.sk\/en\/wp-json\/wp\/v2\/product"}],"about":[{"href":"https:\/\/flamaecol.sk\/en\/wp-json\/wp\/v2\/types\/product"}],"replies":[{"embeddable":true,"href":"https:\/\/flamaecol.sk\/en\/wp-json\/wp\/v2\/comments?post=3874"}],"wp:featuredmedia":[{"embeddable":true,"href":"https:\/\/flamaecol.sk\/en\/wp-json\/wp\/v2\/media\/3869"}],"wp:attachment":[{"href":"https:\/\/flamaecol.sk\/en\/wp-json\/wp\/v2\/media?parent=3874"}],"wp:term":[{"taxonomy":"product_brand","embeddable":true,"href":"https:\/\/flamaecol.sk\/en\/wp-json\/wp\/v2\/product_brand?post=3874"},{"taxonomy":"product_cat","embeddable":true,"href":"https:\/\/flamaecol.sk\/en\/wp-json\/wp\/v2\/product_cat?post=3874"},{"taxonomy":"product_tag","embeddable":true,"href":"https:\/\/flamaecol.sk\/en\/wp-json\/wp\/v2\/product_tag?post=3874"}],"curies":[{"name":"wp","href":"https:\/\/api.w.org\/{rel}","templated":true}]}}