{"id":3862,"date":"2015-11-11T13:03:10","date_gmt":"2015-11-11T11:03:10","guid":{"rendered":"https:\/\/flamaecol.sk\/produkt\/akumulacny-vymennik-romotop-mammoth-2\/"},"modified":"2025-01-20T14:02:22","modified_gmt":"2025-01-20T12:02:22","slug":"akumulacny-vymennik-romotop-mammoth-2","status":"publish","type":"product","link":"https:\/\/flamaecol.sk\/en\/produkt\/akumulacny-vymennik-romotop-mammoth-2\/","title":{"rendered":"Aku v\u00fdmenn\u00edk Mammoth"},"content":{"rendered":"<h4>AKUMULA\u010cN\u00dd V\u00ddMENN\u00cdK ROMOTOP MAMMOTH<\/h4>\n<div><\/div>\n<div>\n<ul>\n<li>akumula\u010dn\u00fd v\u00fdmenn\u00edk Romotop MAMMOTH pre krbov\u00e9 vlo\u017eky<\/li>\n<li>zais\u0165uje akumul\u00e1ciu tepla \u2013 vykurovanie i po ukon\u010den\u00ed horenia v krbovej vlo\u017eke<\/li>\n<li>v akumula\u010dn\u00fdch obstavb\u00e1ch zvy\u0161uje ich akumula\u010dn\u00fa schopnos\u0165<\/li>\n<li>v konvek\u010dn\u00fdch (teplovzdu\u0161n\u00fdch) obstavb\u00e1ch dopl\u0148uje ch\u00fdbaj\u00facu akumul\u00e1ciu tepla<\/li>\n<li>je zlo\u017een\u00fd z KONVEK\u010cN\u00c9HO V\u00ddMENN\u00cdKA ROMOTOP a S\u00daPRAVY AKUMUL\u00c1CIE ROMOTOP MAMMOTH s hmotnos\u0165ou 300 kg<\/li>\n<li>hmotnos\u0165 akumula\u010dn\u00e9ho v\u00fdmenn\u00edka 345 kg<\/li>\n<li>pr\u00edslu\u0161enstvo schv\u00e1len\u00e9 v\u00fdrobcom<\/li>\n<\/ul>\n<\/div>\n","protected":false},"excerpt":{"rendered":"<p>AKUMULA\u010cN\u00dd V\u00ddMENN\u00cdK ROMOTOP MAMMOTH akumula\u010dn\u00fd v\u00fdmenn\u00edk Romotop MAMMOTH pre krbov\u00e9 vlo\u017eky zais\u0165uje akumul\u00e1ciu tepla \u2013 vykurovanie i po ukon\u010den\u00ed horenia v krbovej vlo\u017eke v akumula\u010dn\u00fdch obstavb\u00e1ch zvy\u0161uje ich akumula\u010dn\u00fa schopnos\u0165 v konvek\u010dn\u00fdch (teplovzdu\u0161n\u00fdch) obstavb\u00e1ch dopl\u0148uje ch\u00fdbaj\u00facu akumul\u00e1ciu tepla je zlo\u017een\u00fd z KONVEK\u010cN\u00c9HO V\u00ddMENN\u00cdKA ROMOTOP a S\u00daPRAVY AKUMUL\u00c1CIE ROMOTOP MAMMOTH s hmotnos\u0165ou 300 kg hmotnos\u0165 akumula\u010dn\u00e9ho [&hellip;]<\/p>\n","protected":false},"featured_media":3850,"comment_status":"open","ping_status":"closed","template":"","meta":[],"product_brand":[],"product_cat":[228,265,246],"product_tag":[],"class_list":{"0":"post-3862","1":"product","2":"type-product","3":"status-publish","4":"has-post-thumbnail","6":"product_cat-krbovevlozkyromotop","7":"product_cat-prislusenstvo-pre-krbove-vlozky-romotop","8":"product_cat-pecovavlozkaromotop","10":"first","11":"instock","12":"taxable","13":"shipping-taxable","14":"purchasable","15":"product-type-simple"},"_links":{"self":[{"href":"https:\/\/flamaecol.sk\/en\/wp-json\/wp\/v2\/product\/3862","targetHints":{"allow":["GET"]}}],"collection":[{"href":"https:\/\/flamaecol.sk\/en\/wp-json\/wp\/v2\/product"}],"about":[{"href":"https:\/\/flamaecol.sk\/en\/wp-json\/wp\/v2\/types\/product"}],"replies":[{"embeddable":true,"href":"https:\/\/flamaecol.sk\/en\/wp-json\/wp\/v2\/comments?post=3862"}],"wp:featuredmedia":[{"embeddable":true,"href":"https:\/\/flamaecol.sk\/en\/wp-json\/wp\/v2\/media\/3850"}],"wp:attachment":[{"href":"https:\/\/flamaecol.sk\/en\/wp-json\/wp\/v2\/media?parent=3862"}],"wp:term":[{"taxonomy":"product_brand","embeddable":true,"href":"https:\/\/flamaecol.sk\/en\/wp-json\/wp\/v2\/product_brand?post=3862"},{"taxonomy":"product_cat","embeddable":true,"href":"https:\/\/flamaecol.sk\/en\/wp-json\/wp\/v2\/product_cat?post=3862"},{"taxonomy":"product_tag","embeddable":true,"href":"https:\/\/flamaecol.sk\/en\/wp-json\/wp\/v2\/product_tag?post=3862"}],"curies":[{"name":"wp","href":"https:\/\/api.w.org\/{rel}","templated":true}]}}