{"id":3803,"date":"2015-10-22T21:40:13","date_gmt":"2015-10-22T19:40:13","guid":{"rendered":"https:\/\/flamaecol.sk\/produkt\/krbovekachleromotopevora01-2\/"},"modified":"2025-02-20T12:41:24","modified_gmt":"2025-02-20T10:41:24","slug":"krbovekachleromotopevora01-2","status":"publish","type":"product","link":"https:\/\/flamaecol.sk\/en\/produkt\/krbovekachleromotopevora01-2\/","title":{"rendered":"Romotop Evora 01"},"content":{"rendered":"<h2>EVORA 01 &#8211; bok keramika, veko keramika <br class=\"avia-permanent-lb\" \/><br class=\"avia-permanent-lb\" \/><\/h2>\n<div>Minimalistick\u00e9, ale z\u00e1rove\u0148 dominantn\u00e9 svoj\u00edm tvarom. Krbov\u00e9 kachle EVORA dokonale sadn\u00fa do priestoru, kde nezaber\u00fa ani o k\u00fasok viac miesta, ne\u017e je potrebn\u00e9. <br class=\"avia-permanent-lb\" \/><br class=\"avia-permanent-lb\" \/><\/div>\n<div>\n<ul>\n<li>vhodn\u00e1 pre n\u00edzkoenergetick\u00e9 domy<\/li>\n<li>r\u00e1diusov\u00e9 sklo umo\u017e\u0148uje poh\u013ead do plame\u0148ov z r\u00f4zneho uhla<\/li>\n<li>predhrievanie sekund\u00e1rneho vzduchu zais\u0165uje \u010dist\u00e9 sklo<\/li>\n<li>ovl\u00e1danie v\u0161etk\u00fdch pr\u00edvodov vzduchu jedn\u00fdm tiahlom<\/li>\n<li>drevn\u00edk s dvierkami<\/li>\n<li>pr\u00edprava pre napojenie extern\u00e9ho spa\u013eovacieho vzduchu (CPV)<\/li>\n<\/ul>\n<\/div>\n<div><\/div>\n<div>Technick\u00e9 parametre:<\/div>\n<div>\n<ul>\n<li>V\u00fd\u0161ka 996 mm<\/li>\n<li>\u0160\u00edrka 528 mm<\/li>\n<li>H\u013abka 398 mm<\/li>\n<li>Hmotnos\u0165 122 kg<\/li>\n<li>Regulovate\u013en\u00fd v\u00fdkon 2,0-6,5 kW<\/li>\n<li>nomin\u00e1lny v\u00fdkon 4 kW<\/li>\n<li>Priemer dymovodu 150 mm<\/li>\n<li>Priemer CPV 125 mm<\/li>\n<li>V\u00fd\u0161ka osi zadn\u00e9ho v\u00fdvodu 863 mm<\/li>\n<li>\u00da\u010dinnos\u0165 80,5 %<\/li>\n<li>Priemern\u00e1 spotreba dreva 1,2 kg\/h<\/li>\n<\/ul>\n<\/div>\n<div><\/div>\n<div>Teplo, kr\u00e1su, rodinn\u00fa pohodu a v neposlednom rade finan\u010dn\u00fa \u00fasporu prin\u00e1\u0161aj\u00fa krbov\u00e9 kachle Romotop patriace medzi v\u00fdznamn\u00e9 a ekologick\u00e9 zdroje vykurovania, preto\u017ee sa v nich spa\u013euje v\u00fdhradne drevo alebo dreven\u00e9 eko-brikety. Prednos\u0165ou krbov\u00fdch kachie\u013e Romotop je vysok\u00fd tepeln\u00fd v\u00fdkon, takmer bezpra\u0161n\u00e1 prev\u00e1dzka a vplyvom dokonal\u00e9ho spa\u013eovania (\u00fa\u010dinnos\u0165 a\u017e 82 %) i minim\u00e1lny \u00fanik l\u00e1tok zhor\u0161uj\u00facich kvalitu ovzdu\u0161ia.<\/div>\n<div><\/div>\n","protected":false},"excerpt":{"rendered":"<div>Priestorovo nen\u00e1ro\u010dn\u00e9 kompaktn\u00e9 krbov\u00e9 kachle s ob\u013e\u00faben\u00fdm ov\u00e1lnym tvarom.<\/div>\n<div><\/div>\n","protected":false},"featured_media":4842,"comment_status":"open","ping_status":"closed","template":"","meta":[],"product_brand":[],"product_cat":[201,206,267],"product_tag":[],"class_list":{"0":"post-3803","1":"product","2":"type-product","3":"status-publish","4":"has-post-thumbnail","6":"product_cat-krbove-kachle","7":"product_cat-romotop","8":"product_cat-keramickekachlovepeceromotop","10":"first","11":"onbackorder","12":"taxable","13":"shipping-taxable","14":"purchasable","15":"product-type-simple"},"_links":{"self":[{"href":"https:\/\/flamaecol.sk\/en\/wp-json\/wp\/v2\/product\/3803","targetHints":{"allow":["GET"]}}],"collection":[{"href":"https:\/\/flamaecol.sk\/en\/wp-json\/wp\/v2\/product"}],"about":[{"href":"https:\/\/flamaecol.sk\/en\/wp-json\/wp\/v2\/types\/product"}],"replies":[{"embeddable":true,"href":"https:\/\/flamaecol.sk\/en\/wp-json\/wp\/v2\/comments?post=3803"}],"wp:featuredmedia":[{"embeddable":true,"href":"https:\/\/flamaecol.sk\/en\/wp-json\/wp\/v2\/media\/4842"}],"wp:attachment":[{"href":"https:\/\/flamaecol.sk\/en\/wp-json\/wp\/v2\/media?parent=3803"}],"wp:term":[{"taxonomy":"product_brand","embeddable":true,"href":"https:\/\/flamaecol.sk\/en\/wp-json\/wp\/v2\/product_brand?post=3803"},{"taxonomy":"product_cat","embeddable":true,"href":"https:\/\/flamaecol.sk\/en\/wp-json\/wp\/v2\/product_cat?post=3803"},{"taxonomy":"product_tag","embeddable":true,"href":"https:\/\/flamaecol.sk\/en\/wp-json\/wp\/v2\/product_tag?post=3803"}],"curies":[{"name":"wp","href":"https:\/\/api.w.org\/{rel}","templated":true}]}}