{"id":3761,"date":"2025-01-12T15:09:38","date_gmt":"2025-01-12T13:09:38","guid":{"rendered":"https:\/\/flamaecol.sk\/?post_type=product&#038;p=3761"},"modified":"2026-02-26T10:20:46","modified_gmt":"2026-02-26T08:20:46","slug":"krbovekachleromotopstrombolin03","status":"publish","type":"product","link":"https:\/\/flamaecol.sk\/en\/produkt\/krbovekachleromotopstrombolin03\/","title":{"rendered":"Stromboli N 03"},"content":{"rendered":"<h2>STROMBOLI N 03 plech<\/h2>\n<div><\/div>\n<div>Krbov\u00e9 pece STROMBOLI N 03 s plechov\u00fdmi bo\u010dnicami r\u00fdchlo pred\u00e1vaj\u00fa teplo do miestnosti, \u010do je v\u00fdhodou, ke\u010f si chcete r\u00fdchlo u\u017e\u00edva\u0165 hrejiv\u00fdch plame\u0148ov. <br class=\"avia-permanent-lb\" \/><br class=\"avia-permanent-lb\" \/><\/div>\n<div>\n<ul>\n<li>horn\u00fd odvod spal\u00edn<\/li>\n<li>CPV &#8211; centr\u00e1lny pr\u00edvod vzduchu (priemer 120mm)<\/li>\n<li>ve\u013ek\u00e9 presklenie dvierok je designov\u00e9 s \u010diernou potla\u010dou skla<\/li>\n<li>pr\u00edvod sekund\u00e1rneho vzduchu, v\u010faka ktor\u00e9mu je sklo dvierok om\u00fdvan\u00e9, a tak nedoch\u00e1dza k usadzovaniu ne\u010dist\u00f4t<\/li>\n<li>ot\u00e1\u010danie korpusu pec\u00ed okolo svojej osi<\/li>\n<li>elegantn\u00e1 k\u013eu\u010dka zakomponovan\u00e1 do r\u00e1mu dver\u00ed <br class=\"avia-permanent-lb\" \/><\/li>\n<\/ul>\n<\/div>\n<div><strong>Technick\u00e9 parametre :<\/strong><\/div>\n<div>V\u00fd\u0161ka 1047 mm<\/div>\n<div>\u0160\u00edrka 654 mm<\/div>\n<div>H\u013abka 463 mm<\/div>\n<div>Hmotnos\u0165 159 kg<\/div>\n<div>Nomin\u00e1lny v\u00fdkon 9 kW<\/div>\n<div>Regulovate\u013en\u00fd v\u00fdkon 4,5 &#8211; 11,7 kW<\/div>\n<div>Priemer dymovodu 150 mm<\/div>\n<div>Priemer CPV 120 mm<\/div>\n<div>\u0164ah 10 Pa<\/div>\n<div>\u00da\u010dinnos\u0165 79,4 %<\/div>\n<div>Priemern\u00e1 spotreba dreva 2,8 kg\/h<\/div>\n","protected":false},"excerpt":{"rendered":"<p>Ot\u00e1\u010dav\u00e9 ohnisko pon\u00faka pou\u017e\u00edvate\u013eovi poh\u013ead do oh\u0148a z r\u00f4znych uhlov.<\/p>\n","protected":false},"featured_media":5005,"comment_status":"closed","ping_status":"closed","template":"","meta":[],"product_brand":[],"product_cat":[201,206,266],"product_tag":[],"class_list":{"0":"post-3761","1":"product","2":"type-product","3":"status-publish","4":"has-post-thumbnail","6":"product_cat-krbove-kachle","7":"product_cat-romotop","8":"product_cat-celoplechove-krbove-kachle-romotop","10":"first","11":"onbackorder","12":"taxable","13":"shipping-taxable","14":"purchasable","15":"product-type-simple"},"_links":{"self":[{"href":"https:\/\/flamaecol.sk\/en\/wp-json\/wp\/v2\/product\/3761","targetHints":{"allow":["GET"]}}],"collection":[{"href":"https:\/\/flamaecol.sk\/en\/wp-json\/wp\/v2\/product"}],"about":[{"href":"https:\/\/flamaecol.sk\/en\/wp-json\/wp\/v2\/types\/product"}],"replies":[{"embeddable":true,"href":"https:\/\/flamaecol.sk\/en\/wp-json\/wp\/v2\/comments?post=3761"}],"wp:featuredmedia":[{"embeddable":true,"href":"https:\/\/flamaecol.sk\/en\/wp-json\/wp\/v2\/media\/5005"}],"wp:attachment":[{"href":"https:\/\/flamaecol.sk\/en\/wp-json\/wp\/v2\/media?parent=3761"}],"wp:term":[{"taxonomy":"product_brand","embeddable":true,"href":"https:\/\/flamaecol.sk\/en\/wp-json\/wp\/v2\/product_brand?post=3761"},{"taxonomy":"product_cat","embeddable":true,"href":"https:\/\/flamaecol.sk\/en\/wp-json\/wp\/v2\/product_cat?post=3761"},{"taxonomy":"product_tag","embeddable":true,"href":"https:\/\/flamaecol.sk\/en\/wp-json\/wp\/v2\/product_tag?post=3761"}],"curies":[{"name":"wp","href":"https:\/\/api.w.org\/{rel}","templated":true}]}}