{"id":3752,"date":"2015-10-20T23:10:57","date_gmt":"2015-10-20T21:10:57","guid":{"rendered":"https:\/\/flamaecol.sk\/produkt\/krbove-kachle-riano01-romotop-2\/"},"modified":"2025-02-21T17:47:53","modified_gmt":"2025-02-21T15:47:53","slug":"krbove-kachle-riano04-romotop","status":"publish","type":"product","link":"https:\/\/flamaecol.sk\/en\/produkt\/krbove-kachle-riano04-romotop\/","title":{"rendered":"Riano N 04"},"content":{"rendered":"<h2>Riano N 04 keramika <br class=\"avia-permanent-lb\" \/><br class=\"avia-permanent-lb\" \/><\/h2>\n<div>Pre milovn\u00edkov v\u00fdrazn\u00e9ho a jednozna\u010dn\u00e9ho dizajnu s\u00fa tu pripraven\u00e9 krbov\u00e9 kachle Riano. <br class=\"avia-permanent-lb\" \/>Ich l\u00edniov\u00fd tvar nerozpty\u013euje a neodv\u00e1dza pozornos\u0165 od \u0161irok\u00e9ho ohniska v ich centre.<\/div>\n<div>\u0160irok\u00e9 ohnisko s celosklenen\u00fdmi dverami v\u00e1m pon\u00fakne dostatok tepla a kr\u00e1sny poh\u013ead do oh\u0148a.<\/div>\n<div>Krbov\u00e9 kachle Riano sa dod\u00e1vaj\u00fa v \u010diernom n\u00e1streku korpusu s \u010diernymi dvierkami.<\/div>\n<div>Elegancia a minimalizmus. Presne tieto dve slov\u00e1 vystihuj\u00fa podstatu krbov\u00fdch kachl\u00ed RIANO N. <br class=\"avia-permanent-lb\" \/><br class=\"avia-permanent-lb\" \/><\/div>\n<div><strong>Technick\u00e9 parametre :<\/strong><\/div>\n<div>V\u00fd\u0161ka 995 mm<br \/>\n\u0160\u00edrka 827 mm<br \/>\nH\u013abka 410 mm<br \/>\nHmotnos\u0165 156 kg<\/div>\n<div>Nomin\u00e1lny v\u00fdkon<br \/>\nRegulovate\u013en\u00fd v\u00fdkon 4,5-11,7 kW<br \/>\nPriemer dymovodu 150 mm<br \/>\nPriemer CPV 125 mm<br \/>\nV\u00fd\u0161ka osi zadn\u00e9ho v\u00fdvodu 842 mm<br \/>\n\u0164ah 12 Pa<br \/>\n\u00da\u010dinnos\u0165 79,4 %<br \/>\nPriemern\u00e1 spotreba dreva 2,8 kg\/h<\/div>\n","protected":false},"excerpt":{"rendered":"<p>Krbov\u00e9 kachle perfektne sadn\u00fa do modern\u00fdch interi\u00e9rov.<\/p>\n","protected":false},"featured_media":4975,"comment_status":"open","ping_status":"closed","template":"","meta":[],"product_brand":[],"product_cat":[201,206,268],"product_tag":[],"class_list":{"0":"post-3752","1":"product","2":"type-product","3":"status-publish","4":"has-post-thumbnail","6":"product_cat-krbove-kachle","7":"product_cat-romotop","8":"product_cat-krbovekachleromotopkeramikaplech","10":"first","11":"onbackorder","12":"taxable","13":"shipping-taxable","14":"purchasable","15":"product-type-simple"},"_links":{"self":[{"href":"https:\/\/flamaecol.sk\/en\/wp-json\/wp\/v2\/product\/3752","targetHints":{"allow":["GET"]}}],"collection":[{"href":"https:\/\/flamaecol.sk\/en\/wp-json\/wp\/v2\/product"}],"about":[{"href":"https:\/\/flamaecol.sk\/en\/wp-json\/wp\/v2\/types\/product"}],"replies":[{"embeddable":true,"href":"https:\/\/flamaecol.sk\/en\/wp-json\/wp\/v2\/comments?post=3752"}],"wp:featuredmedia":[{"embeddable":true,"href":"https:\/\/flamaecol.sk\/en\/wp-json\/wp\/v2\/media\/4975"}],"wp:attachment":[{"href":"https:\/\/flamaecol.sk\/en\/wp-json\/wp\/v2\/media?parent=3752"}],"wp:term":[{"taxonomy":"product_brand","embeddable":true,"href":"https:\/\/flamaecol.sk\/en\/wp-json\/wp\/v2\/product_brand?post=3752"},{"taxonomy":"product_cat","embeddable":true,"href":"https:\/\/flamaecol.sk\/en\/wp-json\/wp\/v2\/product_cat?post=3752"},{"taxonomy":"product_tag","embeddable":true,"href":"https:\/\/flamaecol.sk\/en\/wp-json\/wp\/v2\/product_tag?post=3752"}],"curies":[{"name":"wp","href":"https:\/\/api.w.org\/{rel}","templated":true}]}}