{"id":3742,"date":"2015-10-20T22:45:41","date_gmt":"2015-10-20T20:45:41","guid":{"rendered":"https:\/\/flamaecol.sk\/produkt\/krbovekachleromotopluanco03-2\/"},"modified":"2025-02-20T14:37:04","modified_gmt":"2025-02-20T12:37:04","slug":"krbove-kachle-romotop-luanco-03","status":"publish","type":"product","link":"https:\/\/flamaecol.sk\/en\/produkt\/krbove-kachle-romotop-luanco-03\/","title":{"rendered":"Romotop Luanco N 01"},"content":{"rendered":"<h2>LUANCO N 01 keramika<\/h2>\n<div><\/div>\n<div>Elegantn\u00fd, \u0161t\u00edhly tvar krbov\u00fdch kachl\u00ed LUANCO N perfektne dolad\u00ed ka\u017ed\u00fd interi\u00e9r. Ot\u00e1\u010dav\u00e9 ohnisko v\u00e1s neobmedz\u00ed len na jedno miesto, z ktor\u00e9ho m\u00f4\u017eete pozorova\u0165 kr\u00e1su \u017eiv\u00e9ho oh\u0148a.<\/div>\n<div>Modern\u00fd, jednoduch\u00fd design krbov\u00fdch kachl\u00ed LUANCO v plechovom preveden\u00ed zostane nad\u010dasov\u00fd a v\u010faka oto\u010dn\u00e9mu ohnisku vynikne jeho \u010dist\u00fd tvar zo v\u0161etk\u00fdch uhlov v miestnosti. Za pov\u0161imnutie stoj\u00ed vypracovanie k\u013eu\u010dky na dvierkach, ktor\u00e1 kop\u00edruje tvar kachl\u00ed. <br class=\"avia-permanent-lb\" \/><br class=\"avia-permanent-lb\" \/><\/div>\n<ul>\n<li>centr\u00e1lny pr\u00edvod vzduchu<\/li>\n<li>pr\u00edvod sekund\u00e1rneho vzduchu, v\u010faka ktor\u00e9mu je sklo dvierok om\u00fdvan\u00e9, a tak nedoch\u00e1dza k usadzovaniu ne\u010dist\u00f4t<\/li>\n<li>ot\u00e1\u010danie korpusu pec\u00ed okolo svojej osi<\/li>\n<li>ovl\u00e1danie prim\u00e1rneho a sekund\u00e1rneho pr\u00edvodu vzduchu v jednom ovl\u00e1dacom elemente<\/li>\n<\/ul>\n<div><\/div>\n<div><strong>Technick\u00e9 parametre:<\/strong><\/div>\n<ul>\n<li>V\u00fd\u0161ka 1305 mm<\/li>\n<li>\u0160\u00edrka 468 mm<\/li>\n<li>H\u013abka 468 mm<\/li>\n<li>Hmotnos\u0165 159 kg<\/li>\n<li>Nomin\u00e1lny v\u00fdkon 5,7 kW<\/li>\n<li>Regulovate\u013en\u00fd v\u00fdkon 2,9-7,4 kW<\/li>\n<li>Priemer dymovodu 150 mm<\/li>\n<li>Priemer CPV 125 mm<\/li>\n<li>V\u00fd\u0161ka osi zadn\u00e9ho v\u00fdvodu 1129.5 mm<\/li>\n<li>\u0164ah 12 Pa<\/li>\n<li>\u00da\u010dinnos\u0165 81,0 %<\/li>\n<li>Priemern\u00e1 spotreba dreva 1,6 kg\/h<\/li>\n<\/ul>\n<div><\/div>\n","protected":false},"excerpt":{"rendered":"<p>Ot\u00e1\u010dav\u00e9 ohnisko v\u00e1s neobmedz\u00ed len na jedno miesto .<\/p>\n","protected":false},"featured_media":4856,"comment_status":"open","ping_status":"closed","template":"","meta":[],"product_brand":[],"product_cat":[201,206,268],"product_tag":[],"class_list":{"0":"post-3742","1":"product","2":"type-product","3":"status-publish","4":"has-post-thumbnail","6":"product_cat-krbove-kachle","7":"product_cat-romotop","8":"product_cat-krbovekachleromotopkeramikaplech","10":"first","11":"instock","12":"taxable","13":"shipping-taxable","14":"purchasable","15":"product-type-simple"},"_links":{"self":[{"href":"https:\/\/flamaecol.sk\/en\/wp-json\/wp\/v2\/product\/3742","targetHints":{"allow":["GET"]}}],"collection":[{"href":"https:\/\/flamaecol.sk\/en\/wp-json\/wp\/v2\/product"}],"about":[{"href":"https:\/\/flamaecol.sk\/en\/wp-json\/wp\/v2\/types\/product"}],"replies":[{"embeddable":true,"href":"https:\/\/flamaecol.sk\/en\/wp-json\/wp\/v2\/comments?post=3742"}],"wp:featuredmedia":[{"embeddable":true,"href":"https:\/\/flamaecol.sk\/en\/wp-json\/wp\/v2\/media\/4856"}],"wp:attachment":[{"href":"https:\/\/flamaecol.sk\/en\/wp-json\/wp\/v2\/media?parent=3742"}],"wp:term":[{"taxonomy":"product_brand","embeddable":true,"href":"https:\/\/flamaecol.sk\/en\/wp-json\/wp\/v2\/product_brand?post=3742"},{"taxonomy":"product_cat","embeddable":true,"href":"https:\/\/flamaecol.sk\/en\/wp-json\/wp\/v2\/product_cat?post=3742"},{"taxonomy":"product_tag","embeddable":true,"href":"https:\/\/flamaecol.sk\/en\/wp-json\/wp\/v2\/product_tag?post=3742"}],"curies":[{"name":"wp","href":"https:\/\/api.w.org\/{rel}","templated":true}]}}