{"id":3701,"date":"2015-09-27T10:34:18","date_gmt":"2015-09-27T08:34:18","guid":{"rendered":"https:\/\/flamaecol.sk\/produkt\/prislusenstvo-pre-krbove-vlozky-romotop-mammoth-2\/"},"modified":"2025-01-20T14:02:22","modified_gmt":"2025-01-20T12:02:22","slug":"prislusenstvo-pre-krbove-vlozky-romotop-mammoth-2","status":"publish","type":"product","link":"https:\/\/flamaecol.sk\/en\/produkt\/prislusenstvo-pre-krbove-vlozky-romotop-mammoth-2\/","title":{"rendered":"Horn\u00e1 akumula\u010dn\u00e1 sada Mammoth"},"content":{"rendered":"<h4>AKUMULA\u010cN\u00c1 SADA HORN\u00c1 ROMOTOP MAMMOTH pre krbov\u00e9 vlo\u017eky<\/h4>\n<div><\/div>\n<div>\n<ul>\n<li>vysok\u00e1 mern\u00e1 tepeln\u00e1 kapacita akumula\u010dnej sady MAMMOTH<\/li>\n<li>maxim\u00e1lny prenos tepla spal\u00edn do akumula\u010dn\u00fdch tvaroviek<\/li>\n<li>akumul\u00e1cia tepla &#8211; vykurovanie aj po ukon\u010den\u00ed horenia v ohnisku<\/li>\n<li>doplnenie , alebo zv\u00fd\u0161enie akumula\u010dnej schopnosti stavby<\/li>\n<li>\u013aahk\u00e1 mont\u00e1\u017e<\/li>\n<li>\u0161peci\u00e1lne vysoko tepeln\u00e9 vodiv\u00e9 lamely medzi akumula\u010dn\u00fdmi tvarovkami \u2013 vysok\u00e1 r\u00fdchlos\u0165 k naakumulovaniu tepla<\/li>\n<li>hmotnos\u0165 hornej sady 70 kg<\/li>\n<li>mo\u017enos\u0165 dok\u00fapenia len hornej, alebo bo\u010dnej akumul\u00e1cii MAMMOTH<\/li>\n<\/ul>\n<\/div>\n<div><\/div>\n<div>Toto pr\u00edslu\u0161enstvo je ur\u010den\u00e9 pre:<\/div>\n<div>KV HEAT 2g 42.50.01 &#8211; rovn\u00e1<\/div>\n<div>KV HEAT 2g 59.44.13 &#8211; rovn\u00e1<\/div>\n<div>KV HEAT 2g 59.50.01 &#8211; rovn\u00e1<\/div>\n<div>KV HEAT 2g 59.50.13 &#8211; rovn\u00e1<\/div>\n<div>KV HEAT 2g 70.44.01 &#8211; rovn\u00e1<\/div>\n<div>KV HEAT 2g 70.44.13 &#8211; rovn\u00e1<\/div>\n","protected":false},"excerpt":{"rendered":"<p>AKUMULA\u010cN\u00c1 SADA HORN\u00c1 ROMOTOP MAMMOTH pre krbov\u00e9 vlo\u017eky vysok\u00e1 mern\u00e1 tepeln\u00e1 kapacita akumula\u010dnej sady MAMMOTH maxim\u00e1lny prenos tepla spal\u00edn do akumula\u010dn\u00fdch tvaroviek akumul\u00e1cia tepla &#8211; vykurovanie aj po ukon\u010den\u00ed horenia v ohnisku doplnenie , alebo zv\u00fd\u0161enie akumula\u010dnej schopnosti stavby \u013aahk\u00e1 mont\u00e1\u017e \u0161peci\u00e1lne vysoko tepeln\u00e9 vodiv\u00e9 lamely medzi akumula\u010dn\u00fdmi tvarovkami \u2013 vysok\u00e1 r\u00fdchlos\u0165 k naakumulovaniu tepla [&hellip;]<\/p>\n","protected":false},"featured_media":3697,"comment_status":"open","ping_status":"closed","template":"","meta":[],"product_brand":[],"product_cat":[228,265],"product_tag":[],"class_list":{"0":"post-3701","1":"product","2":"type-product","3":"status-publish","4":"has-post-thumbnail","6":"product_cat-krbovevlozkyromotop","7":"product_cat-prislusenstvo-pre-krbove-vlozky-romotop","9":"first","10":"instock","11":"taxable","12":"shipping-taxable","13":"purchasable","14":"product-type-simple"},"_links":{"self":[{"href":"https:\/\/flamaecol.sk\/en\/wp-json\/wp\/v2\/product\/3701","targetHints":{"allow":["GET"]}}],"collection":[{"href":"https:\/\/flamaecol.sk\/en\/wp-json\/wp\/v2\/product"}],"about":[{"href":"https:\/\/flamaecol.sk\/en\/wp-json\/wp\/v2\/types\/product"}],"replies":[{"embeddable":true,"href":"https:\/\/flamaecol.sk\/en\/wp-json\/wp\/v2\/comments?post=3701"}],"wp:featuredmedia":[{"embeddable":true,"href":"https:\/\/flamaecol.sk\/en\/wp-json\/wp\/v2\/media\/3697"}],"wp:attachment":[{"href":"https:\/\/flamaecol.sk\/en\/wp-json\/wp\/v2\/media?parent=3701"}],"wp:term":[{"taxonomy":"product_brand","embeddable":true,"href":"https:\/\/flamaecol.sk\/en\/wp-json\/wp\/v2\/product_brand?post=3701"},{"taxonomy":"product_cat","embeddable":true,"href":"https:\/\/flamaecol.sk\/en\/wp-json\/wp\/v2\/product_cat?post=3701"},{"taxonomy":"product_tag","embeddable":true,"href":"https:\/\/flamaecol.sk\/en\/wp-json\/wp\/v2\/product_tag?post=3701"}],"curies":[{"name":"wp","href":"https:\/\/api.w.org\/{rel}","templated":true}]}}