{"id":3699,"date":"2015-09-27T10:27:52","date_gmt":"2015-09-27T08:27:52","guid":{"rendered":"https:\/\/flamaecol.sk\/produkt\/prislusenstvo-pre-krbove-vlozky-romotop-mamoth-bocna-sada-2\/"},"modified":"2025-01-20T14:02:22","modified_gmt":"2025-01-20T12:02:22","slug":"prislusenstvo-pre-krbove-vlozky-romotop-mamoth-bocna-sada-2","status":"publish","type":"product","link":"https:\/\/flamaecol.sk\/en\/produkt\/prislusenstvo-pre-krbove-vlozky-romotop-mamoth-bocna-sada-2\/","title":{"rendered":"Bo\u010dn\u00e1 akumula\u010dn\u00e1 sada Mammoth"},"content":{"rendered":"<h4>AKUMULA\u010cN\u00c1 SADA ROMOTOP MAMMOTH pre krbov\u00e9 vlo\u017eky<\/h4>\n<\/p>\n<ul>\n<li>vysok\u00e1 mern\u00e1 tepeln\u00e1 kapacita akumula\u010dnej sady MAMMOTH<\/li>\n<li>maxim\u00e1lny prenos tepla spal\u00edn do akumula\u010dn\u00fdch tvaroviek<\/li>\n<li>akumul\u00e1cia tepla &#8211; vykurovanie aj po ukon\u010den\u00ed horenia v ohnisku<\/li>\n<li>doplnenie, alebo zv\u00fd\u0161enie akumula\u010dnej schopnosti stavby<\/li>\n<li>\u013aahk\u00e1 mont\u00e1\u017e<\/li>\n<li>hmotnos\u0165 bo\u010dnej sady 46 kg<\/li>\n<li>mo\u017enos\u0165 dok\u00fapenia len hornej, alebo bo\u010dnej akumul\u00e1cii MAMMOTH<\/li>\n<\/ul>\n<p><\/p>\n<p>Toto pr\u00edslu\u0161enstvo je ur\u010den\u00e9 pre:<\/p>\n<p>DYNAMIC 2g 35.46.01 &#8211; krbov\u00e1 \/ pecov\u00e1 vlo\u017eka s dvojit\u00fdm presklen\u00edm<\/p>\n<p>DYNAMIC 2G 44.55.01N &#8211; krbov\u00e1 vlo\u017eka rovn\u00e1 s dvojit\u00fdm presklen\u00edm<\/p>\n<p>DYNAMIC 2G 44.55.13N &#8211; krbov\u00e1 vlo\u017eka rovn\u00e1 s trojit\u00fdm presklen\u00edm<\/p>\n<p>DYNAMIC 2G 66.50.01N &#8211; krbov\u00e1 vlo\u017eka rovn\u00e1 s dvojit\u00fdm presklen\u00edm<\/p>\n<p>DYNAMIC 2G 66.50.13N &#8211; krbov\u00e1 vlo\u017eka rovn\u00e1 s trojit\u00fdm presklen\u00edm<\/p>\n<p>DYNAMIC B2G 35.46.01 &#8211; krbov\u00e1 \/ pecov\u00e1 vlo\u017eka s dvojit\u00fdm presklenim a zadn\u00fdm prikladan\u00edm<\/p>\n<p>DYNAMIC B2G 66.50.01N &#8211; krbov\u00e1 vlo\u017eka rovn\u00e1 s dvojit\u00fdm presklenim a zadn\u00fdm prikladan\u00edm<\/p>\n<p>DYNAMIC B2G 66.50.13N &#8211; krbov\u00e1 vlo\u017eka rovn\u00e1 s trojit\u00fdm presklen\u00edm a zadn\u00fdm prikladan\u00edm<\/p>\n<p>HEAT 2g 42.50.01 &#8211; krbov\u00e1 vlo\u017eka rovn\u00e1<\/p>\n<p>HEAT 2g 59.44.13 &#8211; krbov\u00e1 vlo\u017eka rovn\u00e1<\/p>\n<p>HEAT 2g 59.50.01 &#8211; krbov\u00e1 vlo\u017eka rovn\u00e1<\/p>\n<p>HEAT 2g 59.50.13 &#8211; krbov\u00e1 vlo\u017eka rovn\u00e1<\/p>\n<p>HEAT 2g 70.44.01 &#8211; krbov\u00e1 vlo\u017eka rovn\u00e1<\/p>\n<p>HEAT 2g 70.44.13 &#8211; krbov\u00e1 vlo\u017eka rovn\u00e1<\/p>\n<p>HEAT 2g 70.50.01 &#8211; krbov\u00e1 vlo\u017eka rovn\u00e1<\/p>\n<p>HEAT 2g 80.50.01 &#8211; krbov\u00e1 vlo\u017eka rovn\u00e1<\/p>\n<p>HEAT 3g L 110.50.01 &#8211; teplovzdu\u0161n\u00e1 krbov\u00e1 vlo\u017eka s v\u00fdsuvn\u00fdmi dvierkami<\/p>\n<p>HEAT 3g L 66.50.01 &#8211; teplovzdu\u0161n\u00e1 krbov\u00e1 vlo\u017eka s v\u00fdsuvn\u00fdmi dvierkami<\/p>\n<p>HEAT 3g L 88.50.01 &#8211; teplovzdu\u0161n\u00e1 krbov\u00e1 vlo\u017eka s v\u00fdsuvn\u00fdmi dvierkami<\/p>\n<p>HEAT 3g L 88.66.01 &#8211; teplovzdu\u0161n\u00e1 krbov\u00e1 vlo\u017eka s v\u00fdsuvn\u00fdmi dvierkami<\/p>\n<p>HEAT C 3g L 65.52.31.01(21) &#8211; teplovzdu\u0161n\u00e1 trojstrann\u00e1 krbov\u00e1 vlo\u017eka s v\u00fdsuvn\u00fdmi dvierkami a s oh\u00fdban\u00fdm (delen\u00fdm) sklom<\/p>\n<p>HEAT C 3g L 80.52.31.01(21) &#8211; teplovzdu\u0161n\u00e1 trojstrann\u00e1 krbov\u00e1 vlo\u017eka s v\u00fdsuvn\u00fdmi dvierkami a s oh\u00fdban\u00fdm (delen\u00fdm) sklom<\/p>\n<p>HEAT R\/L 2g S 50.44.33.13(23) &#8211; krbov\u00e1 vlo\u017eka rohov\u00e1 s oh\u00fdban\u00fdm (delen\u00fdm) sklom<\/p>\n<p>HEAT R\/L 2g S 60.44.33.13(23) &#8211; krbov\u00e1 vlo\u017eka rohov\u00e1 s oh\u00fdban\u00fdm (delen\u00fdm) sklom<\/p>\n<p>HEAT R\/L 2g S 65.51.40.01(21) &#8211; teplovzdu\u0161n\u00e1 rohov\u00e1 krbov\u00e1 vlo\u017eka s oh\u00fdban\u00fdm (delen\u00fdm) sklom<\/p>\n<p>HEAT R\/L 2g S 70.44.33.13(23) &#8211; krbov\u00e1 vlo\u017eka rohov\u00e1 s oh\u00fdban\u00fdm (delen\u00fdm) sklom<\/p>\n<p>HEAT R\/L 3g L 50.51.40.21 &#8211; teplovzdu\u0161n\u00e1 rohov\u00e1 krbov\u00e1 vlo\u017eka s v\u00fdsuvn\u00fdmi dvierkami a s delen\u00fdm sklom<\/p>\n<p>HEAT R\/L 3g L 65.51.40.01(21) &#8211; teplovzdu\u0161n\u00e1 rohov\u00e1 krbov\u00e1 vlo\u017eka s v\u00fdsuvn\u00fdmi dvierkami a s oh\u00fdban\u00fdm (delen\u00fdm) sklom<\/p>\n<p>HEAT R\/L 3g L 81.51.40.01(21) &#8211; teplovzdu\u0161n\u00e1 rohov\u00e1 krbov\u00e1 vlo\u017eka s v\u00fdsuvn\u00fdmi dvierkami a s oh\u00fdban\u00fdm (delen\u00fdm) sklom<\/p>\n<p>HEAT T 3g 70.50.01 &#8211; krbov\u00e1 vlo\u017eka prieh\u013eadn\u00e1<\/p>\n<p>IMPRESSION C 2G L 67.61.34.21 &#8211; trojstrann\u00e1 krbov\u00e1 vlo\u017eka s v\u00fdsuvn\u00fdmi dvierkami a delen\u00fdm sklom<\/p>\n<p>IMPRESSION C 2G L 80.61.34.21 &#8211; trojstrann\u00e1 krbov\u00e1 vlo\u017eka s v\u00fdsuvn\u00fdmi dvierkami a delen\u00fdm sklom<\/p>\n<p>VARIANT FN 03 plech &#8211; designov\u00fd akumula\u010dn\u00fd krb<\/p>\n<p>VARIANT RN\/LN 03 plech &#8211; designov\u00fd rohov\u00fd akumula\u010dn\u00fd krb s oh\u00fdban\u00fdm sklom<\/p>\n","protected":false},"excerpt":{"rendered":"<p>AKUMULA\u010cN\u00c1 SADA ROMOTOP MAMMOTH pre krbov\u00e9 vlo\u017eky vysok\u00e1 mern\u00e1 tepeln\u00e1 kapacita akumula\u010dnej sady MAMMOTH maxim\u00e1lny prenos tepla spal\u00edn do akumula\u010dn\u00fdch tvaroviek akumul\u00e1cia tepla &#8211; vykurovanie aj po ukon\u010den\u00ed horenia v ohnisku doplnenie, alebo zv\u00fd\u0161enie akumula\u010dnej schopnosti stavby \u013aahk\u00e1 mont\u00e1\u017e hmotnos\u0165 bo\u010dnej sady 46 kg mo\u017enos\u0165 dok\u00fapenia len hornej, alebo bo\u010dnej akumul\u00e1cii MAMMOTH Toto pr\u00edslu\u0161enstvo je [&hellip;]<\/p>\n","protected":false},"featured_media":3691,"comment_status":"open","ping_status":"closed","template":"","meta":[],"product_brand":[],"product_cat":[228,265],"product_tag":[],"class_list":{"0":"post-3699","1":"product","2":"type-product","3":"status-publish","4":"has-post-thumbnail","6":"product_cat-krbovevlozkyromotop","7":"product_cat-prislusenstvo-pre-krbove-vlozky-romotop","9":"first","10":"instock","11":"taxable","12":"shipping-taxable","13":"purchasable","14":"product-type-simple"},"_links":{"self":[{"href":"https:\/\/flamaecol.sk\/en\/wp-json\/wp\/v2\/product\/3699","targetHints":{"allow":["GET"]}}],"collection":[{"href":"https:\/\/flamaecol.sk\/en\/wp-json\/wp\/v2\/product"}],"about":[{"href":"https:\/\/flamaecol.sk\/en\/wp-json\/wp\/v2\/types\/product"}],"replies":[{"embeddable":true,"href":"https:\/\/flamaecol.sk\/en\/wp-json\/wp\/v2\/comments?post=3699"}],"wp:featuredmedia":[{"embeddable":true,"href":"https:\/\/flamaecol.sk\/en\/wp-json\/wp\/v2\/media\/3691"}],"wp:attachment":[{"href":"https:\/\/flamaecol.sk\/en\/wp-json\/wp\/v2\/media?parent=3699"}],"wp:term":[{"taxonomy":"product_brand","embeddable":true,"href":"https:\/\/flamaecol.sk\/en\/wp-json\/wp\/v2\/product_brand?post=3699"},{"taxonomy":"product_cat","embeddable":true,"href":"https:\/\/flamaecol.sk\/en\/wp-json\/wp\/v2\/product_cat?post=3699"},{"taxonomy":"product_tag","embeddable":true,"href":"https:\/\/flamaecol.sk\/en\/wp-json\/wp\/v2\/product_tag?post=3699"}],"curies":[{"name":"wp","href":"https:\/\/api.w.org\/{rel}","templated":true}]}}