{"id":3683,"date":"2015-09-25T15:28:38","date_gmt":"2015-09-25T13:28:38","guid":{"rendered":"https:\/\/flamaecol.sk\/produkt\/salave-pece-holzli-2\/"},"modified":"2015-09-25T15:28:38","modified_gmt":"2015-09-25T13:28:38","slug":"salave-pece-holzli-2","status":"publish","type":"product","link":"https:\/\/flamaecol.sk\/en\/produkt\/salave-pece-holzli-2\/","title":{"rendered":"S\u00e1lav\u00e1 pec H\u00d6LZLI OI\/30\/F+A\/P"},"content":{"rendered":"<h4>Mal\u00e1 kach\u013eov\u00e1 pec H\u00d6LZLI OI\/30\/F+A\/P, dvierka \u010dierne<\/h4>\n<p><\/p>\n<p>Zdrav\u00e9 a pr\u00edjemn\u00e9 s\u00e1lav\u00e9 teplo:<\/p>\n<p>&#8211; Zn\u00ed\u017een\u00e1 cirkul\u00e1cia prachu a bakt\u00e9ri\u00ed vo vzduchu &nbsp;vykurovanej miestnosti<\/p>\n<p>&#8211; Rovnomern\u00e9 rozlo\u017eenie teploty medzi podlahou a stropom<\/p>\n<p>&#8211; Vhodn\u00fd do NED domov<\/p>\n<p>&#8211; Syst\u00e9m keramick\u00fdch \u0165ahov d\u013a\u017eky 3,2 m<\/p>\n<p>&#8211; Individu\u00e1lny dizajn: vo\u013en\u00fd v\u00fdber farby a materi\u00e1lu&nbsp;<\/p>\n<p>&#8211; Prikladac\u00ed interval 6-8 h s 3-6 kg dreva<\/p>\n<p>&#8211; Mo\u017enos\u0165 vybavi\u0165 automatickou regul\u00e1ciou horenia ( pr\u00edplatok 2200 eur )<\/p>\n<p><\/p>\n<p>Technick\u00e9 parametre :<\/p>\n<p>Nomin\u00e1lny v\u00fdkon (pri 8 hod. intervale ): 2,5 kW<\/p>\n<p>\u00da\u010dinnos\u0165: 87,6%<\/p>\n<p>Mno\u017estvo paliva: 3 &#8211; 6 kg palivov\u00e9 drevo<\/p>\n<p>Doba horenia: asi 2 hodiny<\/p>\n<p>Spa\u013eovac\u00ed vzduch prierez: 150 cm\u00b2<\/p>\n<p>Teplota spal\u00edn: 220 \u00b0 C<\/p>\n<p>Hmotnos\u0165 : 510.00 kg<\/p>\n<p>Po\u017eadovan\u00fd \u0165ah: 13 Pa<\/p>\n<p>Hmotnostn\u00e9ho prietoku v\u00fdfukov\u00fdch: 18,4 g \/ s<\/p>\n<p>Pripojenie kom\u00edna: zadn\u00e9, bo\u010dn\u00e9 alebo horn\u00e9<\/p>\n<p>V\u00fdvod dymovodu : 150 mm<\/p>\n<p>Pr\u00edvod \u010derstv\u00e9ho vzduchu : 150 mm<\/p>\n<p>Pec obsahuje: \u0161amoty na stavbu jadra pece, napresno narezan\u00e9 s \u010distiacimi otvormi, sklovl\u00e1kenn\u00e1 sie\u0165ka, malta Universal HKM na omietnutie vonkaj\u0161ieho pl\u00e1\u0161\u0165a hr\u00fabky 30-60mm<\/p>\n<p> a dvierka SJ \u010dierne + r\u00e1mik SJR \u010dierny (Ofen Innovativ).<\/p>\n","protected":false},"excerpt":{"rendered":"<p>Mal\u00e1 kach\u013eov\u00e1 pec H\u00d6LZLI OI\/30\/F+A\/P, dvierka \u010dierne Zdrav\u00e9 a pr\u00edjemn\u00e9 s\u00e1lav\u00e9 teplo: &#8211; Zn\u00ed\u017een\u00e1 cirkul\u00e1cia prachu a bakt\u00e9ri\u00ed vo vzduchu &nbsp;vykurovanej miestnosti &#8211; Rovnomern\u00e9 rozlo\u017eenie teploty medzi podlahou a stropom &#8211; Vhodn\u00fd do NED domov &#8211; Syst\u00e9m keramick\u00fdch \u0165ahov d\u013a\u017eky 3,2 m &#8211; Individu\u00e1lny dizajn: vo\u013en\u00fd v\u00fdber farby a materi\u00e1lu&nbsp; &#8211; Prikladac\u00ed interval 6-8 h [&hellip;]<\/p>\n","protected":false},"featured_media":3667,"comment_status":"open","ping_status":"closed","template":"","meta":[],"product_brand":[],"product_cat":[269],"product_tag":[],"class_list":{"0":"post-3683","1":"product","2":"type-product","3":"status-publish","4":"has-post-thumbnail","6":"product_cat-salave-krby-a-kachle","8":"first","9":"onbackorder","10":"taxable","11":"shipping-taxable","12":"purchasable","13":"product-type-simple"},"_links":{"self":[{"href":"https:\/\/flamaecol.sk\/en\/wp-json\/wp\/v2\/product\/3683","targetHints":{"allow":["GET"]}}],"collection":[{"href":"https:\/\/flamaecol.sk\/en\/wp-json\/wp\/v2\/product"}],"about":[{"href":"https:\/\/flamaecol.sk\/en\/wp-json\/wp\/v2\/types\/product"}],"replies":[{"embeddable":true,"href":"https:\/\/flamaecol.sk\/en\/wp-json\/wp\/v2\/comments?post=3683"}],"wp:featuredmedia":[{"embeddable":true,"href":"https:\/\/flamaecol.sk\/en\/wp-json\/wp\/v2\/media\/3667"}],"wp:attachment":[{"href":"https:\/\/flamaecol.sk\/en\/wp-json\/wp\/v2\/media?parent=3683"}],"wp:term":[{"taxonomy":"product_brand","embeddable":true,"href":"https:\/\/flamaecol.sk\/en\/wp-json\/wp\/v2\/product_brand?post=3683"},{"taxonomy":"product_cat","embeddable":true,"href":"https:\/\/flamaecol.sk\/en\/wp-json\/wp\/v2\/product_cat?post=3683"},{"taxonomy":"product_tag","embeddable":true,"href":"https:\/\/flamaecol.sk\/en\/wp-json\/wp\/v2\/product_tag?post=3683"}],"curies":[{"name":"wp","href":"https:\/\/api.w.org\/{rel}","templated":true}]}}