{"id":3669,"date":"2015-09-23T15:40:46","date_gmt":"2015-09-23T13:40:46","guid":{"rendered":"https:\/\/flamaecol.sk\/produkt\/kuchynsky-sporak-wamsler-w1-50-3\/"},"modified":"2015-09-23T15:40:46","modified_gmt":"2015-09-23T13:40:46","slug":"kuchynsky-sporak-wamsler-w1-50-3","status":"publish","type":"product","link":"https:\/\/flamaecol.sk\/en\/produkt\/kuchynsky-sporak-wamsler-w1-50-3\/","title":{"rendered":"Wamsler W1-50"},"content":{"rendered":"<h4>Krbov\u00e9 kuchynsk\u00e9 kachle Wamsler W1-50<\/h4>\n<div><\/div>\n<div>Prev\u00e1dzka kuchynsk\u00fdch kachl\u00ed W1-50 je kontrolovan\u00e1 trojstup\u0148ov\u00fdm spa\u013eovan\u00edm. Doch\u00e1dza t\u00fdm k dokonal\u00e9mu a \u00fasporn\u00e9mu horenie paliva, n\u00edzkej spotrebe paliva a ve\u013ek\u00e9 redukciu \u0161kodliv\u00fdch emisi\u00ed. V\u00fdsledkom je \u00fa\u010dinnos\u0165 vy\u0161\u0161ia ako 82% .WAMSLER kombinuje kvalitn\u00e9 materi\u00e1ly s najvyspelej\u0161\u00edmi technologick\u00fdmi postupmi. Syst\u00e9m kachl\u00ed umo\u017e\u0148uje dokonal\u00e9 spa\u013eovanie plynov a prachov\u00fdch \u010dast\u00edc s minim\u00e1lnym dopadom na \u017eivotn\u00e9 prostredie. Kuchynsk\u00e1 kachle W1-50 s presklen\u00fdm spa\u013eovac\u00edm priestorom maj\u00fa presn\u00fa regul\u00e1ciu prim\u00e1rneho a sekund\u00e1rneho i terci\u00e1rneho vzduchu. Prieh\u013eadov\u00e1 skl\u00e1 do ohniska s\u00fa v\u017edy za prev\u00e1dzky \u010dist\u00e9 a umo\u017e\u0148uj\u00fa sledova\u0165 k\u00fazeln\u00fd ohe\u0148 v spa\u013eovacom priestore. Komfortn\u00e9 prevedenie varnej dosky m\u00e1 tri tepeln\u00e9 z\u00f3ny k r\u00fdchlemu, pozvo\u013en\u00e9mu i miernemu vareniu. Integrovan\u00fd sn\u00edma\u010d teploty reguluje pr\u00edsun vzduchu aj vo f\u00e1ze rozk\u00farenia. Za prev\u00e1dzky n\u00e1m umo\u017en\u00ed kontrolova\u0165 ovl\u00e1dacie prvky ako s\u00fa zakurovacia klapka a regul\u00e1cia prim\u00e1rneho vzduchu.<\/div>\n<div><\/div>\n<div>Technick\u00e9 parametre:<\/div>\n<div><\/div>\n<div>V\u00fdkon kachl\u00ed: 6 kW<\/div>\n<div>Regula\u010dn\u00fd rozsah : 3,1-6,3 kW<\/div>\n<div>Palivo: Drevo, uho\u013en\u00e9 brikety<\/div>\n<div>Spotreba paliva: 0,8-1,5kg \/ h<\/div>\n<div>Syst\u00e9m spa\u013eovania: trojstup\u0148ov\u00fd<\/div>\n<div>Vykurovan\u00fd priestor: 100-165m3<\/div>\n<div>Rozmery spotrebi\u010da VxHx\u0160: 850x600x503 mm<\/div>\n<div>Priemer dymovodu: 120 mm<\/div>\n<div>Pripojenie dymovodu: zadn\u00e9, bo\u010dn\u00e9, prav\u00e9 aj \u013eav\u00e9<\/div>\n<div>Priemer pr\u00edvodu extern\u00e9ho vzduchu: 80mm<\/div>\n<div>V\u00fd\u0161ka do stredu dymovodu: 692 mm<\/div>\n<div>V\u00fdstupn\u00e1 teplota spal\u00edn: 260 \u00b0 C<\/div>\n<div>Hmotnostn\u00fd tok spal\u00edn g \/ s: 8,5 g \/ s<\/div>\n<div>Potrebn\u00fd kom\u00ednov\u00fd \u0165ah (Pa): 12 Pa<\/div>\n<div>\u00da\u010dinnos\u0165: 82%<\/div>\n<div>Max. d\u013a\u017eka polien: 30cm<\/div>\n<div>V\u00e1ha: 128 kg<\/div>\n<div>Z\u00e1ruka: 2 roky<\/div>\n<div>Farebn\u00e9 verzie : antracit(na obr\u00e1zku) &nbsp;,\u010dierna ,biela ,hned\u00e1 ,kiesel ,nerez<\/div>\n","protected":false},"excerpt":{"rendered":"<p>Krbov\u00e9 kuchynsk\u00e9 kachle Wamsler W1-50 Prev\u00e1dzka kuchynsk\u00fdch kachl\u00ed W1-50 je kontrolovan\u00e1 trojstup\u0148ov\u00fdm spa\u013eovan\u00edm. Doch\u00e1dza t\u00fdm k dokonal\u00e9mu a \u00fasporn\u00e9mu horenie paliva, n\u00edzkej spotrebe paliva a ve\u013ek\u00e9 redukciu \u0161kodliv\u00fdch emisi\u00ed. V\u00fdsledkom je \u00fa\u010dinnos\u0165 vy\u0161\u0161ia ako 82% .WAMSLER kombinuje kvalitn\u00e9 materi\u00e1ly s najvyspelej\u0161\u00edmi technologick\u00fdmi postupmi. Syst\u00e9m kachl\u00ed umo\u017e\u0148uje dokonal\u00e9 spa\u013eovanie plynov a prachov\u00fdch \u010dast\u00edc s minim\u00e1lnym dopadom [&hellip;]<\/p>\n","protected":false},"featured_media":3651,"comment_status":"open","ping_status":"closed","template":"","meta":[],"product_brand":[],"product_cat":[216,221],"product_tag":[],"class_list":{"0":"post-3669","1":"product","2":"type-product","3":"status-publish","4":"has-post-thumbnail","6":"product_cat-sporaky","7":"product_cat-wamsler","9":"first","10":"onbackorder","11":"taxable","12":"shipping-taxable","13":"purchasable","14":"product-type-simple"},"_links":{"self":[{"href":"https:\/\/flamaecol.sk\/en\/wp-json\/wp\/v2\/product\/3669","targetHints":{"allow":["GET"]}}],"collection":[{"href":"https:\/\/flamaecol.sk\/en\/wp-json\/wp\/v2\/product"}],"about":[{"href":"https:\/\/flamaecol.sk\/en\/wp-json\/wp\/v2\/types\/product"}],"replies":[{"embeddable":true,"href":"https:\/\/flamaecol.sk\/en\/wp-json\/wp\/v2\/comments?post=3669"}],"wp:featuredmedia":[{"embeddable":true,"href":"https:\/\/flamaecol.sk\/en\/wp-json\/wp\/v2\/media\/3651"}],"wp:attachment":[{"href":"https:\/\/flamaecol.sk\/en\/wp-json\/wp\/v2\/media?parent=3669"}],"wp:term":[{"taxonomy":"product_brand","embeddable":true,"href":"https:\/\/flamaecol.sk\/en\/wp-json\/wp\/v2\/product_brand?post=3669"},{"taxonomy":"product_cat","embeddable":true,"href":"https:\/\/flamaecol.sk\/en\/wp-json\/wp\/v2\/product_cat?post=3669"},{"taxonomy":"product_tag","embeddable":true,"href":"https:\/\/flamaecol.sk\/en\/wp-json\/wp\/v2\/product_tag?post=3669"}],"curies":[{"name":"wp","href":"https:\/\/api.w.org\/{rel}","templated":true}]}}