{"id":3650,"date":"2015-09-21T20:36:21","date_gmt":"2015-09-21T18:36:21","guid":{"rendered":"https:\/\/flamaecol.sk\/produkt\/sporak-na-tuhe-palivo-wamsler-w1-90-3\/"},"modified":"2025-01-14T13:42:01","modified_gmt":"2025-01-14T11:42:01","slug":"sporak-na-tuhe-palivo-wamsler-w1-90-3","status":"publish","type":"product","link":"https:\/\/flamaecol.sk\/en\/produkt\/sporak-na-tuhe-palivo-wamsler-w1-90-3\/","title":{"rendered":"Wamsler W1-90"},"content":{"rendered":"<h4>Kuchynsk\u00fd spor\u00e1k Wamsler W1-90<\/h4>\n<p>Prev\u00e1dzka kuchynsk\u00e9ho spor\u00e1ka W1-90 je kontrolovan\u00e1 trojstup\u0148ov\u00fdm spa\u013eovan\u00edm .Doch\u00e1za t\u00fdm k dokonal\u00e9mu spa\u013eovaniu, dlh\u00e9mu horenia, n\u00edzkej spotrebe paliva a redukci\u00ed \u0161kodliv\u00fdch emisi\u00ed. V\u00fdsledkom je \u00fa\u010dinnos\u0165 vy\u0161\u0161ia ako 82% .WAMSLER kombinuje kvalitn\u00e9 materi\u00e1ly s najvyspelej\u0161\u00edmi technologick\u00fdmi postupmi. Syst\u00e9m kachl\u00ed umo\u017e\u0148uje dokonal\u00e9 spa\u013eovanie plynov a prachov\u00fdch \u010dast\u00edc s minim\u00e1lnym dopadom na \u017eivotn\u00e9 prostredie. Kuchynsk\u00e9 spor\u00e1ky W1-90 maj\u00fa integrovan\u00fd sn\u00edma\u010d teploty, ktor\u00fd reguluje pr\u00edsun vzduchu aj vo f\u00e1ze rozk\u00farenia. Za prev\u00e1dzky n\u00e1m umo\u017en\u00ed kontrolova\u0165 ovl\u00e1dacie prvky ako je zakurovacia klapka a regul\u00e1cia prim\u00e1rneho vzduchu. Prieh\u013eadov\u00e9 skla ako do ohniska, tak aj do r\u00fary na pe\u010denie s\u00fa v\u017edy za prev\u00e1dzky \u010dist\u00e9 a umo\u017e\u0148uj\u00fa sledova\u0165 priebeh pe\u010denia v r\u00fare alebo \u010darovn\u00fd ohe\u0148 v ohnisku. Komfortn\u00e9 prevedenie varnej dosky m\u00e1 tri tepeln\u00e9 z\u00f3ny k r\u00fdchlemu, pozvo\u013en\u00e9mu i miernemu varenie. R\u00fara na pe\u010denie s obsahom 35 litrov m\u00e1 el.osvetlenie, teplomer do 350 \u00b0 C.Spor\u00e1ky Wamsler W1-90 s\u00fa vyr\u00e1ban\u00e9 vo variantoch na pravej i \u013eavej strane.Pri objednan\u00ed prav\u00e9ho v\u00fdvodu je ohnisko na \u013eavej strane a r\u00fara vpravo.Pii objednan\u00ed \u013eav\u00e9ho v\u00fdvodu je ohnisko vpravo a r\u00fara na \u013eavej strane.<\/p>\n<p><\/p>\n<p>Technick\u00e9 \u0161pecifik\u00e1cie :<\/p>\n<p><\/p>\n<p>V\u00fdkon kachl\u00ed: 8 kW<\/p>\n<p>Palivo: Drevo, uho\u013en\u00e9 brikety<\/p>\n<p>Spotreba paliva: 0,8-2 kg \/ h<\/p>\n<p>Vykurovan\u00fd priestor: 150-250m3<\/p>\n<p>Rozmery spotrebi\u010da VxHx\u0160: 850x600x908 mm<\/p>\n<p>Priemer dymovodu: 120 mm<\/p>\n<p>Pripojenie dymovodu: horn\u00fd, zadn\u00fd, bo\u010dn\u00e9, prav\u00e9 aj \u013eav\u00e9<\/p>\n<p>Priemer pr\u00edvodu extern\u00e9ho vzduchu: 80mm<\/p>\n<p>V\u00fd\u0161ka do stredu dymovodu: 692 mm<\/p>\n<p>V\u00fdstupn\u00e1 teplota spal\u00edn: 210 \u00b0 C<\/p>\n<p>Hmotnostn\u00fd tok spal\u00edn g \/ s: 9g \/ s<\/p>\n<p>Potrebn\u00fd kom\u00ednov\u00fd \u0165ah (Pa): 12 Pa<\/p>\n<p>\u00da\u010dinnos\u0165: 82%<\/p>\n<p>Max. d\u013a\u017eka polien: 30cm<\/p>\n<p>V\u00e1ha: 195 kg<\/p>\n<p>Z\u00e1ruka: 2 roky<\/p>\n<p>Farebn\u00e9 verzie : kiesel(na obr\u00e1zku) ,antracit ,biela ,\u010dierna ,hned\u00e1 ,nerez<\/p>\n<p>Spor\u00e1k Wamsler W1-90 je vyr\u00e1ban\u00fd vo variantoch s oce\u013eovou plat\u0148ou alebo s mo\u017enos\u0165ou kombin\u00e1cie &nbsp;so sklokeramickou varnou plat\u0148ou. Pri objedn\u00e1vke pros\u00edm uve\u010fte do pozn\u00e1mky, o ak\u00fa variantu tohto spor\u00e1ku m\u00e1te z\u00e1ujem. Takisto je treba uvies\u0165 farebn\u00e9 prevedenie spor\u00e1ku .Cena s kombinovanou plat\u0148ou je + 110.00 eur.<\/p>\n<p><\/p>\n<p><iframe loading=\"lazy\" src=\"\/\/www.youtube.com\/embed\/VP8YAkiEEc0\" width=\"640\" height=\"360\" frameborder=\"0\"><\/iframe><\/p>\n<p><\/p>\n","protected":false},"excerpt":{"rendered":"<p>Kuchynsk\u00fd spor\u00e1k Wamsler W1-90 Prev\u00e1dzka kuchynsk\u00e9ho spor\u00e1ka W1-90 je kontrolovan\u00e1 trojstup\u0148ov\u00fdm spa\u013eovan\u00edm .Doch\u00e1za t\u00fdm k dokonal\u00e9mu spa\u013eovaniu, dlh\u00e9mu horenia, n\u00edzkej spotrebe paliva a redukci\u00ed \u0161kodliv\u00fdch emisi\u00ed. V\u00fdsledkom je \u00fa\u010dinnos\u0165 vy\u0161\u0161ia ako 82% .WAMSLER kombinuje kvalitn\u00e9 materi\u00e1ly s najvyspelej\u0161\u00edmi technologick\u00fdmi postupmi. Syst\u00e9m kachl\u00ed umo\u017e\u0148uje dokonal\u00e9 spa\u013eovanie plynov a prachov\u00fdch \u010dast\u00edc s minim\u00e1lnym dopadom na \u017eivotn\u00e9 prostredie. [&hellip;]<\/p>\n","protected":false},"featured_media":3626,"comment_status":"open","ping_status":"closed","template":"","meta":[],"product_brand":[],"product_cat":[216,221],"product_tag":[],"class_list":{"0":"post-3650","1":"product","2":"type-product","3":"status-publish","4":"has-post-thumbnail","6":"product_cat-sporaky","7":"product_cat-wamsler","9":"first","10":"onbackorder","11":"taxable","12":"shipping-taxable","13":"purchasable","14":"product-type-simple"},"_links":{"self":[{"href":"https:\/\/flamaecol.sk\/en\/wp-json\/wp\/v2\/product\/3650","targetHints":{"allow":["GET"]}}],"collection":[{"href":"https:\/\/flamaecol.sk\/en\/wp-json\/wp\/v2\/product"}],"about":[{"href":"https:\/\/flamaecol.sk\/en\/wp-json\/wp\/v2\/types\/product"}],"replies":[{"embeddable":true,"href":"https:\/\/flamaecol.sk\/en\/wp-json\/wp\/v2\/comments?post=3650"}],"wp:featuredmedia":[{"embeddable":true,"href":"https:\/\/flamaecol.sk\/en\/wp-json\/wp\/v2\/media\/3626"}],"wp:attachment":[{"href":"https:\/\/flamaecol.sk\/en\/wp-json\/wp\/v2\/media?parent=3650"}],"wp:term":[{"taxonomy":"product_brand","embeddable":true,"href":"https:\/\/flamaecol.sk\/en\/wp-json\/wp\/v2\/product_brand?post=3650"},{"taxonomy":"product_cat","embeddable":true,"href":"https:\/\/flamaecol.sk\/en\/wp-json\/wp\/v2\/product_cat?post=3650"},{"taxonomy":"product_tag","embeddable":true,"href":"https:\/\/flamaecol.sk\/en\/wp-json\/wp\/v2\/product_tag?post=3650"}],"curies":[{"name":"wp","href":"https:\/\/api.w.org\/{rel}","templated":true}]}}