{"id":3621,"date":"2015-09-18T11:31:04","date_gmt":"2015-09-18T09:31:04","guid":{"rendered":"https:\/\/flamaecol.sk\/produkt\/kanadske-kbove-vlozky-osburn-matrix\/"},"modified":"2015-09-18T11:31:04","modified_gmt":"2015-09-18T09:31:04","slug":"kanadske-kbove-vlozky-osburn-matrix","status":"publish","type":"product","link":"https:\/\/flamaecol.sk\/en\/produkt\/kanadske-kbove-vlozky-osburn-matrix\/","title":{"rendered":"Matrix"},"content":{"rendered":"<h4>Osburn Matrix<\/h4>\n<div><\/div>\n<div>Krbov\u00e1 vlo\u017eka Matrix definuje nov\u00e9 \u0161tandardy pre modern\u00fd vzh\u013ead a v\u00fdkon. Na prv\u00fd poh\u013ead vyzer\u00e1 ako krb, ale m\u00e1 v\u0161etky v\u00fdhody vlo\u017eky. Liatina bola vybrat\u00e1 ako najvhodnej\u0161\u00ed materi\u00e1l pre t\u00fato \u010dist\u00fa a modern\u00fa vlo\u017eku. In\u0161tal\u00e1cia do v\u00e4\u010d\u0161\u00edch otvorov je u\u013eah\u010den\u00e1 v\u010faka volite\u013en\u00e9mu podkladov\u00e9mu plechu. T\u00e1to vlo\u017eka sa ur\u010dite stane stredobodom z\u00e1ujmu v miestnosti.<\/div>\n<div><\/div>\n<div>\u0160tandardn\u00e9 vlastnosti:<\/div>\n<div>\n<ul>\n<li>&nbsp;Kompletn\u00e1 vlo\u017eka s oplechovan\u00edm a automatick\u00fdm ventil\u00e1torom<\/li>\n<li>&nbsp;Krbov\u00e1 vlo\u017eka s k\u013eu\u010dkou v\u013eavo (mo\u017enos\u0165 oto\u010denia)<\/li>\n<li>&nbsp;EPA certifik\u00e1t (Agent\u00fara pre ochranu \u017eivotn\u00e9ho prostredia)<\/li>\n<li>&nbsp;Ovl\u00e1danie jedin\u00fdm ty\u010dov\u00fdm tiahlom<\/li>\n<li>&nbsp;Dobr\u00fd v\u00fdh\u013ead na ohe\u0148<\/li>\n<li>&nbsp;Odoln\u00e9 keramick\u00e9 bezpe\u010dnostn\u00e9 sklo<\/li>\n<li>&nbsp;Syst\u00e9m \u010distenia vzduchom<\/li>\n<li>&nbsp;Syst\u00e9m sekund\u00e1rneho spa\u013eovania<\/li>\n<li>&nbsp;S oce\u013eov\u00fdm ohniskom<\/li>\n<\/ul>\n<p>Nomin\u00e1lny v\u00fdkon: 16 kW<br \/>Maxim\u00e1lny v\u00fdkon: 22 kW<br \/>V\u00fdhrevnos\u0165: 195 m\u00b2<br \/>Dymovod: 150 mm<br \/>\u00da\u010dinnos\u0165: 77,2 %<br \/>Max. d\u013a\u017eka polien: 50 cm<br \/>Doba horenia: viac ako 8 hod\u00edn (z\u00e1le\u017e\u00ed na type dreva, vlhkosti a klimatick\u00fdch podmienok)<br \/>Farba: Metallic Black<br \/>Emisie: 3,89 g\/hod.<br \/>Rozmery Vx\u0160xH : 305x534x419 mm<br \/>Nastavite\u013en\u00e1 rukov\u00e4\u0165<br \/>Samo\u010distiace sklo<br \/>Certifik\u00e1ty: ULC S627, UL 1482, UL 737, NFPA 211, CSA B365, EPA \/ CSA B415.1<br \/>V\u00fdrobca: Osburn<\/div>\n","protected":false},"excerpt":{"rendered":"<p>Osburn Matrix Krbov\u00e1 vlo\u017eka Matrix definuje nov\u00e9 \u0161tandardy pre modern\u00fd vzh\u013ead a v\u00fdkon. Na prv\u00fd poh\u013ead vyzer\u00e1 ako krb, ale m\u00e1 v\u0161etky v\u00fdhody vlo\u017eky. Liatina bola vybrat\u00e1 ako najvhodnej\u0161\u00ed materi\u00e1l pre t\u00fato \u010dist\u00fa a modern\u00fa vlo\u017eku. In\u0161tal\u00e1cia do v\u00e4\u010d\u0161\u00edch otvorov je u\u013eah\u010den\u00e1 v\u010faka volite\u013en\u00e9mu podkladov\u00e9mu plechu. T\u00e1to vlo\u017eka sa ur\u010dite stane stredobodom z\u00e1ujmu v miestnosti. [&hellip;]<\/p>\n","protected":false},"featured_media":3615,"comment_status":"open","ping_status":"closed","template":"","meta":[],"product_brand":[],"product_cat":[222,262],"product_tag":[],"class_list":{"0":"post-3621","1":"product","2":"type-product","3":"status-publish","4":"has-post-thumbnail","6":"product_cat-krbove-vlozky","7":"product_cat-kanadske-krbove-vlozky-kf-energy","9":"first","10":"onbackorder","11":"taxable","12":"shipping-taxable","13":"purchasable","14":"product-type-simple"},"_links":{"self":[{"href":"https:\/\/flamaecol.sk\/en\/wp-json\/wp\/v2\/product\/3621","targetHints":{"allow":["GET"]}}],"collection":[{"href":"https:\/\/flamaecol.sk\/en\/wp-json\/wp\/v2\/product"}],"about":[{"href":"https:\/\/flamaecol.sk\/en\/wp-json\/wp\/v2\/types\/product"}],"replies":[{"embeddable":true,"href":"https:\/\/flamaecol.sk\/en\/wp-json\/wp\/v2\/comments?post=3621"}],"wp:featuredmedia":[{"embeddable":true,"href":"https:\/\/flamaecol.sk\/en\/wp-json\/wp\/v2\/media\/3615"}],"wp:attachment":[{"href":"https:\/\/flamaecol.sk\/en\/wp-json\/wp\/v2\/media?parent=3621"}],"wp:term":[{"taxonomy":"product_brand","embeddable":true,"href":"https:\/\/flamaecol.sk\/en\/wp-json\/wp\/v2\/product_brand?post=3621"},{"taxonomy":"product_cat","embeddable":true,"href":"https:\/\/flamaecol.sk\/en\/wp-json\/wp\/v2\/product_cat?post=3621"},{"taxonomy":"product_tag","embeddable":true,"href":"https:\/\/flamaecol.sk\/en\/wp-json\/wp\/v2\/product_tag?post=3621"}],"curies":[{"name":"wp","href":"https:\/\/api.w.org\/{rel}","templated":true}]}}