{"id":3614,"date":"2025-01-12T15:09:53","date_gmt":"2025-01-12T13:09:53","guid":{"rendered":"https:\/\/flamaecol.sk\/?post_type=product&#038;p=3614"},"modified":"2025-01-21T17:42:14","modified_gmt":"2025-01-21T15:42:14","slug":"kanadske-kbove-vlozky-valcourt-fp7lm","status":"publish","type":"product","link":"https:\/\/flamaecol.sk\/en\/produkt\/kanadske-kbove-vlozky-valcourt-fp7lm\/","title":{"rendered":"Valcourt FP 7 LM"},"content":{"rendered":"<h4>Valcourt FP 7 LM<br \/><\/h4>\n<p><\/p>\n<p>Najv\u00e4\u010d\u0161ia kanadsk\u00e1 vlo\u017eka FP7 Antoinette s v\u00fdsuvn\u00fdmi presklenn\u00fdmi dverami a aj ochrannou mrie\u017ekou. 30 kW v\u00fdkonu pre V\u00e1\u0161 dom.<\/p>\n<p><\/p>\n<p>Z\u00c1KLADN\u00c1 CHARAKTERISTIKA<\/p>\n<\/p>\n<ul>\n<li>sekund\u00e1rne spa\u013eovanie v r\u00farkach z nerezovej ocele<\/li>\n<li>Active AirWash System &#8211; perfektne \u010dist\u00e9 sklo<\/li>\n<li>celosklenen\u00e9 v\u00fdsuvn\u00e9 dvierka<\/li>\n<li>keramick\u00e9 sklo SCHOTT ROBAX<\/li>\n<li>druh\u00fd pl\u00e1\u0161\u0165 pre maxim\u00e1lne vyu\u017eitie energie<\/li>\n<li>napojenie na pr\u00edvod extern\u00e9ho vzduchu<\/li>\n<li>zabudovan\u00e1 posuvn\u00e1 mrie\u017eka ohniska<\/li>\n<\/ul>\n<\/p>\n<p><\/p>\n<p>Technick\u00e9 parametre :<\/p>\n<p>V\u00fd\u0161ka: 1532 mm<\/p>\n<p>\u0160\u00edrka: 1242 mm<\/p>\n<p>H\u013abka: 684 mm<\/p>\n<p>V\u00e1ha: 200 kg<\/p>\n<p>Otv\u00e1ranie: &nbsp;v\u00fdsuv dohora<\/p>\n<p>Nomin\u00e1lny v\u00fdkon: 16-22 kW<\/p>\n<p>Interval prikladania: 10 hod\u00edn<\/p>\n<p>Priemer dymovodu: 200 mm<\/p>\n<p>D\u013a\u017eka polien: 457 mm<\/p>\n<p>Bezro\u0161tov\u00e9 ohnisko: \u00c1NO<\/p>\n<p>Pr\u00edvod vzduchu z exteri\u00e9ru: \u00c1NO<\/p>\n<p><\/p>\n<p>Nutn\u00e9 objedna\u0165 r\u00e1mik pod\u013ea v\u00fdberu !&nbsp;<\/p><\/p>\n","protected":false},"excerpt":{"rendered":"<p>Valcourt FP 7 LM Najv\u00e4\u010d\u0161ia kanadsk\u00e1 vlo\u017eka FP7 Antoinette s v\u00fdsuvn\u00fdmi presklenn\u00fdmi dverami a aj ochrannou mrie\u017ekou. 30 kW v\u00fdkonu pre V\u00e1\u0161 dom. Z\u00c1KLADN\u00c1 CHARAKTERISTIKA sekund\u00e1rne spa\u013eovanie v r\u00farkach z nerezovej ocele Active AirWash System &#8211; perfektne \u010dist\u00e9 sklo celosklenen\u00e9 v\u00fdsuvn\u00e9 dvierka keramick\u00e9 sklo SCHOTT ROBAX druh\u00fd pl\u00e1\u0161\u0165 pre maxim\u00e1lne vyu\u017eitie energie napojenie na pr\u00edvod [&hellip;]<\/p>\n","protected":false},"featured_media":3608,"comment_status":"closed","ping_status":"closed","template":"","meta":[],"product_brand":[],"product_cat":[222,262],"product_tag":[],"class_list":{"0":"post-3614","1":"product","2":"type-product","3":"status-publish","4":"has-post-thumbnail","6":"product_cat-krbove-vlozky","7":"product_cat-kanadske-krbove-vlozky-kf-energy","9":"first","10":"instock","11":"taxable","12":"shipping-taxable","13":"purchasable","14":"product-type-simple"},"_links":{"self":[{"href":"https:\/\/flamaecol.sk\/en\/wp-json\/wp\/v2\/product\/3614","targetHints":{"allow":["GET"]}}],"collection":[{"href":"https:\/\/flamaecol.sk\/en\/wp-json\/wp\/v2\/product"}],"about":[{"href":"https:\/\/flamaecol.sk\/en\/wp-json\/wp\/v2\/types\/product"}],"replies":[{"embeddable":true,"href":"https:\/\/flamaecol.sk\/en\/wp-json\/wp\/v2\/comments?post=3614"}],"wp:featuredmedia":[{"embeddable":true,"href":"https:\/\/flamaecol.sk\/en\/wp-json\/wp\/v2\/media\/3608"}],"wp:attachment":[{"href":"https:\/\/flamaecol.sk\/en\/wp-json\/wp\/v2\/media?parent=3614"}],"wp:term":[{"taxonomy":"product_brand","embeddable":true,"href":"https:\/\/flamaecol.sk\/en\/wp-json\/wp\/v2\/product_brand?post=3614"},{"taxonomy":"product_cat","embeddable":true,"href":"https:\/\/flamaecol.sk\/en\/wp-json\/wp\/v2\/product_cat?post=3614"},{"taxonomy":"product_tag","embeddable":true,"href":"https:\/\/flamaecol.sk\/en\/wp-json\/wp\/v2\/product_tag?post=3614"}],"curies":[{"name":"wp","href":"https:\/\/api.w.org\/{rel}","templated":true}]}}