{"id":3607,"date":"2015-09-15T11:33:08","date_gmt":"2015-09-15T09:33:08","guid":{"rendered":"https:\/\/flamaecol.sk\/produkt\/kanadske-krbove-vlozky-valcourt-fp12-2\/"},"modified":"2025-01-12T14:44:12","modified_gmt":"2025-01-12T12:44:12","slug":"kanadske-krbove-vlozky-valcourt-fp12-2","status":"publish","type":"product","link":"https:\/\/flamaecol.sk\/en\/produkt\/kanadske-krbove-vlozky-valcourt-fp12-2\/","title":{"rendered":"Valcourt FP 12 Mundo"},"content":{"rendered":"<h4>Valcourt FP12-MUNDO<\/h4>\n<p>&nbsp;<\/p>\n<p>Modern\u00fd pl\u00e1\u0161\u0165 a pod nim najlep\u0161ia technol\u00f3gia. Prec\u00edzne spracovan\u00e1,a vie sa poriadne rozp\u00e1li\u0165. Jednoducho dokonal\u00e1! Va\u0161a nov\u00e1 krbov\u00e1 vlo\u017eka Valcourt FP12-MUNDO<\/p>\n<p>&nbsp;<\/p>\n<p>Z\u00c1KLADN\u00c1 CHARAKTERISTIKA<\/p>\n<ul>\n<li>sekund\u00e1rne spa\u013eovanie v r\u00farkach z nerezovej ocele<\/li>\n<li>Active AirWash System &#8211; perfektne \u010dist\u00e9 sklo<\/li>\n<li>celosklenen\u00e9 dvierka osaden\u00e9 v oce\u013eovom r\u00e1me<\/li>\n<li>keramick\u00e9 sklo SCHOTT ROBAX<\/li>\n<li>druh\u00fd pl\u00e1\u0161\u0165 pre maxim\u00e1lne vyu\u017eitie energie<\/li>\n<li>napojenie na pr\u00edvod extern\u00e9ho vzduchu<\/li>\n<\/ul>\n<p>&nbsp;<\/p>\n<p>Doba horenia dlh\u0161ie ako 8 hod\u00edn<\/p>\n<p>Emisie 4.4 g \/ hod<\/p>\n<p>Rozmery (hxvx\u0161) 67.3 x 95.4 x 92.6<\/p>\n<p>Hmotnos\u0165 200 kg<\/p>\n<p>Kapacita vykurovan\u00e9ho priestoru 525 m<span style=\"vertical-align: super;\">3<\/span><\/p>\n<p>Maxim\u00e1lna d\u013a\u017eka polien 50 cm<\/p>\n<p>Nomin\u00e1lny v\u00fdkon : 16kW \/ hod<\/p>\n<p>Maxim\u00e1lny v\u00fdkon 21 kW \/ hod<\/p>\n<p>Nastavite\u013en\u00e1 rukov\u00e4\u0165 \u00c1no<\/p>\n<p>\u00da\u010dinnos\u0165 77%<\/p>\n<p>Palivo \u00a0Drevo<\/p>\n<p>R\u00e1m dver\u00ed oce\u013eov\u00fd<\/p>\n<p>Samo\u010distiaci syst\u00e9m skl\u00e1<\/p>\n<p>Spa\u013eovac\u00ed technol\u00f3gie sekund\u00e1rne spa\u013eovanie<\/p>\n<p>Ve\u013ekos\u0165 dymovodu 150 mm<\/p>\n<p>Z\u00e1ruka Limitovan\u00e1 do\u017eivotn\u00e1 z\u00e1ruka<\/p>\n<p>&nbsp;<\/p>\n<p>VOLITE\u013dN\u00c9 PR\u00cdSLU\u0160ENSTVO<\/p>\n<ul>\n<li>volite\u013en\u00fd \u0161t\u00fdl vonkaj\u0161ieho oplechovania<\/li>\n<li>ukon\u010dovacia li\u0161ta<\/li>\n<li>z\u00e1brana proti vypad\u00e1vaniu dreva<\/li>\n<\/ul>\n","protected":false},"excerpt":{"rendered":"<p>Valcourt FP12-MUNDO &nbsp; Modern\u00fd pl\u00e1\u0161\u0165 a pod nim najlep\u0161ia technol\u00f3gia. Prec\u00edzne spracovan\u00e1,a vie sa poriadne rozp\u00e1li\u0165. Jednoducho dokonal\u00e1! Va\u0161a nov\u00e1 krbov\u00e1 vlo\u017eka Valcourt FP12-MUNDO &nbsp; Z\u00c1KLADN\u00c1 CHARAKTERISTIKA sekund\u00e1rne spa\u013eovanie v r\u00farkach z nerezovej ocele Active AirWash System &#8211; perfektne \u010dist\u00e9 sklo celosklenen\u00e9 dvierka osaden\u00e9 v oce\u013eovom r\u00e1me keramick\u00e9 sklo SCHOTT ROBAX druh\u00fd pl\u00e1\u0161\u0165 pre maxim\u00e1lne [&hellip;]<\/p>\n","protected":false},"featured_media":3598,"comment_status":"closed","ping_status":"closed","template":"","meta":[],"product_brand":[],"product_cat":[222,262],"product_tag":[],"class_list":{"0":"post-3607","1":"product","2":"type-product","3":"status-publish","4":"has-post-thumbnail","6":"product_cat-krbove-vlozky","7":"product_cat-kanadske-krbove-vlozky-kf-energy","9":"first","10":"instock","11":"taxable","12":"shipping-taxable","13":"purchasable","14":"product-type-simple"},"_links":{"self":[{"href":"https:\/\/flamaecol.sk\/en\/wp-json\/wp\/v2\/product\/3607","targetHints":{"allow":["GET"]}}],"collection":[{"href":"https:\/\/flamaecol.sk\/en\/wp-json\/wp\/v2\/product"}],"about":[{"href":"https:\/\/flamaecol.sk\/en\/wp-json\/wp\/v2\/types\/product"}],"replies":[{"embeddable":true,"href":"https:\/\/flamaecol.sk\/en\/wp-json\/wp\/v2\/comments?post=3607"}],"wp:featuredmedia":[{"embeddable":true,"href":"https:\/\/flamaecol.sk\/en\/wp-json\/wp\/v2\/media\/3598"}],"wp:attachment":[{"href":"https:\/\/flamaecol.sk\/en\/wp-json\/wp\/v2\/media?parent=3607"}],"wp:term":[{"taxonomy":"product_brand","embeddable":true,"href":"https:\/\/flamaecol.sk\/en\/wp-json\/wp\/v2\/product_brand?post=3607"},{"taxonomy":"product_cat","embeddable":true,"href":"https:\/\/flamaecol.sk\/en\/wp-json\/wp\/v2\/product_cat?post=3607"},{"taxonomy":"product_tag","embeddable":true,"href":"https:\/\/flamaecol.sk\/en\/wp-json\/wp\/v2\/product_tag?post=3607"}],"curies":[{"name":"wp","href":"https:\/\/api.w.org\/{rel}","templated":true}]}}