{"id":3597,"date":"2015-09-11T10:03:37","date_gmt":"2015-09-11T08:03:37","guid":{"rendered":"https:\/\/flamaecol.sk\/produkt\/aluminova-paska-do-350-stupnov-2\/"},"modified":"2015-09-11T10:03:37","modified_gmt":"2015-09-11T08:03:37","slug":"aluminova-paska-do-350-stupnov-2","status":"publish","type":"product","link":"https:\/\/flamaecol.sk\/en\/produkt\/aluminova-paska-do-350-stupnov-2\/","title":{"rendered":"Alum\u00edniov\u00e1 p\u00e1ska do 350\u00b0C"},"content":{"rendered":"<h4>Alum\u00edniova p\u00e1ska hlin\u00edkov\u00e1 50m do 350\u00b0C<\/h4>\n<p><\/p>\n<p>Hlin\u00edkov\u00e1 izola\u010dn\u00e1 p\u00e1ska s hr\u00fabkou 30 mikr\u00f3nov a s tepelnou odolnos\u0165ou do 350\u00b0C je vhodn\u00e1 na sp\u00e1janie tepelnej izol\u00e1cie PAROC a FIREROCK , pou\u017e\u00edva sa tie\u017e na mont\u00e1\u017e vzduchotechnick\u00fdch rozvodov.<\/p>\n<p>D\u013a\u017eka: 50m<\/p>\n<p>\u0160\u00edrka: 5cm<\/p>\n<p>Hr\u00fabka: 30 mikr\u00f3nov<\/p>\n<p>Tepeln\u00e1 odolnos\u0165: 350\u00b0C<\/p>\n","protected":false},"excerpt":{"rendered":"<p>Alum\u00edniova p\u00e1ska hlin\u00edkov\u00e1 50m do 350\u00b0C Hlin\u00edkov\u00e1 izola\u010dn\u00e1 p\u00e1ska s hr\u00fabkou 30 mikr\u00f3nov a s tepelnou odolnos\u0165ou do 350\u00b0C je vhodn\u00e1 na sp\u00e1janie tepelnej izol\u00e1cie PAROC a FIREROCK , pou\u017e\u00edva sa tie\u017e na mont\u00e1\u017e vzduchotechnick\u00fdch rozvodov. D\u013a\u017eka: 50m \u0160\u00edrka: 5cm Hr\u00fabka: 30 mikr\u00f3nov Tepeln\u00e1 odolnos\u0165: 350\u00b0C<\/p>\n","protected":false},"featured_media":3592,"comment_status":"open","ping_status":"closed","template":"","meta":[],"product_brand":[],"product_cat":[230,302],"product_tag":[],"class_list":{"0":"post-3597","1":"product","2":"type-product","3":"status-publish","4":"has-post-thumbnail","6":"product_cat-prislusenstvo","7":"product_cat-prislusenstvo-pre-stavbu-krbov-a-peci","9":"first","10":"instock","11":"taxable","12":"shipping-taxable","13":"purchasable","14":"product-type-simple"},"_links":{"self":[{"href":"https:\/\/flamaecol.sk\/en\/wp-json\/wp\/v2\/product\/3597","targetHints":{"allow":["GET"]}}],"collection":[{"href":"https:\/\/flamaecol.sk\/en\/wp-json\/wp\/v2\/product"}],"about":[{"href":"https:\/\/flamaecol.sk\/en\/wp-json\/wp\/v2\/types\/product"}],"replies":[{"embeddable":true,"href":"https:\/\/flamaecol.sk\/en\/wp-json\/wp\/v2\/comments?post=3597"}],"wp:featuredmedia":[{"embeddable":true,"href":"https:\/\/flamaecol.sk\/en\/wp-json\/wp\/v2\/media\/3592"}],"wp:attachment":[{"href":"https:\/\/flamaecol.sk\/en\/wp-json\/wp\/v2\/media?parent=3597"}],"wp:term":[{"taxonomy":"product_brand","embeddable":true,"href":"https:\/\/flamaecol.sk\/en\/wp-json\/wp\/v2\/product_brand?post=3597"},{"taxonomy":"product_cat","embeddable":true,"href":"https:\/\/flamaecol.sk\/en\/wp-json\/wp\/v2\/product_cat?post=3597"},{"taxonomy":"product_tag","embeddable":true,"href":"https:\/\/flamaecol.sk\/en\/wp-json\/wp\/v2\/product_tag?post=3597"}],"curies":[{"name":"wp","href":"https:\/\/api.w.org\/{rel}","templated":true}]}}