{"id":3591,"date":"2015-09-11T09:48:59","date_gmt":"2015-09-11T07:48:59","guid":{"rendered":"https:\/\/flamaecol.sk\/produkt\/izolacna-vlna-paroc-2\/"},"modified":"2015-09-11T09:48:59","modified_gmt":"2015-09-11T07:48:59","slug":"izolacna-vlna-paroc-2","status":"publish","type":"product","link":"https:\/\/flamaecol.sk\/en\/produkt\/izolacna-vlna-paroc-2\/","title":{"rendered":"Tepeln\u00e1 izol\u00e1cia Paroc"},"content":{"rendered":"<h4>Tepeln\u00e1 izol\u00e1cia PAROC 25mm 7,2m2<\/h4>\n<p><\/p>\n<p>Izola\u010dn\u00e1 vlna PAROC s hlin\u00edkovou f\u00f3liou. Dosky izola\u010dnej vlny sa sp\u00e1jaj\u00fa hlin\u00edkovou p\u00e1skou s tepelnou odolnos\u0165ou do 350\u00b0C.&nbsp;<\/p>\n<p>Rozmer dosky: 1000 x 600 x 25 mm<\/p>\n<p>Kusov v balen\u00ed : 12<\/p>\n<p>hmotnos\u0165 kg\/m<span style=\"vertical-align: super;\">3 : 90<\/span><\/p>\n<p><span style=\"vertical-align: super;\">hmotnos\u0165 ks \/kg: 1,35<\/span><\/p>\n<p>Tepeln\u00e1 odolnos\u0165: 750\u00b0C<\/p>\n<p>Balenie: 7,2m2<\/p>\n","protected":false},"excerpt":{"rendered":"<p>Tepeln\u00e1 izol\u00e1cia PAROC 25mm 7,2m2 Izola\u010dn\u00e1 vlna PAROC s hlin\u00edkovou f\u00f3liou. Dosky izola\u010dnej vlny sa sp\u00e1jaj\u00fa hlin\u00edkovou p\u00e1skou s tepelnou odolnos\u0165ou do 350\u00b0C.&nbsp; Rozmer dosky: 1000 x 600 x 25 mm Kusov v balen\u00ed : 12 hmotnos\u0165 kg\/m3 : 90 hmotnos\u0165 ks \/kg: 1,35 Tepeln\u00e1 odolnos\u0165: 750\u00b0C Balenie: 7,2m2<\/p>\n","protected":false},"featured_media":3586,"comment_status":"open","ping_status":"closed","template":"","meta":[],"product_brand":[],"product_cat":[230,302],"product_tag":[],"class_list":{"0":"post-3591","1":"product","2":"type-product","3":"status-publish","4":"has-post-thumbnail","6":"product_cat-prislusenstvo","7":"product_cat-prislusenstvo-pre-stavbu-krbov-a-peci","9":"first","10":"onbackorder","11":"taxable","12":"shipping-taxable","13":"purchasable","14":"product-type-simple"},"_links":{"self":[{"href":"https:\/\/flamaecol.sk\/en\/wp-json\/wp\/v2\/product\/3591","targetHints":{"allow":["GET"]}}],"collection":[{"href":"https:\/\/flamaecol.sk\/en\/wp-json\/wp\/v2\/product"}],"about":[{"href":"https:\/\/flamaecol.sk\/en\/wp-json\/wp\/v2\/types\/product"}],"replies":[{"embeddable":true,"href":"https:\/\/flamaecol.sk\/en\/wp-json\/wp\/v2\/comments?post=3591"}],"wp:featuredmedia":[{"embeddable":true,"href":"https:\/\/flamaecol.sk\/en\/wp-json\/wp\/v2\/media\/3586"}],"wp:attachment":[{"href":"https:\/\/flamaecol.sk\/en\/wp-json\/wp\/v2\/media?parent=3591"}],"wp:term":[{"taxonomy":"product_brand","embeddable":true,"href":"https:\/\/flamaecol.sk\/en\/wp-json\/wp\/v2\/product_brand?post=3591"},{"taxonomy":"product_cat","embeddable":true,"href":"https:\/\/flamaecol.sk\/en\/wp-json\/wp\/v2\/product_cat?post=3591"},{"taxonomy":"product_tag","embeddable":true,"href":"https:\/\/flamaecol.sk\/en\/wp-json\/wp\/v2\/product_tag?post=3591"}],"curies":[{"name":"wp","href":"https:\/\/api.w.org\/{rel}","templated":true}]}}