{"id":3585,"date":"2015-09-05T18:24:28","date_gmt":"2015-09-05T16:24:28","guid":{"rendered":"https:\/\/flamaecol.sk\/produkt\/krbove-kachle-na-pelety-edilkamin-mya-sklo-2\/"},"modified":"2015-09-05T18:24:28","modified_gmt":"2015-09-05T16:24:28","slug":"krbove-kachle-na-pelety-edilkamin-mya-sklo-2","status":"publish","type":"product","link":"https:\/\/flamaecol.sk\/en\/produkt\/krbove-kachle-na-pelety-edilkamin-mya-sklo-2\/","title":{"rendered":"Mya vetro"},"content":{"rendered":"<\/p>\n<h4>Krbov\u00e9 kachle na pelety MYA vetro<\/h4>\n<p><\/p>\n<p>Kachle na pelety s jemn\u00fdmi l\u00edniami a bokmi a vrchn\u00fdm dielom z \u0161ed\u00e9ho, \u010dierneho alebo bieleho skla a s \u010diernym predkom.<\/p>\n<\/p>\n<ul>\n<li>Syst\u00e9m Leonardo<\/li>\n<li>Ohnisko z liatiny<\/li>\n<li>Dia\u013ekov\u00fd ovl\u00e1da\u010d s displejom<\/li>\n<li>Zadn\u00fd v\u00fdvod spal\u00edn \u00d8 8 cm<\/li>\n<\/ul>\n<p><\/p>\n<p>DOPLNKOV\u00c9 PR\u00cdSLU\u0160ENSTVO:<\/p>\n<\/p>\n<ul>\n<li>Kit pre horn\u00fd v\u00fdvod spal\u00edn<\/li>\n<li>Kryc\u00ed kit pre dymovod z vrchnej \u010dasti kachl\u00ed<\/li>\n<\/ul>\n<p><\/p>\n<p>Technick\u00e9 \u00fadaje<span class=\"Apple-tab-span\" style=\"white-space:pre\">\t\t<\/span>&nbsp;min\/max<span class=\"Apple-tab-span\" style=\"white-space:pre\">\t\t\t\t<\/span><\/p>\n<p>\u0161\u00edrka<span class=\"Apple-tab-span\" style=\"white-space:pre\">\t<\/span>&nbsp;cm<span class=\"Apple-tab-span\" style=\"white-space:pre\">\t<\/span>&nbsp;58<span class=\"Apple-tab-span\" style=\"white-space:pre\">\t\t\t\t<\/span><\/p>\n<p>hlbka&nbsp;<span class=\"Apple-tab-span\" style=\"white-space:pre\">\t<\/span>cm<span class=\"Apple-tab-span\" style=\"white-space:pre\">\t<\/span>&nbsp;56<span class=\"Apple-tab-span\" style=\"white-space:pre\">\t\t\t\t<\/span><\/p>\n<p>v\u00fd\u0161ka&nbsp;cm<span class=\"Apple-tab-span\" style=\"white-space:pre\">\t<\/span>&nbsp;96<span class=\"Apple-tab-span\" style=\"white-space:pre\">\t\t\t\t<\/span><\/p>\n<p>u\u017eitocn\u00fd v\u00fdkon<span class=\"Apple-tab-span\" style=\"white-space:pre\">\t<\/span>&nbsp;kW<span class=\"Apple-tab-span\" style=\"white-space:pre\">\t<\/span>&nbsp;2\/6<span class=\"Apple-tab-span\" style=\"white-space:pre\">\t\t\t\t<\/span><\/p>\n<p>\u00facinnost<span class=\"Apple-tab-span\" style=\"white-space:pre\">\t<\/span>&nbsp;%<span class=\"Apple-tab-span\" style=\"white-space:pre\">\t<\/span>&nbsp;92,2<span class=\"Apple-tab-span\" style=\"white-space:pre\">\t\t\t\t<\/span><\/p>\n<p>spotreba peliet<span class=\"Apple-tab-span\" style=\"white-space:pre\">\t<\/span>&nbsp;kg\/h<span class=\"Apple-tab-span\" style=\"white-space:pre\">\t<\/span>&nbsp;0,4\/1,5<span class=\"Apple-tab-span\" style=\"white-space:pre\">\t\t\t\t<\/span><\/p>\n<p>z\u00e1sobn\u00edk na pelety<span class=\"Apple-tab-span\" style=\"white-space:pre\">\t<\/span>&nbsp;kg<span class=\"Apple-tab-span\" style=\"white-space:pre\">\t<\/span>&nbsp;18<span class=\"Apple-tab-span\" style=\"white-space:pre\">\t\t\t\t<\/span><\/p>\n<p>samostatn\u00fd chod<span class=\"Apple-tab-span\" style=\"white-space:pre\">\t<\/span>&nbsp;h<span class=\"Apple-tab-span\" style=\"white-space:pre\">\t<\/span>.&nbsp;10\/37,5<span class=\"Apple-tab-span\" style=\"white-space:pre\">\t\t\t\t<\/span><\/p>\n<p>\u00d8 dymovod<span class=\"Apple-tab-span\" style=\"white-space:pre\">\t<\/span>&nbsp;cm<span class=\"Apple-tab-span\" style=\"white-space:pre\">\t<\/span>&nbsp;8<span class=\"Apple-tab-span\" style=\"white-space:pre\">\t\t\t\t<\/span><\/p>\n<p>\u00d8 pr\u00edvod vzduchu<span class=\"Apple-tab-span\" style=\"white-space:pre\">\t<\/span>cm<span class=\"Apple-tab-span\" style=\"white-space:pre\">\t<\/span>4<span class=\"Apple-tab-span\" style=\"white-space:pre\">\t\t\t\t<\/span><\/p>\n<p>celkov\u00e1 hmotnost<span class=\"Apple-tab-span\" style=\"white-space:pre\">\t<\/span>&nbsp;kg<span class=\"Apple-tab-span\" style=\"white-space:pre\">\t<\/span>&nbsp;170<span class=\"Apple-tab-span\" style=\"white-space:pre\">\t\t\t\t<\/span><\/p>\n<p>vykurovan\u00fd priestor&nbsp;<span class=\"Apple-tab-span\" style=\"white-space:pre\">\t<\/span>m\u00b3<span class=\"Apple-tab-span\" style=\"white-space:pre\">\t<\/span>&nbsp;170<\/p>\n<p><span class=\"Apple-tab-span\" style=\"white-space:pre\"><br \/><\/span><\/p>\n<p>KACHLE NA PELETY ZNA\u010cKY EDILKAMIN: TEPLO A \u00daSPORA, KTOR\u00c9 SI M\u00d4\u017dETE NAPROGRAMOVA\u0164.<\/p>\n<p>Kachle na pelety ohrievaj\u00fa vzduch na vykurovanie miestnosti, kde s\u00fa nain\u0161talovan\u00e9, alebo v pr\u00edpade niektor\u00fdch modelov aj pri\u013eahl\u00e9 miestnosti (pomocou teplovzdu\u0161n\u00fdch rozvodov).<\/p>\n<p>V\u010faka n\u00faten\u00e9mu od\u0165ahu spal\u00edn a mal\u00fdm rozmerom sa kachle na pelety m\u00f4\u017eu \u013eahko nain\u0161talova\u0165 s dymovodom aj v inej, ne\u017e centr\u00e1lnej polohe.<\/p>\n<p>Kachle na pelety zna\u010dky Edilkamin v\u010faka \u0161irokej \u0161k\u00e1le modelov pon\u00fakaj\u00fa nespo\u010detn\u00e9 mno\u017estvo mo\u017enost\u00ed z h\u013eadiska v\u00fdkonu, ve\u013ekosti a designu, a s\u00fa preto ide\u00e1lne ako pre tradi\u010dn\u00e9, tak aj pre modern\u00e9 priestory.Pokrokov\u00e1 technol\u00f3gia peletov\u00fdch kachl\u00ed Edilkamin zais\u0165uje bezpe\u010dnos\u0165, programovate\u013enos\u0165 a dlh\u00fa prev\u00e1dzkov\u00fa auton\u00f3miu.<\/p>\n<p>Pelety s\u00fa jedn\u00fdm z najekonomickej\u0161\u00edch pal\u00edv a umo\u017e\u0148uj\u00fa zna\u010dn\u00e9 \u00faspory n\u00e1kladov na vykurovanie.<\/p><\/p>\n","protected":false},"excerpt":{"rendered":"<p>Krbov\u00e9 kachle na pelety MYA vetro Kachle na pelety s jemn\u00fdmi l\u00edniami a bokmi a vrchn\u00fdm dielom z \u0161ed\u00e9ho, \u010dierneho alebo bieleho skla a s \u010diernym predkom. Syst\u00e9m Leonardo Ohnisko z liatiny Dia\u013ekov\u00fd ovl\u00e1da\u010d s displejom Zadn\u00fd v\u00fdvod spal\u00edn \u00d8 8 cm DOPLNKOV\u00c9 PR\u00cdSLU\u0160ENSTVO: Kit pre horn\u00fd v\u00fdvod spal\u00edn Kryc\u00ed kit pre dymovod z vrchnej [&hellip;]<\/p>\n","protected":false},"featured_media":3575,"comment_status":"open","ping_status":"closed","template":"","meta":[],"product_brand":[],"product_cat":[209,210],"product_tag":[],"class_list":{"0":"post-3585","1":"product","2":"type-product","3":"status-publish","4":"has-post-thumbnail","6":"product_cat-krbove-kachle-na-pelety","7":"product_cat-edilkamin-krbove-kachle-na-pelety","9":"first","10":"instock","11":"taxable","12":"shipping-taxable","13":"purchasable","14":"product-type-simple"},"_links":{"self":[{"href":"https:\/\/flamaecol.sk\/en\/wp-json\/wp\/v2\/product\/3585","targetHints":{"allow":["GET"]}}],"collection":[{"href":"https:\/\/flamaecol.sk\/en\/wp-json\/wp\/v2\/product"}],"about":[{"href":"https:\/\/flamaecol.sk\/en\/wp-json\/wp\/v2\/types\/product"}],"replies":[{"embeddable":true,"href":"https:\/\/flamaecol.sk\/en\/wp-json\/wp\/v2\/comments?post=3585"}],"wp:featuredmedia":[{"embeddable":true,"href":"https:\/\/flamaecol.sk\/en\/wp-json\/wp\/v2\/media\/3575"}],"wp:attachment":[{"href":"https:\/\/flamaecol.sk\/en\/wp-json\/wp\/v2\/media?parent=3585"}],"wp:term":[{"taxonomy":"product_brand","embeddable":true,"href":"https:\/\/flamaecol.sk\/en\/wp-json\/wp\/v2\/product_brand?post=3585"},{"taxonomy":"product_cat","embeddable":true,"href":"https:\/\/flamaecol.sk\/en\/wp-json\/wp\/v2\/product_cat?post=3585"},{"taxonomy":"product_tag","embeddable":true,"href":"https:\/\/flamaecol.sk\/en\/wp-json\/wp\/v2\/product_tag?post=3585"}],"curies":[{"name":"wp","href":"https:\/\/api.w.org\/{rel}","templated":true}]}}