{"id":3577,"date":"2015-09-05T18:19:40","date_gmt":"2015-09-05T16:19:40","guid":{"rendered":"https:\/\/flamaecol.sk\/produkt\/krbove-kachle-na-pelety-edilkamin-nancy-2\/"},"modified":"2025-01-12T14:31:34","modified_gmt":"2025-01-12T12:31:34","slug":"krbove-kachle-na-pelety-edilkamin-nancy-2","status":"publish","type":"product","link":"https:\/\/flamaecol.sk\/en\/produkt\/krbove-kachle-na-pelety-edilkamin-nancy-2\/","title":{"rendered":"Nancy"},"content":{"rendered":"<h4>Krbov\u00e9 kachle na pelety NANCY<\/h4>\n<p>&nbsp;<\/p>\n<p>V\u00fdkonn\u00e9 kachle na pelety s h\u013abkou iba 26 cm, s pl\u00e1\u0161\u0165om z &#8220;laminamu&#8221;, inovat\u00edvneho \u013eahk\u00e9ho keramick\u00e9ho materi\u00e1lu odoln\u00e9ho proti po\u0161kodeniu a po\u0161kriabaniu. Dostupn\u00e9 v troch verzi\u00e1ch: biela, efekt drevo a efekt corten.<\/p>\n<ul>\n<li>Syst\u00e9m Leonardo<\/li>\n<li>Boky z mal\u00fdch liatinov\u00fdch lamiel<\/li>\n<li>Vrchn\u00fd, zadn\u00fd alebo prav\u00fd bo\u010dn\u00fd v\u00fdvod spal\u00edn<\/li>\n<li>Vrchn\u00fd, zadn\u00fd alebo prav\u00fd bo\u010dn\u00fd v\u00fdvod tepl\u00e9ho vzduchu<\/li>\n<li>Ohnisko z liatiny<\/li>\n<li>Predok zo skla a &#8220;laminamu&#8221; s dvojit\u00fdmi dvierkami<\/li>\n<li>Dia\u013ekov\u00fd ovl\u00e1da\u010d s displejom<\/li>\n<\/ul>\n<p>&nbsp;<\/p>\n<p>Technick\u00e9 \u00fadaje\u00a0min\/max<\/p>\n<p>\u0161\u00edrka\u00a0cm\u00a095<\/p>\n<p>hlbka\u00a0cm\u00a026<\/p>\n<p>v\u00fd\u0161ka\u00a0cm\u00a0119<\/p>\n<p>u\u017eitocn\u00fd v\u00fdkon\u00a0kW\u00a02,8\/9<\/p>\n<p>\u00facinnost\u00a0%\u00a094,1<\/p>\n<p>spotreba peliet\u00a0kg\/h\u00a00,6\/2<\/p>\n<p>z\u00e1sobn\u00edk na pelety\u00a0kg\u00a020<\/p>\n<p>samostatn\u00fd chod\u00a0h.\u00a08,5\/28,5<\/p>\n<p>\u00d8 dymovod\u00a0cm\u00a08<\/p>\n<p>\u00d8 pr\u00edvod vzduchu\u00a0cm\u00a04<\/p>\n<p>celkov\u00e1 hmotnost\u00a0kg\u00a0\u00a0220<\/p>\n<p>vykurovan\u00fd priestor \u00a0m\u00b3 \u00a0235<\/p>\n<p><span class=\"Apple-tab-span\" style=\"white-space: pre;\">\u00a0<\/span><\/p>\n<p>KACHLE NA PELETY ZNA\u010cKY EDILKAMIN: TEPLO A \u00daSPORA, KTOR\u00c9 SI M\u00d4\u017dETE NAPROGRAMOVA\u0164.<\/p>\n<p>Kachle na pelety ohrievaj\u00fa vzduch na vykurovanie miestnosti, kde s\u00fa nain\u0161talovan\u00e9, alebo v pr\u00edpade niektor\u00fdch modelov aj pri\u013eahl\u00e9 miestnosti (pomocou teplovzdu\u0161n\u00fdch rozvodov).<\/p>\n<p>V\u010faka n\u00faten\u00e9mu od\u0165ahu spal\u00edn a mal\u00fdm rozmerom sa kachle na pelety m\u00f4\u017eu \u013eahko nain\u0161talova\u0165 s dymovodom aj v inej, ne\u017e centr\u00e1lnej polohe.<\/p>\n<p>Kachle na pelety zna\u010dky Edilkamin v\u010faka \u0161irokej \u0161k\u00e1le modelov pon\u00fakaj\u00fa nespo\u010detn\u00e9 mno\u017estvo mo\u017enost\u00ed z h\u013eadiska v\u00fdkonu, ve\u013ekosti a designu, a s\u00fa preto ide\u00e1lne ako pre tradi\u010dn\u00e9, tak aj pre modern\u00e9 priestory.Pokrokov\u00e1 technol\u00f3gia peletov\u00fdch kachl\u00ed Edilkamin zais\u0165uje bezpe\u010dnos\u0165, programovate\u013enos\u0165 a dlh\u00fa prev\u00e1dzkov\u00fa auton\u00f3miu.<\/p>\n<p>Pelety s\u00fa jedn\u00fdm z najekonomickej\u0161\u00edch pal\u00edv a umo\u017e\u0148uj\u00fa zna\u010dn\u00e9 \u00faspory n\u00e1kladov na vykurovanie.<\/p>\n","protected":false},"excerpt":{"rendered":"<p>Krbov\u00e9 kachle na pelety NANCY &nbsp; V\u00fdkonn\u00e9 kachle na pelety s h\u013abkou iba 26 cm, s pl\u00e1\u0161\u0165om z &#8220;laminamu&#8221;, inovat\u00edvneho \u013eahk\u00e9ho keramick\u00e9ho materi\u00e1lu odoln\u00e9ho proti po\u0161kodeniu a po\u0161kriabaniu. Dostupn\u00e9 v troch verzi\u00e1ch: biela, efekt drevo a efekt corten. Syst\u00e9m Leonardo Boky z mal\u00fdch liatinov\u00fdch lamiel Vrchn\u00fd, zadn\u00fd alebo prav\u00fd bo\u010dn\u00fd v\u00fdvod spal\u00edn Vrchn\u00fd, zadn\u00fd alebo [&hellip;]<\/p>\n","protected":false},"featured_media":3563,"comment_status":"closed","ping_status":"closed","template":"","meta":[],"product_brand":[],"product_cat":[209,210],"product_tag":[],"class_list":{"0":"post-3577","1":"product","2":"type-product","3":"status-publish","4":"has-post-thumbnail","6":"product_cat-krbove-kachle-na-pelety","7":"product_cat-edilkamin-krbove-kachle-na-pelety","9":"first","10":"instock","11":"taxable","12":"shipping-taxable","13":"purchasable","14":"product-type-simple"},"_links":{"self":[{"href":"https:\/\/flamaecol.sk\/en\/wp-json\/wp\/v2\/product\/3577","targetHints":{"allow":["GET"]}}],"collection":[{"href":"https:\/\/flamaecol.sk\/en\/wp-json\/wp\/v2\/product"}],"about":[{"href":"https:\/\/flamaecol.sk\/en\/wp-json\/wp\/v2\/types\/product"}],"replies":[{"embeddable":true,"href":"https:\/\/flamaecol.sk\/en\/wp-json\/wp\/v2\/comments?post=3577"}],"wp:featuredmedia":[{"embeddable":true,"href":"https:\/\/flamaecol.sk\/en\/wp-json\/wp\/v2\/media\/3563"}],"wp:attachment":[{"href":"https:\/\/flamaecol.sk\/en\/wp-json\/wp\/v2\/media?parent=3577"}],"wp:term":[{"taxonomy":"product_brand","embeddable":true,"href":"https:\/\/flamaecol.sk\/en\/wp-json\/wp\/v2\/product_brand?post=3577"},{"taxonomy":"product_cat","embeddable":true,"href":"https:\/\/flamaecol.sk\/en\/wp-json\/wp\/v2\/product_cat?post=3577"},{"taxonomy":"product_tag","embeddable":true,"href":"https:\/\/flamaecol.sk\/en\/wp-json\/wp\/v2\/product_tag?post=3577"}],"curies":[{"name":"wp","href":"https:\/\/api.w.org\/{rel}","templated":true}]}}