{"id":3560,"date":"2015-09-05T18:07:24","date_gmt":"2015-09-05T16:07:24","guid":{"rendered":"https:\/\/flamaecol.sk\/produkt\/krbove-kachle-na-pelety-edilkamin-lou\/"},"modified":"2015-09-05T18:07:24","modified_gmt":"2015-09-05T16:07:24","slug":"krbove-kachle-na-pelety-edilkamin-lou","status":"publish","type":"product","link":"https:\/\/flamaecol.sk\/en\/produkt\/krbove-kachle-na-pelety-edilkamin-lou\/","title":{"rendered":"Lou"},"content":{"rendered":"<\/p>\n<h4>Krbov\u00e9 kachle na pelety LOU<\/h4>\n<p><\/p>\n<p>&#8220;Hermetick\u00e9&#8221; kachle ide\u00e1lne do modern\u00fdch pas\u00edvnych domov sa vyzna\u010duj\u00fa jednoduch\u00fdm modern\u00fdm dizajnom s pl\u00e1\u0161\u0165om z antracitovo \u0161edej ocele a \u010dierneho skla.<\/p>\n<ul>\n<li>Ohnisko z vermikulitu<\/li>\n<li>Syst\u00e9m Leonardo<\/li>\n<li>Mo\u017enos\u0165 vypnutia n\u00fatenej ventil\u00e1cie<\/li>\n<li>Dvojit\u00e9 dvierka<\/li>\n<li>Dia\u013ekov\u00fd ovl\u00e1da\u010d s displejom<\/li>\n<li>Inovat\u00edvne dvierka s kom\u00f4rkou pre priechod vzduchu pre optim\u00e1lne \u010distenie skla<\/li>\n<\/ul>\n<p><\/p>\n<p>DOPLNKOV\u00c9 PR\u00cdSLU\u0160ENSTVO:<\/p>\n<ul>\n<li>GSM komunik\u00e1tor pre vypnutie a zapnutie kachl\u00ed na dia\u013eku cez mobiln\u00fd telef\u00f3n.<\/li>\n<\/ul>\n<p><\/p>\n<p>Technick\u00e9 \u00fadaje<span class=\"Apple-tab-span\" style=\"white-space:pre\">\t\t<\/span>&nbsp;min\/max<span class=\"Apple-tab-span\" style=\"white-space:pre\">\t\t\t\t<\/span><\/p>\n<p>\u0161\u00edrka<span class=\"Apple-tab-span\" style=\"white-space:pre\">\t<\/span>&nbsp;cm<span class=\"Apple-tab-span\" style=\"white-space:pre\">\t<\/span>&nbsp;46<span class=\"Apple-tab-span\" style=\"white-space:pre\">\t\t\t\t<\/span><\/p>\n<p>hlbka&nbsp;<span class=\"Apple-tab-span\" style=\"white-space:pre\">\t<\/span>cm&nbsp;<span class=\"Apple-tab-span\" style=\"white-space:pre\">\t<\/span>52<span class=\"Apple-tab-span\" style=\"white-space:pre\">\t\t\t\t<\/span><\/p>\n<p>v\u00fd\u0161ka<span class=\"Apple-tab-span\" style=\"white-space:pre\">\t<\/span>&nbsp;cm<span class=\"Apple-tab-span\" style=\"white-space:pre\">\t<\/span>&nbsp;112<span class=\"Apple-tab-span\" style=\"white-space:pre\">\t\t\t\t<\/span><\/p>\n<p>u\u017eitocn\u00fd v\u00fdkon<span class=\"Apple-tab-span\" style=\"white-space:pre\">\t<\/span>&nbsp;kW&nbsp;<span class=\"Apple-tab-span\" style=\"white-space:pre\">\t<\/span>2,4\/8<span class=\"Apple-tab-span\" style=\"white-space:pre\">\t\t\t\t<\/span><\/p>\n<p>\u00facinnost<span class=\"Apple-tab-span\" style=\"white-space:pre\">\t<\/span>%<span class=\"Apple-tab-span\" style=\"white-space:pre\">\t<\/span>93<span class=\"Apple-tab-span\" style=\"white-space:pre\">\t\t\t\t<\/span><\/p>\n<p>spotreba peliet&nbsp;<span class=\"Apple-tab-span\" style=\"white-space:pre\">\t<\/span>kg\/h&nbsp;<span class=\"Apple-tab-span\" style=\"white-space:pre\">\t<\/span>0,5\/1,9<span class=\"Apple-tab-span\" style=\"white-space:pre\">\t\t\t\t<\/span><\/p>\n<p>z\u00e1sobn\u00edk na pelety<span class=\"Apple-tab-span\" style=\"white-space:pre\">\t<\/span>&nbsp;kg&nbsp;<span class=\"Apple-tab-span\" style=\"white-space:pre\">\t<\/span>24<span class=\"Apple-tab-span\" style=\"white-space:pre\">\t\t\t\t<\/span><\/p>\n<p>samostatn\u00fd chod<span class=\"Apple-tab-span\" style=\"white-space:pre\">\t<\/span>&nbsp;h.<span class=\"Apple-tab-span\" style=\"white-space:pre\">\t<\/span>&nbsp;11\/42<span class=\"Apple-tab-span\" style=\"white-space:pre\">\t\t\t\t<\/span><\/p>\n<p>\u00d8 dymovod<span class=\"Apple-tab-span\" style=\"white-space:pre\">\t<\/span>&nbsp;cm&nbsp;<span class=\"Apple-tab-span\" style=\"white-space:pre\">\t<\/span>8<span class=\"Apple-tab-span\" style=\"white-space:pre\">\t\t\t\t<\/span><\/p>\n<p>\u00d8 pr\u00edvod vzduchu&nbsp;<span class=\"Apple-tab-span\" style=\"white-space:pre\">\t<\/span>cm&nbsp;<span class=\"Apple-tab-span\" style=\"white-space:pre\">\t<\/span>4<span class=\"Apple-tab-span\" style=\"white-space:pre\">\t\t\t\t<\/span><\/p>\n<p>celkov\u00e1 hmotnost<span class=\"Apple-tab-span\" style=\"white-space:pre\">\t<\/span>kg<span class=\"Apple-tab-span\" style=\"white-space:pre\">\t<\/span>204<span class=\"Apple-tab-span\" style=\"white-space:pre\">\t\t\t\t<\/span><\/p>\n<p>vykurovan\u00fd priestor<span class=\"Apple-tab-span\" style=\"white-space:pre\">\t<\/span>m\u00b3<span class=\"Apple-tab-span\" style=\"white-space:pre\">\t<\/span>210<span class=\"Apple-tab-span\" style=\"white-space:pre\">\t\t<\/span><\/p>\n<p>vykurovan\u00fd priestor<span class=\"Apple-tab-span\" style=\"white-space:pre\">\t<\/span>m\u00b3<span class=\"Apple-tab-span\" style=\"white-space:pre\">\t<\/span>235<\/p>\n<p><\/p>\n<p>Syst\u00e9my Leonardo a Galileo riadia automatick\u00e9 spa\u013eovanie peliet. Neust\u00e1le meraj\u00fa z\u00e1kladn\u00e9 parametre horenia, ktor\u00e9 s\u00fa ovplyvnen\u00e9:<\/p>\n<\/p>\n<ul>\n<li>vlastnos\u0165ami dymovodu<\/li>\n<\/ul>\n<p>&nbsp; &nbsp; &nbsp; &nbsp; &nbsp; &nbsp; &nbsp;(zakrivenie, d\u013a\u017eka, forma, priemer ..)<\/p>\n<\/p>\n<ul>\n<li>podmienkami prostredia<\/li>\n<\/ul>\n<p>&nbsp; &nbsp; &nbsp; &nbsp; &nbsp; &nbsp; &nbsp;(vietor, atmosf\u00e9rick\u00fd tlak, in\u0161tal\u00e1cia vo ve\u013ekej v\u00fd\u0161ke &#8230;)<\/p>\n<\/p>\n<ul>\n<li>vlastnos\u0165ami peliet<\/li>\n<\/ul>\n<p>&nbsp; &nbsp; &nbsp; &nbsp; &nbsp; &nbsp; &nbsp;(typ dreva, hustota, stupe\u0148 vlhkosti &#8230;)<\/p>\n<p>a zasahuj\u00fa tak, aby zaistili optim\u00e1lny v\u00fdkon a spotrebu peliet.<\/p><\/p>\n","protected":false},"excerpt":{"rendered":"<p>Krbov\u00e9 kachle na pelety LOU &#8220;Hermetick\u00e9&#8221; kachle ide\u00e1lne do modern\u00fdch pas\u00edvnych domov sa vyzna\u010duj\u00fa jednoduch\u00fdm modern\u00fdm dizajnom s pl\u00e1\u0161\u0165om z antracitovo \u0161edej ocele a \u010dierneho skla. Ohnisko z vermikulitu Syst\u00e9m Leonardo Mo\u017enos\u0165 vypnutia n\u00fatenej ventil\u00e1cie Dvojit\u00e9 dvierka Dia\u013ekov\u00fd ovl\u00e1da\u010d s displejom Inovat\u00edvne dvierka s kom\u00f4rkou pre priechod vzduchu pre optim\u00e1lne \u010distenie skla DOPLNKOV\u00c9 PR\u00cdSLU\u0160ENSTVO: GSM [&hellip;]<\/p>\n","protected":false},"featured_media":3550,"comment_status":"open","ping_status":"closed","template":"","meta":[],"product_brand":[],"product_cat":[209,210],"product_tag":[],"class_list":{"0":"post-3560","1":"product","2":"type-product","3":"status-publish","4":"has-post-thumbnail","6":"product_cat-krbove-kachle-na-pelety","7":"product_cat-edilkamin-krbove-kachle-na-pelety","9":"first","10":"instock","11":"taxable","12":"shipping-taxable","13":"purchasable","14":"product-type-simple"},"_links":{"self":[{"href":"https:\/\/flamaecol.sk\/en\/wp-json\/wp\/v2\/product\/3560","targetHints":{"allow":["GET"]}}],"collection":[{"href":"https:\/\/flamaecol.sk\/en\/wp-json\/wp\/v2\/product"}],"about":[{"href":"https:\/\/flamaecol.sk\/en\/wp-json\/wp\/v2\/types\/product"}],"replies":[{"embeddable":true,"href":"https:\/\/flamaecol.sk\/en\/wp-json\/wp\/v2\/comments?post=3560"}],"wp:featuredmedia":[{"embeddable":true,"href":"https:\/\/flamaecol.sk\/en\/wp-json\/wp\/v2\/media\/3550"}],"wp:attachment":[{"href":"https:\/\/flamaecol.sk\/en\/wp-json\/wp\/v2\/media?parent=3560"}],"wp:term":[{"taxonomy":"product_brand","embeddable":true,"href":"https:\/\/flamaecol.sk\/en\/wp-json\/wp\/v2\/product_brand?post=3560"},{"taxonomy":"product_cat","embeddable":true,"href":"https:\/\/flamaecol.sk\/en\/wp-json\/wp\/v2\/product_cat?post=3560"},{"taxonomy":"product_tag","embeddable":true,"href":"https:\/\/flamaecol.sk\/en\/wp-json\/wp\/v2\/product_tag?post=3560"}],"curies":[{"name":"wp","href":"https:\/\/api.w.org\/{rel}","templated":true}]}}