{"id":3549,"date":"2015-09-05T17:49:29","date_gmt":"2015-09-05T15:49:29","guid":{"rendered":"https:\/\/flamaecol.sk\/produkt\/krbove-kachle-na-pelety-edilkamin-kelly\/"},"modified":"2015-09-05T17:49:29","modified_gmt":"2015-09-05T15:49:29","slug":"krbove-kachle-na-pelety-edilkamin-kelly","status":"publish","type":"product","link":"https:\/\/flamaecol.sk\/en\/produkt\/krbove-kachle-na-pelety-edilkamin-kelly\/","title":{"rendered":"Kelly"},"content":{"rendered":"<\/p>\n<h4>Krbov\u00e9 kachle na pelety KELLY<\/h4>\n<p><\/p>\n<p>Kelly s\u00fa kompaktn\u00e9 kachle na pelety, ktor\u00e9 aj pri svojej h\u013abke len 26 cm pon\u00fakaj\u00fa technol\u00f3giu ve\u013ek\u00fdch peletov\u00fdch kachl\u00ed a s\u00fa schopn\u00e9 teplovzdu\u0161n\u00fdmi rozvodmi distribuova\u0165 a\u017e 100% ohriateho vzduchu.<\/p>\n<ul>\n<li>Synoptick\u00fd panel pre nastavenie z\u00e1kladn\u00fdch funkci\u00ed<\/li>\n<li>Zadn\u00fd, horn\u00fd alebo prav\u00fd bo\u010dn\u00fd v\u00fdstup spal\u00edn<\/li>\n<li>V\u00fdstup tepl\u00e9ho vzduchu &#8211; zadn\u00fd, horn\u00fd alebo \u013eav\u00fd bo\u010dn\u00fd<\/li>\n<li>Ohnisko z liatiny<\/li>\n<li>Jednoduch\u00e1 \u00fadr\u017eba a \u010distenie<\/li>\n<li>Dia\u013ekov\u00fd ovl\u00e1da\u010d na objedn\u00e1vku<\/li>\n<\/ul>\n<p>Dostupn\u00e9 s pl\u00e1\u0161\u0165om z lakovanej ocele v bordovej alebo perlovo \u0161edej farbe, predok z \u010dierneho skla a \u010diernej lakovanej ocele.<\/p>\n<p><\/p>\n<p>Technick\u00e9 \u00fadaje<span class=\"Apple-tab-span\" style=\"white-space:pre\">\t\t<\/span>&nbsp;&nbsp;min\/max<span class=\"Apple-tab-span\" style=\"white-space:pre\">\t\t\t\t<\/span><\/p>\n<p>\u0161\u00edrka<span class=\"Apple-tab-span\" style=\"white-space:pre\">\t<\/span>&nbsp;cm<span class=\"Apple-tab-span\" style=\"white-space:pre\">\t<\/span>&nbsp;84<span class=\"Apple-tab-span\" style=\"white-space:pre\">\t\t\t\t<\/span><\/p>\n<p>hlbka<span class=\"Apple-tab-span\" style=\"white-space:pre\">\t<\/span>&nbsp;cm<span class=\"Apple-tab-span\" style=\"white-space:pre\">\t<\/span>&nbsp;26<span class=\"Apple-tab-span\" style=\"white-space:pre\">\t\t\t\t<\/span><\/p>\n<p>v\u00fd\u0161ka<span class=\"Apple-tab-span\" style=\"white-space:pre\">\t<\/span>&nbsp;cm<span class=\"Apple-tab-span\" style=\"white-space:pre\">\t<\/span>&nbsp;119<span class=\"Apple-tab-span\" style=\"white-space:pre\">\t\t\t\t<\/span><\/p>\n<p>u\u017eitocn\u00fd v\u00fdkon<span class=\"Apple-tab-span\" style=\"white-space:pre\">\t<\/span>&nbsp;kW<span class=\"Apple-tab-span\" style=\"white-space:pre\">\t<\/span>&nbsp;2,8\/9<span class=\"Apple-tab-span\" style=\"white-space:pre\">\t\t\t\t<\/span><\/p>\n<p>\u00facinnost<span class=\"Apple-tab-span\" style=\"white-space:pre\">\t<\/span>&nbsp;%<span class=\"Apple-tab-span\" style=\"white-space:pre\">\t<\/span>&nbsp;94,1<span class=\"Apple-tab-span\" style=\"white-space:pre\">\t\t\t\t<\/span><\/p>\n<p>spotreba peliet<span class=\"Apple-tab-span\" style=\"white-space:pre\">\t<\/span>&nbsp;kg\/h<span class=\"Apple-tab-span\" style=\"white-space:pre\">\t<\/span>&nbsp;0,6\/2<span class=\"Apple-tab-span\" style=\"white-space:pre\">\t\t\t\t<\/span><\/p>\n<p>z\u00e1sobn\u00edk na pelety<span class=\"Apple-tab-span\" style=\"white-space:pre\">\t<\/span>&nbsp;kg&nbsp;<span class=\"Apple-tab-span\" style=\"white-space:pre\">\t<\/span>20<span class=\"Apple-tab-span\" style=\"white-space:pre\">\t\t\t\t<\/span><\/p>\n<p>samostatn\u00fd chod<span class=\"Apple-tab-span\" style=\"white-space:pre\">\t<\/span>&nbsp;h<span class=\"Apple-tab-span\" style=\"white-space:pre\">\t<\/span>.&nbsp;8,5\/28,5<span class=\"Apple-tab-span\" style=\"white-space:pre\">\t\t\t\t<\/span><\/p>\n<p>\u00d8 dymovod<span class=\"Apple-tab-span\" style=\"white-space:pre\">\t<\/span>&nbsp;cm<span class=\"Apple-tab-span\" style=\"white-space:pre\">\t<\/span>&nbsp;8<span class=\"Apple-tab-span\" style=\"white-space:pre\">\t\t\t\t<\/span><\/p>\n<p>\u00d8 pr\u00edvod vzduchu<span class=\"Apple-tab-span\" style=\"white-space:pre\">\t<\/span>&nbsp;cm<span class=\"Apple-tab-span\" style=\"white-space:pre\">\t<\/span>&nbsp;4<span class=\"Apple-tab-span\" style=\"white-space:pre\">\t\t\t\t<\/span><\/p>\n<p>celkov\u00e1 hmotnost<span class=\"Apple-tab-span\" style=\"white-space:pre\">\t<\/span>&nbsp;kg<span class=\"Apple-tab-span\" style=\"white-space:pre\">\t<\/span>&nbsp;189<span class=\"Apple-tab-span\" style=\"white-space:pre\">\t\t<\/span><\/p>\n<p><span class=\"Apple-tab-span\" style=\"white-space:pre\"><br \/><\/span><\/p>\n<p>KACHLE NA PELETY ZNA\u010cKY EDILKAMIN: TEPLO A \u00daSPORA, KTOR\u00c9 SI M\u00d4\u017dETE NAPROGRAMOVA\u0164.<\/p>\n<p>Kachle na pelety ohrievaj\u00fa vzduch na vykurovanie miestnosti, kde s\u00fa nain\u0161talovan\u00e9, alebo v pr\u00edpade niektor\u00fdch modelov aj pri\u013eahl\u00e9 miestnosti (pomocou teplovzdu\u0161n\u00fdch rozvodov).<\/p>\n<p>V\u010faka n\u00faten\u00e9mu od\u0165ahu spal\u00edn a mal\u00fdm rozmerom sa kachle na pelety m\u00f4\u017eu \u013eahko nain\u0161talova\u0165 s dymovodom aj v inej, ne\u017e centr\u00e1lnej polohe.<\/p>\n<p>Kachle na pelety zna\u010dky Edilkamin v\u010faka \u0161irokej \u0161k\u00e1le modelov pon\u00fakaj\u00fa nespo\u010detn\u00e9 mno\u017estvo mo\u017enost\u00ed z h\u013eadiska v\u00fdkonu, ve\u013ekosti a designu, a s\u00fa preto ide\u00e1lne ako pre tradi\u010dn\u00e9, tak aj pre modern\u00e9 priestory.Pokrokov\u00e1 technol\u00f3gia peletov\u00fdch kachl\u00ed Edilkamin zais\u0165uje bezpe\u010dnos\u0165, programovate\u013enos\u0165 a dlh\u00fa prev\u00e1dzkov\u00fa auton\u00f3miu.<\/p>\n<p>Pelety s\u00fa jedn\u00fdm z najekonomickej\u0161\u00edch pal\u00edv a umo\u017e\u0148uj\u00fa zna\u010dn\u00e9 \u00faspory n\u00e1kladov na vykurovanie.<\/p><\/p>\n","protected":false},"excerpt":{"rendered":"<p>Krbov\u00e9 kachle na pelety KELLY Kelly s\u00fa kompaktn\u00e9 kachle na pelety, ktor\u00e9 aj pri svojej h\u013abke len 26 cm pon\u00fakaj\u00fa technol\u00f3giu ve\u013ek\u00fdch peletov\u00fdch kachl\u00ed a s\u00fa schopn\u00e9 teplovzdu\u0161n\u00fdmi rozvodmi distribuova\u0165 a\u017e 100% ohriateho vzduchu. Synoptick\u00fd panel pre nastavenie z\u00e1kladn\u00fdch funkci\u00ed Zadn\u00fd, horn\u00fd alebo prav\u00fd bo\u010dn\u00fd v\u00fdstup spal\u00edn V\u00fdstup tepl\u00e9ho vzduchu &#8211; zadn\u00fd, horn\u00fd alebo \u013eav\u00fd [&hellip;]<\/p>\n","protected":false},"featured_media":3542,"comment_status":"open","ping_status":"closed","template":"","meta":[],"product_brand":[],"product_cat":[209,210],"product_tag":[],"class_list":{"0":"post-3549","1":"product","2":"type-product","3":"status-publish","4":"has-post-thumbnail","6":"product_cat-krbove-kachle-na-pelety","7":"product_cat-edilkamin-krbove-kachle-na-pelety","9":"first","10":"instock","11":"taxable","12":"shipping-taxable","13":"purchasable","14":"product-type-simple"},"_links":{"self":[{"href":"https:\/\/flamaecol.sk\/en\/wp-json\/wp\/v2\/product\/3549","targetHints":{"allow":["GET"]}}],"collection":[{"href":"https:\/\/flamaecol.sk\/en\/wp-json\/wp\/v2\/product"}],"about":[{"href":"https:\/\/flamaecol.sk\/en\/wp-json\/wp\/v2\/types\/product"}],"replies":[{"embeddable":true,"href":"https:\/\/flamaecol.sk\/en\/wp-json\/wp\/v2\/comments?post=3549"}],"wp:featuredmedia":[{"embeddable":true,"href":"https:\/\/flamaecol.sk\/en\/wp-json\/wp\/v2\/media\/3542"}],"wp:attachment":[{"href":"https:\/\/flamaecol.sk\/en\/wp-json\/wp\/v2\/media?parent=3549"}],"wp:term":[{"taxonomy":"product_brand","embeddable":true,"href":"https:\/\/flamaecol.sk\/en\/wp-json\/wp\/v2\/product_brand?post=3549"},{"taxonomy":"product_cat","embeddable":true,"href":"https:\/\/flamaecol.sk\/en\/wp-json\/wp\/v2\/product_cat?post=3549"},{"taxonomy":"product_tag","embeddable":true,"href":"https:\/\/flamaecol.sk\/en\/wp-json\/wp\/v2\/product_tag?post=3549"}],"curies":[{"name":"wp","href":"https:\/\/api.w.org\/{rel}","templated":true}]}}