{"id":3546,"date":"2015-09-05T17:33:49","date_gmt":"2015-09-05T15:33:49","guid":{"rendered":"https:\/\/flamaecol.sk\/produkt\/krbove-kachle-na-pelety-edilkamin-fata-3\/"},"modified":"2015-09-05T17:33:49","modified_gmt":"2015-09-05T15:33:49","slug":"krbove-kachle-na-pelety-edilkamin-fata-3","status":"publish","type":"product","link":"https:\/\/flamaecol.sk\/en\/produkt\/krbove-kachle-na-pelety-edilkamin-fata-3\/","title":{"rendered":"Fata"},"content":{"rendered":"<\/p>\n<h4>Krbov\u00e9 kachle na pelety FATA<\/h4>\n<p><\/p>\n<p>Model v preveden\u00ed s bokmi, vrchnou doskou a vlo\u017ekami v troch farb\u00e1ch, boky s dekor\u00e1ciou \u0161pir\u00e1ly, dvierka z \u010dierneho skla.Ohriaty vzduch m\u00f4\u017ee by\u0165 rozveden\u00fd a\u017e do dvoch susedn\u00fdch miestnost\u00ed.<\/p>\n<\/p>\n<p><\/p>\n<ul>\n<li>Syst\u00e9m Leonardo pre automatick\u00e9 riadenie spa\u013eovania peliet<\/li>\n<li>Synoptick\u00fd panel pre nastavenie z\u00e1kladn\u00fdch funkci\u00ed<\/li>\n<li>Ohnisko z liatiny<\/li>\n<li>Maxim\u00e1lne jednoduch\u00e1 \u00fadr\u017eba a \u010distenie<\/li>\n<li>2 zadn\u00e9 v\u00fdstupy pre odvod tepl\u00e9ho vzduchu<\/li>\n<li>Dia\u013ekov\u00fd ovl\u00e1da\u010d s displejom<\/li>\n<li>V preveden\u00ed s bokmi, vrchnou doskou a vlo\u017ekami z keramiky bielej, \u010dervenej alebo farby ko\u017ee. Predok \u010dierny<\/li>\n<\/ul>\n<ul>\n<li>DOPLNKOV\u00c9 PR\u00cdSLU\u0160ENSTVO:<\/li>\n<li>Kit pre rozvod tepl\u00e9ho vzduchu.<\/li>\n<\/ul>\n<ul>\n<li>Technick\u00e9 \u00fadaje<span class=\"Apple-tab-span\" style=\"white-space:pre\">\t\t<\/span>min\/max<span class=\"Apple-tab-span\" style=\"white-space:pre\">\t\t\t\t<\/span><\/li>\n<li>\u0161\u00edrka<span class=\"Apple-tab-span\" style=\"white-space:pre\">\t<\/span>&nbsp;cm<span class=\"Apple-tab-span\" style=\"white-space:pre\">\t<\/span>&nbsp;68<span class=\"Apple-tab-span\" style=\"white-space:pre\">\t\t\t\t<\/span><\/li>\n<li>hlbka<span class=\"Apple-tab-span\" style=\"white-space:pre\">\t<\/span>&nbsp;cm&nbsp;<span class=\"Apple-tab-span\" style=\"white-space:pre\">\t<\/span>53<span class=\"Apple-tab-span\" style=\"white-space:pre\">\t\t\t\t<\/span><\/li>\n<li>v\u00fd\u0161ka<span class=\"Apple-tab-span\" style=\"white-space:pre\">\t<\/span>&nbsp;cm<span class=\"Apple-tab-span\" style=\"white-space:pre\">\t<\/span>&nbsp;115<span class=\"Apple-tab-span\" style=\"white-space:pre\">\t\t\t\t<\/span><\/li>\n<li>u\u017eitocn\u00fd v\u00fdkon<span class=\"Apple-tab-span\" style=\"white-space:pre\">\t<\/span>&nbsp;kW<span class=\"Apple-tab-span\" style=\"white-space:pre\">\t<\/span>&nbsp;5,1\/13,2<span class=\"Apple-tab-span\" style=\"white-space:pre\">\t\t\t\t<\/span><\/li>\n<li>\u00facinnost<span class=\"Apple-tab-span\" style=\"white-space:pre\">\t<\/span>&nbsp;%<span class=\"Apple-tab-span\" style=\"white-space:pre\">\t<\/span>&nbsp;92,5<span class=\"Apple-tab-span\" style=\"white-space:pre\">\t\t\t\t<\/span><\/li>\n<li>spotreba peliet<span class=\"Apple-tab-span\" style=\"white-space:pre\">\t<\/span>&nbsp;kg\/h<span class=\"Apple-tab-span\" style=\"white-space:pre\">\t<\/span>&nbsp;1,1\/2,9<span class=\"Apple-tab-span\" style=\"white-space:pre\">\t\t\t\t<\/span><\/li>\n<li>z\u00e1sobn\u00edk na pelety&nbsp;<span class=\"Apple-tab-span\" style=\"white-space:pre\">\t<\/span>kg<span class=\"Apple-tab-span\" style=\"white-space:pre\">\t<\/span>&nbsp;23,5<span class=\"Apple-tab-span\" style=\"white-space:pre\">\t\t\t\t<\/span><\/li>\n<li>samostatn\u00fd chod<span class=\"Apple-tab-span\" style=\"white-space:pre\">\t<\/span>&nbsp;h<span class=\"Apple-tab-span\" style=\"white-space:pre\">\t<\/span>.&nbsp;7\/18,5<span class=\"Apple-tab-span\" style=\"white-space:pre\">\t\t\t\t<\/span><\/li>\n<li>\u00d8 dymovod<span class=\"Apple-tab-span\" style=\"white-space:pre\">\t<\/span>&nbsp;cm<span class=\"Apple-tab-span\" style=\"white-space:pre\">\t<\/span>&nbsp;8<span class=\"Apple-tab-span\" style=\"white-space:pre\">\t\t\t\t<\/span><\/li>\n<li>\u00d8 pr\u00edvod vzduchu<span class=\"Apple-tab-span\" style=\"white-space:pre\">\t<\/span>&nbsp;cm<span class=\"Apple-tab-span\" style=\"white-space:pre\">\t<\/span>&nbsp;4<span class=\"Apple-tab-span\" style=\"white-space:pre\">\t\t\t\t<\/span><\/li>\n<li>celkov\u00e1 hmotnost<span class=\"Apple-tab-span\" style=\"white-space:pre\">\t<\/span>kg<span class=\"Apple-tab-span\" style=\"white-space:pre\">\t<\/span>&nbsp;262<span class=\"Apple-tab-span\" style=\"white-space:pre\">\t\t\t\t<\/span><\/li>\n<li>vykurovan\u00fd priestor&nbsp;m\u00b3<span class=\"Apple-tab-span\" style=\"white-space:pre\">\t<\/span>&nbsp;345<\/li>\n<\/ul>\n<p><\/p>\n<p><\/p>\n<p>Syst\u00e9my Leonardo a Galileo riadia automatick\u00e9 spa\u013eovanie peliet. Neust\u00e1le meraj\u00fa z\u00e1kladn\u00e9 parametre horenia, ktor\u00e9 s\u00fa ovplyvnen\u00e9:<\/p>\n<\/p>\n<ul>\n<li>vlastnos\u0165ami dymovodu<\/li>\n<\/ul>\n<p>&nbsp; &nbsp; &nbsp; &nbsp; &nbsp; &nbsp; &nbsp;(zakrivenie, d\u013a\u017eka, forma, priemer ..)<\/p>\n<\/p>\n<ul>\n<li>podmienkami prostredia<\/li>\n<\/ul>\n<p>&nbsp; &nbsp; &nbsp; &nbsp; &nbsp; &nbsp; &nbsp;(vietor, atmosf\u00e9rick\u00fd tlak, in\u0161tal\u00e1cia vo ve\u013ekej v\u00fd\u0161ke &#8230;)<\/p>\n<\/p>\n<ul>\n<li>vlastnos\u0165ami peliet<\/li>\n<\/ul>\n<p>&nbsp; &nbsp; &nbsp; &nbsp; &nbsp; &nbsp; &nbsp;(typ dreva, hustota, stupe\u0148 vlhkosti &#8230;)<\/p>\n<p>a zasahuj\u00fa tak, aby zaistili optim\u00e1lny v\u00fdkon a spotrebu peliet.<\/p><\/p>\n","protected":false},"excerpt":{"rendered":"<p>Krbov\u00e9 kachle na pelety FATA Model v preveden\u00ed s bokmi, vrchnou doskou a vlo\u017ekami v troch farb\u00e1ch, boky s dekor\u00e1ciou \u0161pir\u00e1ly, dvierka z \u010dierneho skla.Ohriaty vzduch m\u00f4\u017ee by\u0165 rozveden\u00fd a\u017e do dvoch susedn\u00fdch miestnost\u00ed. Syst\u00e9m Leonardo pre automatick\u00e9 riadenie spa\u013eovania peliet Synoptick\u00fd panel pre nastavenie z\u00e1kladn\u00fdch funkci\u00ed Ohnisko z liatiny Maxim\u00e1lne jednoduch\u00e1 \u00fadr\u017eba a \u010distenie [&hellip;]<\/p>\n","protected":false},"featured_media":3533,"comment_status":"open","ping_status":"closed","template":"","meta":[],"product_brand":[],"product_cat":[209,210],"product_tag":[],"class_list":{"0":"post-3546","1":"product","2":"type-product","3":"status-publish","4":"has-post-thumbnail","6":"product_cat-krbove-kachle-na-pelety","7":"product_cat-edilkamin-krbove-kachle-na-pelety","9":"first","10":"instock","11":"taxable","12":"shipping-taxable","13":"purchasable","14":"product-type-simple"},"_links":{"self":[{"href":"https:\/\/flamaecol.sk\/en\/wp-json\/wp\/v2\/product\/3546","targetHints":{"allow":["GET"]}}],"collection":[{"href":"https:\/\/flamaecol.sk\/en\/wp-json\/wp\/v2\/product"}],"about":[{"href":"https:\/\/flamaecol.sk\/en\/wp-json\/wp\/v2\/types\/product"}],"replies":[{"embeddable":true,"href":"https:\/\/flamaecol.sk\/en\/wp-json\/wp\/v2\/comments?post=3546"}],"wp:featuredmedia":[{"embeddable":true,"href":"https:\/\/flamaecol.sk\/en\/wp-json\/wp\/v2\/media\/3533"}],"wp:attachment":[{"href":"https:\/\/flamaecol.sk\/en\/wp-json\/wp\/v2\/media?parent=3546"}],"wp:term":[{"taxonomy":"product_brand","embeddable":true,"href":"https:\/\/flamaecol.sk\/en\/wp-json\/wp\/v2\/product_brand?post=3546"},{"taxonomy":"product_cat","embeddable":true,"href":"https:\/\/flamaecol.sk\/en\/wp-json\/wp\/v2\/product_cat?post=3546"},{"taxonomy":"product_tag","embeddable":true,"href":"https:\/\/flamaecol.sk\/en\/wp-json\/wp\/v2\/product_tag?post=3546"}],"curies":[{"name":"wp","href":"https:\/\/api.w.org\/{rel}","templated":true}]}}