{"id":3537,"date":"2015-09-05T13:46:57","date_gmt":"2015-09-05T11:46:57","guid":{"rendered":"https:\/\/flamaecol.sk\/produkt\/krbove-kachle-na-pelety-edilkamin-fantasy-3\/"},"modified":"2015-09-05T13:46:57","modified_gmt":"2015-09-05T11:46:57","slug":"krbove-kachle-na-pelety-edilkamin-fantasy-3","status":"publish","type":"product","link":"https:\/\/flamaecol.sk\/en\/produkt\/krbove-kachle-na-pelety-edilkamin-fantasy-3\/","title":{"rendered":"Fantasy"},"content":{"rendered":"<h4>Kachle na pelety Fantasy<\/h4>\n<h4><\/h4>\n<div>\n<div>Vysoko v\u00fdkonn\u00e9 kachle na pelety s inovat\u00edvnou technol\u00f3giou umo\u017e\u0148uj\u00fa v\u010faka ventil\u00e1toru s v\u00fdkonom 800 m3\/h rozvies\u0165 100% ohriateho vzduchu.<\/div>\n<div>Model s bokmi, vrchnou doskou a vlo\u017ekami z mastenca a \u010diernymi bezr\u00e1mov\u00fdmi sklenen\u00fdmi dvierkami.<\/div>\n<div>Ohriaty vzduch m\u00f4\u017ee by\u0165 rozveden\u00fd a\u017e do dvoch susedn\u00fdch miestnost\u00ed.<\/div>\n<div><\/div>\n<div>\n<ul>\n<li>Syst\u00e9m Leonardo pre automatick\u00e9 riadenie spa\u013eovania peliet<\/li>\n<li>Synoptick\u00fd panel pre nastavenie z\u00e1kladn\u00fdch funkci\u00ed<\/li>\n<li>Ohnisko z liatiny<\/li>\n<li>Maxim\u00e1lne jednoduch\u00e1 \u00fadr\u017eba a \u010distenie<\/li>\n<li>2 zadn\u00e9 v\u00fdstupy pre odvod tepl\u00e9ho vzduchu<\/li>\n<li>Dia\u013ekov\u00fd ovl\u00e1da\u010d s displejom<\/li>\n<\/ul>\n<\/div>\n<div><\/div>\n<div>DOPLNKOV\u00c9 PR\u00cdSLU\u0160ENSTVO:<\/div>\n<div>\u2022 Kit pre rozvod tepl\u00e9ho vzduchu.<\/div>\n<div><\/div>\n<div>Technick\u00e9 \u00fadaje<span class=\"Apple-tab-span\" style=\"white-space:pre\">\t\t<\/span>&nbsp;min\/max<span class=\"Apple-tab-span\" style=\"white-space:pre\">\t\t\t\t<\/span><\/div>\n<div>\u0161\u00edrka&nbsp;<span class=\"Apple-tab-span\" style=\"white-space:pre\">\t<\/span>cm&nbsp;<span class=\"Apple-tab-span\" style=\"white-space:pre\">\t<\/span>68<span class=\"Apple-tab-span\" style=\"white-space:pre\">\t\t\t\t<\/span><\/div>\n<div>hlbka<span class=\"Apple-tab-span\" style=\"white-space:pre\">\t<\/span>&nbsp;cm<span class=\"Apple-tab-span\" style=\"white-space:pre\">\t<\/span>&nbsp;53<span class=\"Apple-tab-span\" style=\"white-space:pre\">\t\t\t\t<\/span><\/div>\n<div>v\u00fd\u0161ka<span class=\"Apple-tab-span\" style=\"white-space:pre\">\t<\/span>&nbsp;cm<span class=\"Apple-tab-span\" style=\"white-space:pre\">\t<\/span>&nbsp;115<span class=\"Apple-tab-span\" style=\"white-space:pre\">\t\t\t\t<\/span><\/div>\n<div>u\u017eitocn\u00fd v\u00fdkon<span class=\"Apple-tab-span\" style=\"white-space:pre\">\t<\/span>&nbsp;kW<span class=\"Apple-tab-span\" style=\"white-space:pre\">\t<\/span>&nbsp;5,1\/13,2<span class=\"Apple-tab-span\" style=\"white-space:pre\">\t\t\t\t<\/span><\/div>\n<div>\u00facinnost<span class=\"Apple-tab-span\" style=\"white-space:pre\">\t<\/span>&nbsp;%<span class=\"Apple-tab-span\" style=\"white-space:pre\">\t<\/span>&nbsp;92,5<span class=\"Apple-tab-span\" style=\"white-space:pre\">\t\t\t\t<\/span><\/div>\n<div>spotreba peliet<span class=\"Apple-tab-span\" style=\"white-space:pre\">\t<\/span>&nbsp;kg\/h<span class=\"Apple-tab-span\" style=\"white-space:pre\">\t<\/span>&nbsp;1,1\/2,9<span class=\"Apple-tab-span\" style=\"white-space:pre\">\t\t\t\t<\/span><\/div>\n<div>z\u00e1sobn\u00edk na pelety<span class=\"Apple-tab-span\" style=\"white-space:pre\">\t<\/span>&nbsp;kg&nbsp;<span class=\"Apple-tab-span\" style=\"white-space:pre\">\t<\/span>23,5<span class=\"Apple-tab-span\" style=\"white-space:pre\">\t\t\t\t<\/span><\/div>\n<div>samostatn\u00fd chod&nbsp;<span class=\"Apple-tab-span\" style=\"white-space:pre\">\t<\/span>h.&nbsp;7\/18,5<span class=\"Apple-tab-span\" style=\"white-space:pre\">\t\t\t\t<\/span><\/div>\n<div>\u00d8 dymovod<span class=\"Apple-tab-span\" style=\"white-space:pre\">\t<\/span>&nbsp;cm<span class=\"Apple-tab-span\" style=\"white-space:pre\">\t<\/span>&nbsp;8<span class=\"Apple-tab-span\" style=\"white-space:pre\">\t\t\t\t<\/span><\/div>\n<div>\u00d8 pr\u00edvod vzduchu&nbsp;<span class=\"Apple-tab-span\" style=\"white-space:pre\">\t<\/span>cm<span class=\"Apple-tab-span\" style=\"white-space:pre\">\t<\/span>&nbsp;4<span class=\"Apple-tab-span\" style=\"white-space:pre\">\t\t\t\t<\/span><\/div>\n<div>celkov\u00e1 hmotnost<span class=\"Apple-tab-span\" style=\"white-space:pre\">\t<\/span>&nbsp;kg&nbsp;<span class=\"Apple-tab-span\" style=\"white-space:pre\">\t<\/span>287<span class=\"Apple-tab-span\" style=\"white-space:pre\">\t\t\t\t<\/span><\/div>\n<div>vykurovan\u00fd priestor&nbsp;<span class=\"Apple-tab-span\" style=\"white-space:pre\">\t<\/span>m\u00b3<span class=\"Apple-tab-span\" style=\"white-space:pre\">\t<\/span>&nbsp;345<\/div>\n<\/div>\n<div><\/div>\n<div>Syst\u00e9my Leonardo a Galileo riadia automatick\u00e9 spa\u013eovanie peliet. Neust\u00e1le meraj\u00fa z\u00e1kladn\u00e9 parametre horenia, ktor\u00e9 s\u00fa ovplyvnen\u00e9:<\/div>\n<div><\/div>\n<div>\n<ul>\n<li>vlastnos\u0165ami dymovodu<\/li>\n<\/ul>\n<\/div>\n<div>&nbsp; &nbsp; &nbsp; &nbsp; &nbsp; &nbsp; &nbsp;(zakrivenie, d\u013a\u017eka, forma, priemer ..)<\/div>\n<div>\n<ul>\n<li>podmienkami prostredia<\/li>\n<\/ul>\n<\/div>\n<div>&nbsp; &nbsp; &nbsp; &nbsp; &nbsp; &nbsp; &nbsp;(vietor, atmosf\u00e9rick\u00fd tlak, in\u0161tal\u00e1cia vo ve\u013ekej v\u00fd\u0161ke &#8230;)<\/div>\n<div>\n<ul>\n<li>vlastnos\u0165ami peliet<\/li>\n<\/ul>\n<\/div>\n<div>&nbsp; &nbsp; &nbsp; &nbsp; &nbsp; &nbsp; &nbsp;(typ dreva, hustota, stupe\u0148 vlhkosti &#8230;)<\/div>\n<div><\/div>\n<div>a zasahuj\u00fa tak, aby zaistili optim\u00e1lny v\u00fdkon a spotrebu peliet.<\/div>\n<div><\/div>\n<div>\n<div>KACHLE NA PELETY ZNA\u010cKY EDILKAMIN: TEPLO A \u00daSPORA, KTOR\u00c9 SI M\u00d4\u017dETE NAPROGRAMOVA\u0164.<\/div>\n<div>Kachle na pelety ohrievaj\u00fa vzduch na vykurovanie miestnosti, kde s\u00fa nain\u0161talovan\u00e9, alebo v pr\u00edpade niektor\u00fdch modelov aj pri\u013eahl\u00e9 miestnosti (pomocou teplovzdu\u0161n\u00fdch rozvodov).<\/div>\n<div>V\u010faka n\u00faten\u00e9mu od\u0165ahu spal\u00edn a mal\u00fdm rozmerom sa kachle na pelety m\u00f4\u017eu \u013eahko nain\u0161talova\u0165 s dymovodom aj v inej, ne\u017e centr\u00e1lnej polohe.<\/div>\n<div>Kachle na pelety zna\u010dky Edilkamin v\u010faka \u0161irokej \u0161k\u00e1le modelov pon\u00fakaj\u00fa nespo\u010detn\u00e9 mno\u017estvo mo\u017enost\u00ed z h\u013eadiska v\u00fdkonu, ve\u013ekosti a designu, a s\u00fa preto ide\u00e1lne ako pre tradi\u010dn\u00e9, tak aj pre modern\u00e9 priestory.Pokrokov\u00e1 technol\u00f3gia peletov\u00fdch kachl\u00ed Edilkamin zais\u0165uje bezpe\u010dnos\u0165, programovate\u013enos\u0165 a dlh\u00fa prev\u00e1dzkov\u00fa auton\u00f3miu.<\/div>\n<div>Pelety s\u00fa jedn\u00fdm z najekonomickej\u0161\u00edch pal\u00edv a umo\u017e\u0148uj\u00fa zna\u010dn\u00e9 \u00faspory n\u00e1kladov na vykurovanie.<\/div>\n<\/div>\n","protected":false},"excerpt":{"rendered":"<p>Kachle na pelety Fantasy Vysoko v\u00fdkonn\u00e9 kachle na pelety s inovat\u00edvnou technol\u00f3giou umo\u017e\u0148uj\u00fa v\u010faka ventil\u00e1toru s v\u00fdkonom 800 m3\/h rozvies\u0165 100% ohriateho vzduchu. Model s bokmi, vrchnou doskou a vlo\u017ekami z mastenca a \u010diernymi bezr\u00e1mov\u00fdmi sklenen\u00fdmi dvierkami. Ohriaty vzduch m\u00f4\u017ee by\u0165 rozveden\u00fd a\u017e do dvoch susedn\u00fdch miestnost\u00ed. Syst\u00e9m Leonardo pre automatick\u00e9 riadenie spa\u013eovania peliet Synoptick\u00fd [&hellip;]<\/p>\n","protected":false},"featured_media":3528,"comment_status":"open","ping_status":"closed","template":"","meta":[],"product_brand":[],"product_cat":[209,210],"product_tag":[],"class_list":{"0":"post-3537","1":"product","2":"type-product","3":"status-publish","4":"has-post-thumbnail","6":"product_cat-krbove-kachle-na-pelety","7":"product_cat-edilkamin-krbove-kachle-na-pelety","9":"first","10":"onbackorder","11":"taxable","12":"shipping-taxable","13":"purchasable","14":"product-type-simple"},"_links":{"self":[{"href":"https:\/\/flamaecol.sk\/en\/wp-json\/wp\/v2\/product\/3537","targetHints":{"allow":["GET"]}}],"collection":[{"href":"https:\/\/flamaecol.sk\/en\/wp-json\/wp\/v2\/product"}],"about":[{"href":"https:\/\/flamaecol.sk\/en\/wp-json\/wp\/v2\/types\/product"}],"replies":[{"embeddable":true,"href":"https:\/\/flamaecol.sk\/en\/wp-json\/wp\/v2\/comments?post=3537"}],"wp:featuredmedia":[{"embeddable":true,"href":"https:\/\/flamaecol.sk\/en\/wp-json\/wp\/v2\/media\/3528"}],"wp:attachment":[{"href":"https:\/\/flamaecol.sk\/en\/wp-json\/wp\/v2\/media?parent=3537"}],"wp:term":[{"taxonomy":"product_brand","embeddable":true,"href":"https:\/\/flamaecol.sk\/en\/wp-json\/wp\/v2\/product_brand?post=3537"},{"taxonomy":"product_cat","embeddable":true,"href":"https:\/\/flamaecol.sk\/en\/wp-json\/wp\/v2\/product_cat?post=3537"},{"taxonomy":"product_tag","embeddable":true,"href":"https:\/\/flamaecol.sk\/en\/wp-json\/wp\/v2\/product_tag?post=3537"}],"curies":[{"name":"wp","href":"https:\/\/api.w.org\/{rel}","templated":true}]}}