{"id":3529,"date":"2015-09-05T13:38:41","date_gmt":"2015-09-05T11:38:41","guid":{"rendered":"https:\/\/flamaecol.sk\/produkt\/krbove-kachle-na-pelety-edilkamin-classica-plus-3\/"},"modified":"2015-09-05T13:38:41","modified_gmt":"2015-09-05T11:38:41","slug":"krbove-kachle-na-pelety-edilkamin-classica-plus-3","status":"publish","type":"product","link":"https:\/\/flamaecol.sk\/en\/produkt\/krbove-kachle-na-pelety-edilkamin-classica-plus-3\/","title":{"rendered":"Classica Plus"},"content":{"rendered":"<h4>Kachle na pelety Classica Plus<\/h4>\n<h4><\/h4>\n<div>\n<div>Kachle na pelety s dvierkami, ro\u0161tom a v\u00fdvodom tepl\u00e9ho vzduchu z liatiny. Predn\u00e9 a bo\u010dn\u00e9 obklady z keramiky s\u00fa dostupn\u00e9 v troch farb\u00e1ch: bordovej, vo farbe ko\u017ee a pergamenu.<\/div>\n<div>Model s teplovzdu\u0161n\u00fdmi rozvodmi umo\u017e\u0148uje prostredn\u00edctvom ventil\u00e1tora privies\u0165 ohriaty vzduch tie\u017e do jednej pri\u013eahlej (kit 12) alebo vzdialenej (kit 12 bis) miestnosti.<\/div>\n<div><\/div>\n<div>\n<ul>\n<li>Ohnisko z vermikulitu<\/li>\n<li>Synoptick\u00fd panel s displejom<\/li>\n<\/ul>\n<\/div>\n<div><\/div>\n<div>DOPLNKOV\u00c9 PR\u00cdSLU\u0160ENSTVO:<\/div>\n<div>\n<ul>\n<li>Dia\u013ekov\u00fd ovl\u00e1da\u010d<\/li>\n<li>Kit 12 \/ 12bis na rozvod tepl\u00e9ho vzduchu<\/li>\n<\/ul>\n<\/div>\n<div><\/div>\n<div>Technick\u00e9 \u00fadaje<span class=\"Apple-tab-span\" style=\"white-space:pre\">\t\t<\/span>&nbsp; &nbsp;min\/max<span class=\"Apple-tab-span\" style=\"white-space:pre\">\t\t\t\t<\/span><\/div>\n<div>\u0161\u00edrka<span class=\"Apple-tab-span\" style=\"white-space:pre\">\t<\/span>&nbsp;cm<span class=\"Apple-tab-span\" style=\"white-space:pre\">\t<\/span>&nbsp;51<span class=\"Apple-tab-span\" style=\"white-space:pre\">\t\t\t\t<\/span><\/div>\n<div>hlbka&nbsp;<span class=\"Apple-tab-span\" style=\"white-space:pre\">\t<\/span>cm<span class=\"Apple-tab-span\" style=\"white-space:pre\">\t<\/span>&nbsp;56<span class=\"Apple-tab-span\" style=\"white-space:pre\">\t\t\t\t<\/span><\/div>\n<div>v\u00fd\u0161ka<span class=\"Apple-tab-span\" style=\"white-space:pre\">\t<\/span>&nbsp;cm&nbsp;<span class=\"Apple-tab-span\" style=\"white-space:pre\">\t<\/span>95<span class=\"Apple-tab-span\" style=\"white-space:pre\">\t\t\t\t<\/span><\/div>\n<div>u\u017eitocn\u00fd v\u00fdkon<span class=\"Apple-tab-span\" style=\"white-space:pre\">\t<\/span>&nbsp;kW<span class=\"Apple-tab-span\" style=\"white-space:pre\">\t<\/span>&nbsp;2,4\/8<span class=\"Apple-tab-span\" style=\"white-space:pre\">\t\t\t\t<\/span><\/div>\n<div>\u00facinnost<span class=\"Apple-tab-span\" style=\"white-space:pre\">\t<\/span>&nbsp;%<span class=\"Apple-tab-span\" style=\"white-space:pre\">\t<\/span>&nbsp;91,5<span class=\"Apple-tab-span\" style=\"white-space:pre\">\t\t\t\t<\/span><\/div>\n<div>spotreba peliet<span class=\"Apple-tab-span\" style=\"white-space:pre\">\t<\/span>&nbsp;kg\/h<span class=\"Apple-tab-span\" style=\"white-space:pre\">\t<\/span>&nbsp;0,6\/1,6<span class=\"Apple-tab-span\" style=\"white-space:pre\">\t\t\t\t<\/span><\/div>\n<div>z\u00e1sobn\u00edk na pelety<span class=\"Apple-tab-span\" style=\"white-space:pre\">\t<\/span>&nbsp;kg<span class=\"Apple-tab-span\" style=\"white-space:pre\">\t<\/span>&nbsp;15<span class=\"Apple-tab-span\" style=\"white-space:pre\">\t\t\t\t<\/span><\/div>\n<div>samostatn\u00fd chod<span class=\"Apple-tab-span\" style=\"white-space:pre\">\t<\/span>&nbsp;h<span class=\"Apple-tab-span\" style=\"white-space:pre\">\t<\/span>.&nbsp;6,5\/20<span class=\"Apple-tab-span\" style=\"white-space:pre\">\t\t\t\t<\/span><\/div>\n<div>\u00d8 dymovod<span class=\"Apple-tab-span\" style=\"white-space:pre\">\t<\/span>&nbsp;cm<span class=\"Apple-tab-span\" style=\"white-space:pre\">\t<\/span>&nbsp;8<span class=\"Apple-tab-span\" style=\"white-space:pre\">\t\t\t\t<\/span><\/div>\n<div>\u00d8 pr\u00edvod vzduchu<span class=\"Apple-tab-span\" style=\"white-space:pre\">\t<\/span>&nbsp;cm<span class=\"Apple-tab-span\" style=\"white-space:pre\">\t<\/span>&nbsp;4<span class=\"Apple-tab-span\" style=\"white-space:pre\">\t\t\t\t<\/span><\/div>\n<div>celkov\u00e1 hmotnost&nbsp;kg<span class=\"Apple-tab-span\" style=\"white-space:pre\">\t<\/span>153<span class=\"Apple-tab-span\" style=\"white-space:pre\">\t\t\t\t<\/span><\/div>\n<div>vykurovan\u00fd priestor&nbsp;m\u00b3<span class=\"Apple-tab-span\" style=\"white-space:pre\">\t<\/span>&nbsp;210<\/div>\n<\/div>\n<div><\/div>\n<div>\n<div>KACHLE NA PELETY ZNA\u010cKY EDILKAMIN: TEPLO A \u00daSPORA, KTOR\u00c9 SI M\u00d4\u017dETE NAPROGRAMOVA\u0164.<\/div>\n<div>Kachle na pelety ohrievaj\u00fa vzduch na vykurovanie miestnosti, kde s\u00fa nain\u0161talovan\u00e9, alebo v pr\u00edpade niektor\u00fdch modelov aj pri\u013eahl\u00e9 miestnosti (pomocou teplovzdu\u0161n\u00fdch rozvodov).<\/div>\n<div>V\u010faka n\u00faten\u00e9mu od\u0165ahu spal\u00edn a mal\u00fdm rozmerom sa kachle na pelety m\u00f4\u017eu \u013eahko nain\u0161talova\u0165 s dymovodom aj v inej, ne\u017e centr\u00e1lnej polohe.<\/div>\n<div>Kachle na pelety zna\u010dky Edilkamin v\u010faka \u0161irokej \u0161k\u00e1le modelov pon\u00fakaj\u00fa nespo\u010detn\u00e9 mno\u017estvo mo\u017enost\u00ed z h\u013eadiska v\u00fdkonu, ve\u013ekosti a designu, a s\u00fa preto ide\u00e1lne ako pre tradi\u010dn\u00e9, tak aj pre modern\u00e9 priestory.Pokrokov\u00e1 technol\u00f3gia peletov\u00fdch kachl\u00ed Edilkamin zais\u0165uje bezpe\u010dnos\u0165, programovate\u013enos\u0165 a dlh\u00fa prev\u00e1dzkov\u00fa auton\u00f3miu.<\/div>\n<div>Pelety s\u00fa jedn\u00fdm z najekonomickej\u0161\u00edch pal\u00edv a umo\u017e\u0148uj\u00fa zna\u010dn\u00e9 \u00faspory n\u00e1kladov na vykurovanie.<\/div>\n<\/div>\n","protected":false},"excerpt":{"rendered":"<p>Kachle na pelety Classica Plus Kachle na pelety s dvierkami, ro\u0161tom a v\u00fdvodom tepl\u00e9ho vzduchu z liatiny. Predn\u00e9 a bo\u010dn\u00e9 obklady z keramiky s\u00fa dostupn\u00e9 v troch farb\u00e1ch: bordovej, vo farbe ko\u017ee a pergamenu. Model s teplovzdu\u0161n\u00fdmi rozvodmi umo\u017e\u0148uje prostredn\u00edctvom ventil\u00e1tora privies\u0165 ohriaty vzduch tie\u017e do jednej pri\u013eahlej (kit 12) alebo vzdialenej (kit 12 bis) [&hellip;]<\/p>\n","protected":false},"featured_media":3517,"comment_status":"open","ping_status":"closed","template":"","meta":[],"product_brand":[],"product_cat":[209,210],"product_tag":[],"class_list":{"0":"post-3529","1":"product","2":"type-product","3":"status-publish","4":"has-post-thumbnail","6":"product_cat-krbove-kachle-na-pelety","7":"product_cat-edilkamin-krbove-kachle-na-pelety","9":"first","10":"instock","11":"taxable","12":"shipping-taxable","13":"purchasable","14":"product-type-simple"},"_links":{"self":[{"href":"https:\/\/flamaecol.sk\/en\/wp-json\/wp\/v2\/product\/3529","targetHints":{"allow":["GET"]}}],"collection":[{"href":"https:\/\/flamaecol.sk\/en\/wp-json\/wp\/v2\/product"}],"about":[{"href":"https:\/\/flamaecol.sk\/en\/wp-json\/wp\/v2\/types\/product"}],"replies":[{"embeddable":true,"href":"https:\/\/flamaecol.sk\/en\/wp-json\/wp\/v2\/comments?post=3529"}],"wp:featuredmedia":[{"embeddable":true,"href":"https:\/\/flamaecol.sk\/en\/wp-json\/wp\/v2\/media\/3517"}],"wp:attachment":[{"href":"https:\/\/flamaecol.sk\/en\/wp-json\/wp\/v2\/media?parent=3529"}],"wp:term":[{"taxonomy":"product_brand","embeddable":true,"href":"https:\/\/flamaecol.sk\/en\/wp-json\/wp\/v2\/product_brand?post=3529"},{"taxonomy":"product_cat","embeddable":true,"href":"https:\/\/flamaecol.sk\/en\/wp-json\/wp\/v2\/product_cat?post=3529"},{"taxonomy":"product_tag","embeddable":true,"href":"https:\/\/flamaecol.sk\/en\/wp-json\/wp\/v2\/product_tag?post=3529"}],"curies":[{"name":"wp","href":"https:\/\/api.w.org\/{rel}","templated":true}]}}