{"id":3525,"date":"2015-09-05T13:28:30","date_gmt":"2015-09-05T11:28:30","guid":{"rendered":"https:\/\/flamaecol.sk\/produkt\/krbove-kachle-na-pelety-edilkamin-classica-2\/"},"modified":"2025-01-12T14:30:30","modified_gmt":"2025-01-12T12:30:30","slug":"krbove-kachle-na-pelety-edilkamin-classica-2","status":"publish","type":"product","link":"https:\/\/flamaecol.sk\/en\/produkt\/krbove-kachle-na-pelety-edilkamin-classica-2\/","title":{"rendered":"Classica"},"content":{"rendered":"<h4>Kachle na pelety Classica<\/h4>\n<h4><\/h4>\n<div>\n<div>Kachle na pelety s dvierkami, ro\u0161tom a v\u00fdvodom tepl\u00e9ho vzduchu z liatiny.<\/div>\n<div>Predn\u00e9 a bo\u010dn\u00e9 obklady z keramiky s\u00fa dostupn\u00e9 v troch farb\u00e1ch: bordovej, vo farbe ko\u017ee a pergamenu.<\/div>\n<div><\/div>\n<div>\n<ul>\n<li>Ohnisko z vermikulitu<\/li>\n<li>Synoptick\u00fd panel s displejom<\/li>\n<\/ul>\n<\/div>\n<div>DOPLNKOV\u00c9 PR\u00cdSLU\u0160ENSTVO:<\/div>\n<div>\n<ul>\n<li>Dia\u013ekov\u00fd ovl\u00e1da\u010d<\/li>\n<\/ul>\n<\/div>\n<div><\/div>\n<div>Technick\u00e9 \u00fadaje\u00a0 \u00a0\u00a0min\/max<\/div>\n<div>\u0161\u00edrka\u00a0cm\u00a051<\/div>\n<div>hlbka\u00a0cm\u00a056<\/div>\n<div>v\u00fd\u0161ka\u00a0cm\u00a095<\/div>\n<div>u\u017eitocn\u00fd v\u00fdkon\u00a0kW\u00a02,4\/8<\/div>\n<div>\u00facinnost\u00a0%\u00a090,1<\/div>\n<div>spotreba peliet\u00a0kg\/h\u00a00,5\/1,85<\/div>\n<div>z\u00e1sobn\u00edk na pelety\u00a0kg\u00a015<\/div>\n<div>samostatn\u00fd chod\u00a0h.\u00a06\/24<\/div>\n<div>\u00d8 dymovod\u00a0cm\u00a08<\/div>\n<div>\u00d8 pr\u00edvod vzduchu\u00a0cm\u00a04<\/div>\n<div>celkov\u00e1 hmotnost\u00a0kg\u00a0151<\/div>\n<div>vykurovan\u00fd priestor\u00a0m\u00b3\u00a0210<\/div>\n<\/div>\n<div><\/div>\n<div>\n<div>KACHLE NA PELETY ZNA\u010cKY EDILKAMIN: TEPLO A \u00daSPORA, KTOR\u00c9 SI M\u00d4\u017dETE NAPROGRAMOVA\u0164.<\/div>\n<div>Kachle na pelety ohrievaj\u00fa vzduch na vykurovanie miestnosti, kde s\u00fa nain\u0161talovan\u00e9, alebo v pr\u00edpade niektor\u00fdch modelov aj pri\u013eahl\u00e9 miestnosti (pomocou teplovzdu\u0161n\u00fdch rozvodov).<\/div>\n<div>V\u010faka n\u00faten\u00e9mu od\u0165ahu spal\u00edn a mal\u00fdm rozmerom sa kachle na pelety m\u00f4\u017eu \u013eahko nain\u0161talova\u0165 s dymovodom aj v inej, ne\u017e centr\u00e1lnej polohe.<\/div>\n<div>Kachle na pelety zna\u010dky Edilkamin v\u010faka \u0161irokej \u0161k\u00e1le modelov pon\u00fakaj\u00fa nespo\u010detn\u00e9 mno\u017estvo mo\u017enost\u00ed z h\u013eadiska v\u00fdkonu, ve\u013ekosti a designu, a s\u00fa preto ide\u00e1lne ako pre tradi\u010dn\u00e9, tak aj pre modern\u00e9 priestory.Pokrokov\u00e1 technol\u00f3gia peletov\u00fdch kachl\u00ed Edilkamin zais\u0165uje bezpe\u010dnos\u0165, programovate\u013enos\u0165 a dlh\u00fa prev\u00e1dzkov\u00fa auton\u00f3miu.<\/div>\n<div>Pelety s\u00fa jedn\u00fdm z najekonomickej\u0161\u00edch pal\u00edv a umo\u017e\u0148uj\u00fa zna\u010dn\u00e9 \u00faspory n\u00e1kladov na vykurovanie.<\/div>\n<div><span style=\"color: #ff0000;\">Akcia plat\u00ed pre farbu Pergamena<\/span><\/div>\n<\/div>\n","protected":false},"excerpt":{"rendered":"<p>Kachle na pelety Classica Kachle na pelety s dvierkami, ro\u0161tom a v\u00fdvodom tepl\u00e9ho vzduchu z liatiny. Predn\u00e9 a bo\u010dn\u00e9 obklady z keramiky s\u00fa dostupn\u00e9 v troch farb\u00e1ch: bordovej, vo farbe ko\u017ee a pergamenu. Ohnisko z vermikulitu Synoptick\u00fd panel s displejom DOPLNKOV\u00c9 PR\u00cdSLU\u0160ENSTVO: Dia\u013ekov\u00fd ovl\u00e1da\u010d Technick\u00e9 \u00fadaje\u00a0 \u00a0\u00a0min\/max \u0161\u00edrka\u00a0cm\u00a051 hlbka\u00a0cm\u00a056 v\u00fd\u0161ka\u00a0cm\u00a095 u\u017eitocn\u00fd v\u00fdkon\u00a0kW\u00a02,4\/8 \u00facinnost\u00a0%\u00a090,1 spotreba peliet\u00a0kg\/h\u00a00,5\/1,85 [&hellip;]<\/p>\n","protected":false},"featured_media":3517,"comment_status":"closed","ping_status":"closed","template":"","meta":[],"product_brand":[],"product_cat":[209,210],"product_tag":[],"class_list":{"0":"post-3525","1":"product","2":"type-product","3":"status-publish","4":"has-post-thumbnail","6":"product_cat-krbove-kachle-na-pelety","7":"product_cat-edilkamin-krbove-kachle-na-pelety","9":"first","10":"instock","11":"taxable","12":"shipping-taxable","13":"purchasable","14":"product-type-simple"},"_links":{"self":[{"href":"https:\/\/flamaecol.sk\/en\/wp-json\/wp\/v2\/product\/3525","targetHints":{"allow":["GET"]}}],"collection":[{"href":"https:\/\/flamaecol.sk\/en\/wp-json\/wp\/v2\/product"}],"about":[{"href":"https:\/\/flamaecol.sk\/en\/wp-json\/wp\/v2\/types\/product"}],"replies":[{"embeddable":true,"href":"https:\/\/flamaecol.sk\/en\/wp-json\/wp\/v2\/comments?post=3525"}],"wp:featuredmedia":[{"embeddable":true,"href":"https:\/\/flamaecol.sk\/en\/wp-json\/wp\/v2\/media\/3517"}],"wp:attachment":[{"href":"https:\/\/flamaecol.sk\/en\/wp-json\/wp\/v2\/media?parent=3525"}],"wp:term":[{"taxonomy":"product_brand","embeddable":true,"href":"https:\/\/flamaecol.sk\/en\/wp-json\/wp\/v2\/product_brand?post=3525"},{"taxonomy":"product_cat","embeddable":true,"href":"https:\/\/flamaecol.sk\/en\/wp-json\/wp\/v2\/product_cat?post=3525"},{"taxonomy":"product_tag","embeddable":true,"href":"https:\/\/flamaecol.sk\/en\/wp-json\/wp\/v2\/product_tag?post=3525"}],"curies":[{"name":"wp","href":"https:\/\/api.w.org\/{rel}","templated":true}]}}